{"id":754,"date":"2023-03-24T20:52:07","date_gmt":"2023-03-24T20:52:07","guid":{"rendered":"https:\/\/cicamanuka.ca\/?post_type=product&#038;p=754"},"modified":"2024-04-04T19:16:51","modified_gmt":"2024-04-04T19:16:51","slug":"creme-reparatrice","status":"publish","type":"product","link":"https:\/\/cicamanuka.ca\/fr\/produit\/creme-reparatrice\/","title":{"rendered":"Cr\u00e8me r\u00e9paratrice"},"content":{"rendered":"<p><strong>B\u00e9n\u00e9fices :<\/strong><\/p>\n<ul>\n<li>Apaise durablement<\/li>\n<li>Procure une sensation de confort imm\u00e9diat<\/li>\n<li>Pour les peaux s\u00e8ches, ab\u00eem\u00e9es** et sensibles<\/li>\n<li>Test\u00e9 sous contr\u00f4le dermatologique<\/li>\n<\/ul>\n<p><strong>Formule certifi\u00e9e :\u00a0<\/strong><\/p>\n<ul>\n<li>100% du total des ingr\u00e9dients sont d\u2019origine naturelle<\/li>\n<li>Test\u00e9e sous contr\u00f4le dermatologique<\/li>\n<li>Pour toute la famille d\u00e8s 3 ans<\/li>\n<\/ul>\n<p><strong>Son +<\/strong>\u00a0:\u00a0Haute concentration de 40% miel de Manuka actif<\/p>\n<hr \/>\n<p>Compos\u00e9e \u00e0 100% d\u2019ingr\u00e9dients d\u2019origine naturelle dont\u00a0<strong>40% de miel de Manuka IAA 10+<\/strong>, la cr\u00e8me r\u00e9paratrice\u00a0<strong>favorise la r\u00e9paration cutan\u00e9e et pr\u00e9serve la peau de la d\u00e9shydratation<\/strong>. Elle soulage durablement les inconforts,\u00a0<strong>prot\u00e8ge et apaise<\/strong>\u00a0la peau d\u00e8s l\u2019application, pour une sensation de\u00a0<strong>confort imm\u00e9diat<\/strong>. Le miel de Manuka aux propri\u00e9t\u00e9s protectrices et r\u00e9paratrices favorise la r\u00e9paration de l\u2019\u00e9piderme*, adoucit la peau et la nourrit durablement.<\/p>\n<p>Sa\u00a0<strong>texture riche<\/strong>\u00a0procure un effet filmog\u00e8ne qui pr\u00e9serve la peau de la d\u00e9shydratation.<\/p>\n<p>Gr\u00e2ce \u00e0 son\u00a0<strong>embout applicateur haute pr\u00e9cision<\/strong>, vous pouvez appliquer une dose adapt\u00e9e de mani\u00e8re cibl\u00e9e sur la zone d\u2019inconfort.<\/p>\n<p><strong>Miel de Manuka IAA\u00ae<\/strong> : favorise la r\u00e9paration de l\u2019\u00e9piderme, adoucit et nourrit la peau<br \/>\n<strong>Huile de jojoba bio<\/strong> : prot\u00e8ge et pr\u00e9serve la peau de la d\u00e9shydratation<br \/>\n<strong>Beurre de karit\u00e9 bio<\/strong> : nourrit et prot\u00e8ge l\u2019\u00e9piderme<br \/>\n<strong>Huile de macadamia bio<\/strong> : nourrit et prot\u00e8ge les peaux sensibles<br \/>\n<strong>Squalane v\u00e9g\u00e9tal<\/strong> (partie insaponifiable de l\u2019huile d\u2019olive hydrog\u00e9n\u00e9e) : r\u00e9pare et hydrate<\/p>\n<p>*couche sup\u00e9rieur<\/p>\n<hr \/>\n<p><strong>L\u2019indice IAA\u00ae<\/strong> vous garanti une activit\u00e9 unique du miel de Manuka et une concentration exceptionnelle en m\u00e9thylglyoxal (MGO).<\/p>\n<p>L\u2019activit\u00e9 du miel de Manuka IAA\u00ae utilis\u00e9 dans l\u2019\u00e9laboration de nos formules est donc garantie scientifiquement par cet indice reconnu en France et en Europe.<\/p>\n<hr \/>\n<p><strong>UTILISATION :<\/strong><\/p>\n<p>Appliquer une dose adapt\u00e9e de mani\u00e8re cibl\u00e9e sur la zone d\u2019inconfort en massant l\u00e9g\u00e8rement. Sans rin\u00e7age. Renouveler si n\u00e9cessaire.<\/p>\n<p>R\u00e9serv\u00e9 \u00e0 l\u2019usage externe. \u00c9viter le contact avec les yeux. Conserver \u00e0 l\u2019abri de la chaleur. <strong>Ne pas appliquer<\/strong> sur les peaux l\u00e9s\u00e9es. <strong>Ne pas utiliser<\/strong> chez l\u2019enfant de moins de 3 ans.<\/p>\n<hr \/>\n<p><strong>INGR\u00c9DIENTS :<\/strong><\/p>\n<p>MEL\/HONEY\/MIEL, AQUA, SIMMONDSIA CHINENSIS (JOJOBA) SEED OIL*, BUTYROSPERMUM PARKII (SHEA) BUTTER*, MACADAMIA INTEGRIFOLIA SEED OIL*, GLYCERYL STEARATE, SQUALANE, SODIUM STEAROYL GLUTAMATE, LEVULINIC ACID, PHENETHYL ALCOHOL, XANTHAN GUM, BISABOLOL, GLYCERIN, SODIUM LEVULINATE, TOCOPHEROL, CITRIC ACID.<\/p>\n<p>*ingr\u00e9dients issus de l&rsquo;agriculture biologique<\/p>\n<p><strong><span title=\"\">100% du total des ingr\u00e9dients sont d&rsquo;origine naturelle<\/span><\/strong><br \/>\n<strong><span title=\"\">20% du total des ingr\u00e9dients sont issus de l&rsquo;agriculture biologique<\/span><\/strong><\/p>\n<hr \/>\n<p><strong>Formul\u00e9 sans allerg\u00e8ne<\/strong> (selon la liste des 26 allerg\u00e8nes r\u00e9glement\u00e9s en cosm\u00e9tique).<\/p>\n<p><strong>Cosm\u00e9tique \u00c9cologique et Biologique<\/strong> certifi\u00e9 par\u00a0<strong>Ecocert<\/strong> Greenlife selon le r\u00e9f\u00e9rentiel ECOCERT disponible sur : http:\/\/cosmetiques.ecocert.com<\/p>\n<p>Nos emballages en papier-carton sont certifi\u00e9 FSC\u00ae et respectueux de l\u2019environnement, fabriqu\u00e9s \u00e0 partir de 100% de mati\u00e8res et de fibres recycl\u00e9s.<\/p>\n","protected":false},"excerpt":{"rendered":"<p><strong>R\u00c9PARE &#8211; ASSAINIT &#8211; APAISE<br \/>\n<\/strong> Peaux ab\u00eem\u00e9es, irrit\u00e9es, dess\u00e9ch\u00e9es<\/p>\n<p>40% de miel de Manuka<br \/>\n100% d&rsquo;ingr\u00e9dients d&rsquo;origine naturelle<\/p>\n<p>40 ml<\/p>\n","protected":false},"featured_media":602,"comment_status":"open","ping_status":"closed","template":"","meta":{"_acf_changed":false},"product_brand":[],"product_cat":[106,102,100,101],"product_tag":[],"class_list":{"0":"post-754","1":"product","2":"type-product","3":"status-publish","4":"has-post-thumbnail","6":"product_cat-creme-reparatrice-naturelle","7":"product_cat-produits-miel-de-manuka","8":"product_cat-soins-du-corps","9":"product_cat-soins-du-visage","10":"sales-flash-overlay","11":"woocommerce-text-align-center","12":"woocommerce-image-align-center","13":"do-quantity-buttons","15":"first","16":"instock","17":"taxable","18":"shipping-taxable","19":"purchasable","20":"product-type-simple"},"acf":[],"yoast_head":"<!-- This site is optimized with the Yoast SEO plugin v25.3 - https:\/\/yoast.com\/wordpress\/plugins\/seo\/ -->\n<title>Cr\u00e8me r\u00e9paratrice - Cica Manuka<\/title>\n<meta name=\"robots\" content=\"index, follow, max-snippet:-1, max-image-preview:large, max-video-preview:-1\" \/>\n<link rel=\"canonical\" href=\"https:\/\/cicamanuka.ca\/fr\/produit\/creme-reparatrice\/\" \/>\n<meta property=\"og:locale\" content=\"fr_FR\" \/>\n<meta property=\"og:type\" content=\"article\" \/>\n<meta property=\"og:title\" content=\"Cr\u00e8me r\u00e9paratrice - Cica Manuka\" \/>\n<meta property=\"og:description\" content=\"R\u00c9PARE - ASSAINIT - APAISE  Peaux ab\u00eem\u00e9es, irrit\u00e9es, dess\u00e9ch\u00e9es  40% de miel de Manuka 100% d&#039;ingr\u00e9dients d&#039;origine naturelle  40 ml\" \/>\n<meta property=\"og:url\" content=\"https:\/\/cicamanuka.ca\/fr\/produit\/creme-reparatrice\/\" \/>\n<meta property=\"og:site_name\" content=\"Cica Manuka\" \/>\n<meta property=\"article:modified_time\" content=\"2024-04-04T19:16:51+00:00\" \/>\n<meta property=\"og:image\" content=\"https:\/\/cicamanuka.ca\/wp-content\/uploads\/2023\/03\/Cika-Manuka-Honey-Based-Repair-Cream.png\" \/>\n\t<meta property=\"og:image:width\" content=\"2000\" \/>\n\t<meta property=\"og:image:height\" content=\"1500\" \/>\n\t<meta property=\"og:image:type\" content=\"image\/png\" \/>\n<meta name=\"twitter:card\" content=\"summary_large_image\" \/>\n<meta name=\"twitter:label1\" content=\"Dur\u00e9e de lecture estim\u00e9e\" \/>\n\t<meta name=\"twitter:data1\" content=\"3 minutes\" \/>\n<script type=\"application\/ld+json\" class=\"yoast-schema-graph\">{\"@context\":\"https:\/\/schema.org\",\"@graph\":[{\"@type\":\"WebPage\",\"@id\":\"https:\/\/cicamanuka.ca\/fr\/produit\/creme-reparatrice\/\",\"url\":\"https:\/\/cicamanuka.ca\/fr\/produit\/creme-reparatrice\/\",\"name\":\"Cr\u00e8me r\u00e9paratrice - Cica Manuka\",\"isPartOf\":{\"@id\":\"https:\/\/cicamanuka.ca\/fr\/#website\"},\"primaryImageOfPage\":{\"@id\":\"https:\/\/cicamanuka.ca\/fr\/produit\/creme-reparatrice\/#primaryimage\"},\"image\":{\"@id\":\"https:\/\/cicamanuka.ca\/fr\/produit\/creme-reparatrice\/#primaryimage\"},\"thumbnailUrl\":\"https:\/\/cicamanuka.ca\/wp-content\/uploads\/2023\/03\/Cika-Manuka-Honey-Based-Repair-Cream.png\",\"datePublished\":\"2023-03-24T20:52:07+00:00\",\"dateModified\":\"2024-04-04T19:16:51+00:00\",\"breadcrumb\":{\"@id\":\"https:\/\/cicamanuka.ca\/fr\/produit\/creme-reparatrice\/#breadcrumb\"},\"inLanguage\":\"fr-FR\",\"potentialAction\":[{\"@type\":\"ReadAction\",\"target\":[\"https:\/\/cicamanuka.ca\/fr\/produit\/creme-reparatrice\/\"]}]},{\"@type\":\"ImageObject\",\"inLanguage\":\"fr-FR\",\"@id\":\"https:\/\/cicamanuka.ca\/fr\/produit\/creme-reparatrice\/#primaryimage\",\"url\":\"https:\/\/cicamanuka.ca\/wp-content\/uploads\/2023\/03\/Cika-Manuka-Honey-Based-Repair-Cream.png\",\"contentUrl\":\"https:\/\/cicamanuka.ca\/wp-content\/uploads\/2023\/03\/Cika-Manuka-Honey-Based-Repair-Cream.png\",\"width\":2000,\"height\":1500},{\"@type\":\"BreadcrumbList\",\"@id\":\"https:\/\/cicamanuka.ca\/fr\/produit\/creme-reparatrice\/#breadcrumb\",\"itemListElement\":[{\"@type\":\"ListItem\",\"position\":1,\"name\":\"Home\",\"item\":\"https:\/\/cicamanuka.ca\/fr\/\"},{\"@type\":\"ListItem\",\"position\":2,\"name\":\"TOUS\",\"item\":\"https:\/\/cicamanuka.ca\/fr\/tous\/\"},{\"@type\":\"ListItem\",\"position\":3,\"name\":\"Cr\u00e8me r\u00e9paratrice\"}]},{\"@type\":\"WebSite\",\"@id\":\"https:\/\/cicamanuka.ca\/fr\/#website\",\"url\":\"https:\/\/cicamanuka.ca\/fr\/\",\"name\":\"Cica Manuka\",\"description\":\"\",\"publisher\":{\"@id\":\"https:\/\/cicamanuka.ca\/fr\/#organization\"},\"potentialAction\":[{\"@type\":\"SearchAction\",\"target\":{\"@type\":\"EntryPoint\",\"urlTemplate\":\"https:\/\/cicamanuka.ca\/fr\/?s={search_term_string}\"},\"query-input\":{\"@type\":\"PropertyValueSpecification\",\"valueRequired\":true,\"valueName\":\"search_term_string\"}}],\"inLanguage\":\"fr-FR\"},{\"@type\":\"Organization\",\"@id\":\"https:\/\/cicamanuka.ca\/fr\/#organization\",\"name\":\"Cica Manuka\",\"url\":\"https:\/\/cicamanuka.ca\/fr\/\",\"logo\":{\"@type\":\"ImageObject\",\"inLanguage\":\"fr-FR\",\"@id\":\"https:\/\/cicamanuka.ca\/fr\/#\/schema\/logo\/image\/\",\"url\":\"https:\/\/cicamanuka.ca\/wp-content\/uploads\/2023\/03\/logoCM.svg\",\"contentUrl\":\"https:\/\/cicamanuka.ca\/wp-content\/uploads\/2023\/03\/logoCM.svg\",\"width\":160,\"height\":85,\"caption\":\"Cica Manuka\"},\"image\":{\"@id\":\"https:\/\/cicamanuka.ca\/fr\/#\/schema\/logo\/image\/\"}}]}<\/script>\n<!-- \/ Yoast SEO plugin. -->","yoast_head_json":{"title":"Cr\u00e8me r\u00e9paratrice - Cica Manuka","robots":{"index":"index","follow":"follow","max-snippet":"max-snippet:-1","max-image-preview":"max-image-preview:large","max-video-preview":"max-video-preview:-1"},"canonical":"https:\/\/cicamanuka.ca\/fr\/produit\/creme-reparatrice\/","og_locale":"fr_FR","og_type":"article","og_title":"Cr\u00e8me r\u00e9paratrice - Cica Manuka","og_description":"R\u00c9PARE - ASSAINIT - APAISE  Peaux ab\u00eem\u00e9es, irrit\u00e9es, dess\u00e9ch\u00e9es  40% de miel de Manuka 100% d'ingr\u00e9dients d'origine naturelle  40 ml","og_url":"https:\/\/cicamanuka.ca\/fr\/produit\/creme-reparatrice\/","og_site_name":"Cica Manuka","article_modified_time":"2024-04-04T19:16:51+00:00","og_image":[{"width":2000,"height":1500,"url":"https:\/\/cicamanuka.ca\/wp-content\/uploads\/2023\/03\/Cika-Manuka-Honey-Based-Repair-Cream.png","type":"image\/png"}],"twitter_card":"summary_large_image","twitter_misc":{"Dur\u00e9e de lecture estim\u00e9e":"3 minutes"},"schema":{"@context":"https:\/\/schema.org","@graph":[{"@type":"WebPage","@id":"https:\/\/cicamanuka.ca\/fr\/produit\/creme-reparatrice\/","url":"https:\/\/cicamanuka.ca\/fr\/produit\/creme-reparatrice\/","name":"Cr\u00e8me r\u00e9paratrice - Cica Manuka","isPartOf":{"@id":"https:\/\/cicamanuka.ca\/fr\/#website"},"primaryImageOfPage":{"@id":"https:\/\/cicamanuka.ca\/fr\/produit\/creme-reparatrice\/#primaryimage"},"image":{"@id":"https:\/\/cicamanuka.ca\/fr\/produit\/creme-reparatrice\/#primaryimage"},"thumbnailUrl":"https:\/\/cicamanuka.ca\/wp-content\/uploads\/2023\/03\/Cika-Manuka-Honey-Based-Repair-Cream.png","datePublished":"2023-03-24T20:52:07+00:00","dateModified":"2024-04-04T19:16:51+00:00","breadcrumb":{"@id":"https:\/\/cicamanuka.ca\/fr\/produit\/creme-reparatrice\/#breadcrumb"},"inLanguage":"fr-FR","potentialAction":[{"@type":"ReadAction","target":["https:\/\/cicamanuka.ca\/fr\/produit\/creme-reparatrice\/"]}]},{"@type":"ImageObject","inLanguage":"fr-FR","@id":"https:\/\/cicamanuka.ca\/fr\/produit\/creme-reparatrice\/#primaryimage","url":"https:\/\/cicamanuka.ca\/wp-content\/uploads\/2023\/03\/Cika-Manuka-Honey-Based-Repair-Cream.png","contentUrl":"https:\/\/cicamanuka.ca\/wp-content\/uploads\/2023\/03\/Cika-Manuka-Honey-Based-Repair-Cream.png","width":2000,"height":1500},{"@type":"BreadcrumbList","@id":"https:\/\/cicamanuka.ca\/fr\/produit\/creme-reparatrice\/#breadcrumb","itemListElement":[{"@type":"ListItem","position":1,"name":"Home","item":"https:\/\/cicamanuka.ca\/fr\/"},{"@type":"ListItem","position":2,"name":"TOUS","item":"https:\/\/cicamanuka.ca\/fr\/tous\/"},{"@type":"ListItem","position":3,"name":"Cr\u00e8me r\u00e9paratrice"}]},{"@type":"WebSite","@id":"https:\/\/cicamanuka.ca\/fr\/#website","url":"https:\/\/cicamanuka.ca\/fr\/","name":"Cica Manuka","description":"","publisher":{"@id":"https:\/\/cicamanuka.ca\/fr\/#organization"},"potentialAction":[{"@type":"SearchAction","target":{"@type":"EntryPoint","urlTemplate":"https:\/\/cicamanuka.ca\/fr\/?s={search_term_string}"},"query-input":{"@type":"PropertyValueSpecification","valueRequired":true,"valueName":"search_term_string"}}],"inLanguage":"fr-FR"},{"@type":"Organization","@id":"https:\/\/cicamanuka.ca\/fr\/#organization","name":"Cica Manuka","url":"https:\/\/cicamanuka.ca\/fr\/","logo":{"@type":"ImageObject","inLanguage":"fr-FR","@id":"https:\/\/cicamanuka.ca\/fr\/#\/schema\/logo\/image\/","url":"https:\/\/cicamanuka.ca\/wp-content\/uploads\/2023\/03\/logoCM.svg","contentUrl":"https:\/\/cicamanuka.ca\/wp-content\/uploads\/2023\/03\/logoCM.svg","width":160,"height":85,"caption":"Cica Manuka"},"image":{"@id":"https:\/\/cicamanuka.ca\/fr\/#\/schema\/logo\/image\/"}}]}},"_links":{"self":[{"href":"https:\/\/cicamanuka.ca\/fr\/wp-json\/wp\/v2\/product\/754","targetHints":{"allow":["GET"]}}],"collection":[{"href":"https:\/\/cicamanuka.ca\/fr\/wp-json\/wp\/v2\/product"}],"about":[{"href":"https:\/\/cicamanuka.ca\/fr\/wp-json\/wp\/v2\/types\/product"}],"replies":[{"embeddable":true,"href":"https:\/\/cicamanuka.ca\/fr\/wp-json\/wp\/v2\/comments?post=754"}],"wp:featuredmedia":[{"embeddable":true,"href":"https:\/\/cicamanuka.ca\/fr\/wp-json\/wp\/v2\/media\/602"}],"wp:attachment":[{"href":"https:\/\/cicamanuka.ca\/fr\/wp-json\/wp\/v2\/media?parent=754"}],"wp:term":[{"taxonomy":"product_brand","embeddable":true,"href":"https:\/\/cicamanuka.ca\/fr\/wp-json\/wp\/v2\/product_brand?post=754"},{"taxonomy":"product_cat","embeddable":true,"href":"https:\/\/cicamanuka.ca\/fr\/wp-json\/wp\/v2\/product_cat?post=754"},{"taxonomy":"product_tag","embeddable":true,"href":"https:\/\/cicamanuka.ca\/fr\/wp-json\/wp\/v2\/product_tag?post=754"}],"curies":[{"name":"wp","href":"https:\/\/api.w.org\/{rel}","templated":true}]}}