{"id":753,"date":"2023-03-24T20:57:54","date_gmt":"2023-03-24T20:57:54","guid":{"rendered":"https:\/\/cicamanuka.ca\/?post_type=product&#038;p=753"},"modified":"2024-04-04T19:10:36","modified_gmt":"2024-04-04T19:10:36","slug":"baume-corps-reparateur","status":"publish","type":"product","link":"https:\/\/cicamanuka.ca\/fr\/produit\/baume-corps-reparateur\/","title":{"rendered":"Baume corps r\u00e9parateur"},"content":{"rendered":"<p><strong>B\u00e9n\u00e9fices :<\/strong><\/p>\n<ul>\n<li>Nourrit et hydrate<\/li>\n<li>Pour les peaux s\u00e8ches \u00e0 tr\u00e8s s\u00e8ches et sensibles<\/li>\n<li>Test\u00e9 sous contr\u00f4le dermatologique<\/li>\n<\/ul>\n<p><strong>Formule certifi\u00e9e :<\/strong><\/p>\n<ul>\n<li>100% des ingr\u00e9dients sont d\u2019origine naturelle<\/li>\n<li>Test\u00e9e sous contr\u00f4le dermatologique<\/li>\n<li>Pour toute la famille d\u00e8s 3 ans<\/li>\n<\/ul>\n<p><strong>Son +<\/strong> : <strong>sa texture p\u00e9n\u00e8tre rapidement,\u00a0<\/strong>texture onctueuse<\/p>\n<hr \/>\n<p>Formul\u00e9 \u00e0 base de\u00a0<strong>100% d\u2019ingr\u00e9dients d\u2019origine naturelle<\/strong>, riche en\u00a0<strong>miel de Manuka IAA10+<\/strong>, beurre de karit\u00e9 bio et huile de macadamia bio, ce baume quotidien\u00a0<strong>nourrit et hydrate les peaux s\u00e8ches \u00e0 tr\u00e8s s\u00e8ches<\/strong>.<\/p>\n<p>Sa\u00a0<strong>texture riche et fondante<\/strong>\u00a0p\u00e9n\u00e8tre rapidement et favorise la r\u00e9paration cutan\u00e9e. Ne colle pas,\u00a0<strong>laisse la peau apais\u00e9e et douce<\/strong>.<\/p>\n<p>&nbsp;<\/p>\n<p><strong>L\u2019indice IAA\u00ae<\/strong> vous garanti une activit\u00e9 unique du miel de Manuka et une concentration exceptionnelle en m\u00e9thylglyoxal (MGO).<\/p>\n<p>L\u2019activit\u00e9 du miel de Manuka IAA\u00ae utilis\u00e9 dans l\u2019\u00e9laboration de nos formules est donc garantie scientifiquement par cet indice reconnu en France et en Europe.<\/p>\n<hr \/>\n<p><strong>UTILISATION :<\/strong><\/p>\n<p>Appliquer g\u00e9n\u00e9reusement et quotidiennement le baume sur le corps, de pr\u00e9f\u00e9rence apr\u00e8s la douche sur une peau pr\u00e9alablement s\u00e9ch\u00e9e. Insister sur les zones tr\u00e8s s\u00e8ches. Sans rin\u00e7age.<\/p>\n<p>R\u00e9serv\u00e9 \u00e0 l\u2019usage externe. \u00c9viter le contact avec les yeux. Conserver \u00e0 l\u2019abri de la chaleur. <strong>Ne pas appliquer<\/strong> sur les peaux l\u00e9s\u00e9es. <strong>Ne pas utiliser<\/strong> chez l\u2019enfant de moins de 3 ans.<\/p>\n<hr \/>\n<p><strong>INGR\u00c9DIENTS :<\/strong><\/p>\n<p>AQUA, BUTYROSPERMUM PARKII (SHEA) BUTTER*, MEL\/HONEY\/MIEL, COCO-CAPRYLATE\/CAPRATE, HELICHRYSUM ITALICUM FLOWER WATER*, ALCOHOL**, CETEARYL ALCOHOL, SORBITAN STEARATE, HELIANTHUS ANNUUS (SUNFLOWER) SEED OIL*, MACADAMIA INTEGRIFOLIA SEED OIL*, CETEARYL GLUCOSIDE, LEUCONOSTOC\/ RADISH ROOT FERMENT FILTRATE, PARFUM, GLYCERYL UNDECYLENATE, CERA ALBA*, TOCOPHEROL, XANTHAN GUM, BISABOLOL*, LEVULINIC ACID, GLYCERIN, SODIUM LEVULINATE.<\/p>\n<p>*ingr\u00e9dients issus de l&rsquo;agriculture biologique<br \/>\n** Transform\u00e9 \u00e0 partir d\u2019ingr\u00e9dients biologiques<\/p>\n<p><strong><span title=\"\">100% du total des ingr\u00e9dients sont d&rsquo;origine naturelle<\/span><\/strong><br \/>\n<strong><span title=\"\">22,5% du total des ingr\u00e9dients sont issus de l&rsquo;agriculture biologique<\/span><\/strong><\/p>\n<hr \/>\n<p><strong>Formul\u00e9 sans allerg\u00e8ne<\/strong> (selon la liste des 26 allerg\u00e8nes r\u00e9glement\u00e9s en cosm\u00e9tique).<\/p>\n<p><strong>Cosm\u00e9tique \u00c9cologique et Biologique<\/strong> certifi\u00e9 par\u00a0<strong>Ecocert<\/strong> Greenlife selon le r\u00e9f\u00e9rentiel ECOCERT disponible sur : http:\/\/cosmetiques.ecocert.com<\/p>\n","protected":false},"excerpt":{"rendered":"<p><strong>APAISE &#8211; NOURRIT &#8211; R\u00c9PARE<br \/>\n<\/strong> Peaux s\u00e8ches, peaux sujettes aux d\u00e9mangeaisons<\/p>\n<p>10% de miel de Manuka<br \/>\n100% d&rsquo;ingr\u00e9dients d&rsquo;origine naturelle<\/p>\n<p>200 ml<\/p>\n","protected":false},"featured_media":603,"comment_status":"open","ping_status":"closed","template":"","meta":{"_acf_changed":false},"product_brand":[],"product_cat":[102,103,100],"product_tag":[],"class_list":{"0":"post-753","1":"product","2":"type-product","3":"status-publish","4":"has-post-thumbnail","6":"product_cat-produits-miel-de-manuka","7":"product_cat-reparation-naturelle-du-corps","8":"product_cat-soins-du-corps","9":"sales-flash-overlay","10":"woocommerce-text-align-center","11":"woocommerce-image-align-center","12":"do-quantity-buttons","14":"first","15":"instock","16":"taxable","17":"shipping-taxable","18":"purchasable","19":"product-type-simple"},"acf":[],"yoast_head":"<!-- This site is optimized with the Yoast SEO plugin v25.3 - https:\/\/yoast.com\/wordpress\/plugins\/seo\/ -->\n<title>Baume corps r\u00e9parateur - Cica Manuka<\/title>\n<meta name=\"robots\" content=\"index, follow, max-snippet:-1, max-image-preview:large, max-video-preview:-1\" \/>\n<link rel=\"canonical\" href=\"https:\/\/cicamanuka.ca\/fr\/produit\/baume-corps-reparateur\/\" \/>\n<meta property=\"og:locale\" content=\"fr_FR\" \/>\n<meta property=\"og:type\" content=\"article\" \/>\n<meta property=\"og:title\" content=\"Baume corps r\u00e9parateur - Cica Manuka\" \/>\n<meta property=\"og:description\" content=\"APAISE - NOURRIT - R\u00c9PARE  Peaux s\u00e8ches, peaux sujettes aux d\u00e9mangeaisons  10% de miel de Manuka 100% d&#039;ingr\u00e9dients d&#039;origine naturelle  200 ml\" \/>\n<meta property=\"og:url\" content=\"https:\/\/cicamanuka.ca\/fr\/produit\/baume-corps-reparateur\/\" \/>\n<meta property=\"og:site_name\" content=\"Cica Manuka\" \/>\n<meta property=\"article:modified_time\" content=\"2024-04-04T19:10:36+00:00\" \/>\n<meta property=\"og:image\" content=\"https:\/\/cicamanuka.ca\/wp-content\/uploads\/2023\/03\/Cika-Manuka-Honey-Based-Repairing-Body-Balm.png\" \/>\n\t<meta property=\"og:image:width\" content=\"2000\" \/>\n\t<meta property=\"og:image:height\" content=\"1500\" \/>\n\t<meta property=\"og:image:type\" content=\"image\/png\" \/>\n<meta name=\"twitter:card\" content=\"summary_large_image\" \/>\n<meta name=\"twitter:label1\" content=\"Dur\u00e9e de lecture estim\u00e9e\" \/>\n\t<meta name=\"twitter:data1\" content=\"2 minutes\" \/>\n<script type=\"application\/ld+json\" class=\"yoast-schema-graph\">{\"@context\":\"https:\/\/schema.org\",\"@graph\":[{\"@type\":\"WebPage\",\"@id\":\"https:\/\/cicamanuka.ca\/fr\/produit\/baume-corps-reparateur\/\",\"url\":\"https:\/\/cicamanuka.ca\/fr\/produit\/baume-corps-reparateur\/\",\"name\":\"Baume corps r\u00e9parateur - Cica Manuka\",\"isPartOf\":{\"@id\":\"https:\/\/cicamanuka.ca\/fr\/#website\"},\"primaryImageOfPage\":{\"@id\":\"https:\/\/cicamanuka.ca\/fr\/produit\/baume-corps-reparateur\/#primaryimage\"},\"image\":{\"@id\":\"https:\/\/cicamanuka.ca\/fr\/produit\/baume-corps-reparateur\/#primaryimage\"},\"thumbnailUrl\":\"https:\/\/cicamanuka.ca\/wp-content\/uploads\/2023\/03\/Cika-Manuka-Honey-Based-Repairing-Body-Balm.png\",\"datePublished\":\"2023-03-24T20:57:54+00:00\",\"dateModified\":\"2024-04-04T19:10:36+00:00\",\"breadcrumb\":{\"@id\":\"https:\/\/cicamanuka.ca\/fr\/produit\/baume-corps-reparateur\/#breadcrumb\"},\"inLanguage\":\"fr-FR\",\"potentialAction\":[{\"@type\":\"ReadAction\",\"target\":[\"https:\/\/cicamanuka.ca\/fr\/produit\/baume-corps-reparateur\/\"]}]},{\"@type\":\"ImageObject\",\"inLanguage\":\"fr-FR\",\"@id\":\"https:\/\/cicamanuka.ca\/fr\/produit\/baume-corps-reparateur\/#primaryimage\",\"url\":\"https:\/\/cicamanuka.ca\/wp-content\/uploads\/2023\/03\/Cika-Manuka-Honey-Based-Repairing-Body-Balm.png\",\"contentUrl\":\"https:\/\/cicamanuka.ca\/wp-content\/uploads\/2023\/03\/Cika-Manuka-Honey-Based-Repairing-Body-Balm.png\",\"width\":2000,\"height\":1500},{\"@type\":\"BreadcrumbList\",\"@id\":\"https:\/\/cicamanuka.ca\/fr\/produit\/baume-corps-reparateur\/#breadcrumb\",\"itemListElement\":[{\"@type\":\"ListItem\",\"position\":1,\"name\":\"Home\",\"item\":\"https:\/\/cicamanuka.ca\/fr\/\"},{\"@type\":\"ListItem\",\"position\":2,\"name\":\"TOUS\",\"item\":\"https:\/\/cicamanuka.ca\/fr\/tous\/\"},{\"@type\":\"ListItem\",\"position\":3,\"name\":\"Baume corps r\u00e9parateur\"}]},{\"@type\":\"WebSite\",\"@id\":\"https:\/\/cicamanuka.ca\/fr\/#website\",\"url\":\"https:\/\/cicamanuka.ca\/fr\/\",\"name\":\"Cica Manuka\",\"description\":\"\",\"publisher\":{\"@id\":\"https:\/\/cicamanuka.ca\/fr\/#organization\"},\"potentialAction\":[{\"@type\":\"SearchAction\",\"target\":{\"@type\":\"EntryPoint\",\"urlTemplate\":\"https:\/\/cicamanuka.ca\/fr\/?s={search_term_string}\"},\"query-input\":{\"@type\":\"PropertyValueSpecification\",\"valueRequired\":true,\"valueName\":\"search_term_string\"}}],\"inLanguage\":\"fr-FR\"},{\"@type\":\"Organization\",\"@id\":\"https:\/\/cicamanuka.ca\/fr\/#organization\",\"name\":\"Cica Manuka\",\"url\":\"https:\/\/cicamanuka.ca\/fr\/\",\"logo\":{\"@type\":\"ImageObject\",\"inLanguage\":\"fr-FR\",\"@id\":\"https:\/\/cicamanuka.ca\/fr\/#\/schema\/logo\/image\/\",\"url\":\"https:\/\/cicamanuka.ca\/wp-content\/uploads\/2023\/03\/logoCM.svg\",\"contentUrl\":\"https:\/\/cicamanuka.ca\/wp-content\/uploads\/2023\/03\/logoCM.svg\",\"width\":160,\"height\":85,\"caption\":\"Cica Manuka\"},\"image\":{\"@id\":\"https:\/\/cicamanuka.ca\/fr\/#\/schema\/logo\/image\/\"}}]}<\/script>\n<!-- \/ Yoast SEO plugin. -->","yoast_head_json":{"title":"Baume corps r\u00e9parateur - Cica Manuka","robots":{"index":"index","follow":"follow","max-snippet":"max-snippet:-1","max-image-preview":"max-image-preview:large","max-video-preview":"max-video-preview:-1"},"canonical":"https:\/\/cicamanuka.ca\/fr\/produit\/baume-corps-reparateur\/","og_locale":"fr_FR","og_type":"article","og_title":"Baume corps r\u00e9parateur - Cica Manuka","og_description":"APAISE - NOURRIT - R\u00c9PARE  Peaux s\u00e8ches, peaux sujettes aux d\u00e9mangeaisons  10% de miel de Manuka 100% d'ingr\u00e9dients d'origine naturelle  200 ml","og_url":"https:\/\/cicamanuka.ca\/fr\/produit\/baume-corps-reparateur\/","og_site_name":"Cica Manuka","article_modified_time":"2024-04-04T19:10:36+00:00","og_image":[{"width":2000,"height":1500,"url":"https:\/\/cicamanuka.ca\/wp-content\/uploads\/2023\/03\/Cika-Manuka-Honey-Based-Repairing-Body-Balm.png","type":"image\/png"}],"twitter_card":"summary_large_image","twitter_misc":{"Dur\u00e9e de lecture estim\u00e9e":"2 minutes"},"schema":{"@context":"https:\/\/schema.org","@graph":[{"@type":"WebPage","@id":"https:\/\/cicamanuka.ca\/fr\/produit\/baume-corps-reparateur\/","url":"https:\/\/cicamanuka.ca\/fr\/produit\/baume-corps-reparateur\/","name":"Baume corps r\u00e9parateur - Cica Manuka","isPartOf":{"@id":"https:\/\/cicamanuka.ca\/fr\/#website"},"primaryImageOfPage":{"@id":"https:\/\/cicamanuka.ca\/fr\/produit\/baume-corps-reparateur\/#primaryimage"},"image":{"@id":"https:\/\/cicamanuka.ca\/fr\/produit\/baume-corps-reparateur\/#primaryimage"},"thumbnailUrl":"https:\/\/cicamanuka.ca\/wp-content\/uploads\/2023\/03\/Cika-Manuka-Honey-Based-Repairing-Body-Balm.png","datePublished":"2023-03-24T20:57:54+00:00","dateModified":"2024-04-04T19:10:36+00:00","breadcrumb":{"@id":"https:\/\/cicamanuka.ca\/fr\/produit\/baume-corps-reparateur\/#breadcrumb"},"inLanguage":"fr-FR","potentialAction":[{"@type":"ReadAction","target":["https:\/\/cicamanuka.ca\/fr\/produit\/baume-corps-reparateur\/"]}]},{"@type":"ImageObject","inLanguage":"fr-FR","@id":"https:\/\/cicamanuka.ca\/fr\/produit\/baume-corps-reparateur\/#primaryimage","url":"https:\/\/cicamanuka.ca\/wp-content\/uploads\/2023\/03\/Cika-Manuka-Honey-Based-Repairing-Body-Balm.png","contentUrl":"https:\/\/cicamanuka.ca\/wp-content\/uploads\/2023\/03\/Cika-Manuka-Honey-Based-Repairing-Body-Balm.png","width":2000,"height":1500},{"@type":"BreadcrumbList","@id":"https:\/\/cicamanuka.ca\/fr\/produit\/baume-corps-reparateur\/#breadcrumb","itemListElement":[{"@type":"ListItem","position":1,"name":"Home","item":"https:\/\/cicamanuka.ca\/fr\/"},{"@type":"ListItem","position":2,"name":"TOUS","item":"https:\/\/cicamanuka.ca\/fr\/tous\/"},{"@type":"ListItem","position":3,"name":"Baume corps r\u00e9parateur"}]},{"@type":"WebSite","@id":"https:\/\/cicamanuka.ca\/fr\/#website","url":"https:\/\/cicamanuka.ca\/fr\/","name":"Cica Manuka","description":"","publisher":{"@id":"https:\/\/cicamanuka.ca\/fr\/#organization"},"potentialAction":[{"@type":"SearchAction","target":{"@type":"EntryPoint","urlTemplate":"https:\/\/cicamanuka.ca\/fr\/?s={search_term_string}"},"query-input":{"@type":"PropertyValueSpecification","valueRequired":true,"valueName":"search_term_string"}}],"inLanguage":"fr-FR"},{"@type":"Organization","@id":"https:\/\/cicamanuka.ca\/fr\/#organization","name":"Cica Manuka","url":"https:\/\/cicamanuka.ca\/fr\/","logo":{"@type":"ImageObject","inLanguage":"fr-FR","@id":"https:\/\/cicamanuka.ca\/fr\/#\/schema\/logo\/image\/","url":"https:\/\/cicamanuka.ca\/wp-content\/uploads\/2023\/03\/logoCM.svg","contentUrl":"https:\/\/cicamanuka.ca\/wp-content\/uploads\/2023\/03\/logoCM.svg","width":160,"height":85,"caption":"Cica Manuka"},"image":{"@id":"https:\/\/cicamanuka.ca\/fr\/#\/schema\/logo\/image\/"}}]}},"_links":{"self":[{"href":"https:\/\/cicamanuka.ca\/fr\/wp-json\/wp\/v2\/product\/753","targetHints":{"allow":["GET"]}}],"collection":[{"href":"https:\/\/cicamanuka.ca\/fr\/wp-json\/wp\/v2\/product"}],"about":[{"href":"https:\/\/cicamanuka.ca\/fr\/wp-json\/wp\/v2\/types\/product"}],"replies":[{"embeddable":true,"href":"https:\/\/cicamanuka.ca\/fr\/wp-json\/wp\/v2\/comments?post=753"}],"wp:featuredmedia":[{"embeddable":true,"href":"https:\/\/cicamanuka.ca\/fr\/wp-json\/wp\/v2\/media\/603"}],"wp:attachment":[{"href":"https:\/\/cicamanuka.ca\/fr\/wp-json\/wp\/v2\/media?parent=753"}],"wp:term":[{"taxonomy":"product_brand","embeddable":true,"href":"https:\/\/cicamanuka.ca\/fr\/wp-json\/wp\/v2\/product_brand?post=753"},{"taxonomy":"product_cat","embeddable":true,"href":"https:\/\/cicamanuka.ca\/fr\/wp-json\/wp\/v2\/product_cat?post=753"},{"taxonomy":"product_tag","embeddable":true,"href":"https:\/\/cicamanuka.ca\/fr\/wp-json\/wp\/v2\/product_tag?post=753"}],"curies":[{"name":"wp","href":"https:\/\/api.w.org\/{rel}","templated":true}]}}