{"id":751,"date":"2023-03-24T21:17:09","date_gmt":"2023-03-24T21:17:09","guid":{"rendered":"https:\/\/cicamanuka.ca\/?post_type=product&#038;p=751"},"modified":"2023-04-09T22:26:12","modified_gmt":"2023-04-09T22:26:12","slug":"soin-levres-reparateur","status":"publish","type":"product","link":"https:\/\/cicamanuka.ca\/fr\/produit\/soin-levres-reparateur\/","title":{"rendered":"Soin l\u00e8vres r\u00e9parateur"},"content":{"rendered":"<p><strong>B\u00e9n\u00e9fices :<\/strong><\/p>\n<ul>\n<li>Favorise la r\u00e9paration des l\u00e8vres<\/li>\n<li>Soulage intens\u00e9ment les l\u00e8vres dess\u00e9ch\u00e9es et gerc\u00e9es<\/li>\n<li>Apaise et apporte une sensation de confort imm\u00e9diat<\/li>\n<\/ul>\n<p><strong>Formule certifi\u00e9e :\u00a0<\/strong><\/p>\n<ul>\n<li>100% des ingr\u00e9dients sont d\u2019origine naturelle<\/li>\n<li>Test\u00e9e sous contr\u00f4le dermatologique<\/li>\n<li>Pour toute la famille d\u00e8s 3 ans<\/li>\n<\/ul>\n<p><strong>Son +<\/strong> : son <strong>embout applicateur<\/strong>\u00a0permet une application optimale.<\/p>\n<hr \/>\n<p>Gr\u00e2ce \u00e0 sa formule compos\u00e9e de\u00a0<strong>100% d\u2019ingr\u00e9dients d\u2019origine naturelle<\/strong>, de\u00a0<strong>miel de Manuka IAA15+<\/strong>\u00a0et de beurre de mangue sauvage, ce soin\u00a0<strong>favorise la r\u00e9paration des l\u00e8vres<\/strong>,\u00a0<strong>nourrit et prot\u00e8ge<\/strong>\u00a0durablement\u00a0<strong>les l\u00e8vres dess\u00e9ch\u00e9es et gerc\u00e9es<\/strong>.<\/p>\n<p>Le miel de Manuka aux propri\u00e9t\u00e9s protectrices et r\u00e9paratrices favorise la r\u00e9paration des l\u00e8vres, les adoucit et les nourrit durablement.\u00a0<strong>Les l\u00e8vres sont douces et plus souples<\/strong>.<\/p>\n<p>Sa<strong>\u00a0texture riche et fondante<\/strong>\u00a0s\u2019applique facilement, p\u00e9n\u00e8tre rapidement pour des l\u00e8vres apais\u00e9es et une\u00a0<strong>sensation de confort imm\u00e9diat<\/strong>.<\/p>\n<p><strong>Miel de Manuka IAA\u00ae<\/strong> : favorise la r\u00e9paration des l\u00e8vres, adoucit et nourrit les l\u00e8vres<br \/>\n<strong>Beurre de mangue sauvage<\/strong> : prot\u00e8ge et r\u00e9pare les l\u00e8vres, gr\u00e2ce \u00e0 son effet filmog\u00e8ne<br \/>\n<strong>Beurre de karit\u00e9 bio<\/strong> : nourrit et prot\u00e8ge l\u2019\u00e9piderme<br \/>\n<strong>Cire d\u2019abeille<\/strong> : forme un film sur la peau pour prot\u00e9ger durablement les l\u00e8vres<\/p>\n<hr \/>\n<p><strong>L\u2019indice IAA\u00ae<\/strong>\u00a0vous garanti une activit\u00e9 unique du miel de Manuka et une concentration exceptionnelle en m\u00e9thylglyoxal (MGO) qui conf\u00e8rent une action antibact\u00e9rienne et favorisent la r\u00e9paration des couches superficielles de la peau.<\/p>\n<p>L\u2019activit\u00e9 du miel de Manuka IAA\u00ae utilis\u00e9 dans l\u2019\u00e9laboration de nos formules est donc garantie scientifiquement par cet indice reconnu en France et en Europe.<\/p>\n<hr \/>\n<p><strong>UTILISATION :<\/strong><\/p>\n<p>Appliquer aussi souvent que n\u00e9cessaire sur les l\u00e8vres.<\/p>\n<p>R\u00e9serv\u00e9 \u00e0 l\u2019usage externe. \u00c9viter le contact avec les yeux. Conserver \u00e0 l\u2019abri de la chaleur. <strong>Ne pas utiliser<\/strong> chez l\u2019enfant de moins de 3 ans.<\/p>\n<hr \/>\n<p><strong>INGR\u00c9DIENTS :<\/strong><\/p>\n<p>HELIANTHUS ANNUUS (SUNFLOWER) SEED OIL*, SORBITAN OLEATE, BUTYROSPERMUM PARKII (SHEA) BUTTER*, MEL\/HONEY\/MIEL, CERA ALBA, HYDROGENATED CASTOR OIL, OCTYLDODECANOL, STEARIC ACID, IRVINGIA GABONENSIS KERNEL BUTTER, HYDROGENATED COCO-GLYCERIDES, PARFUM, TOCOPHEROL, GLYCINE SOJA (SOYBEAN) OIL.<\/p>\n<p>*ingr\u00e9dients issus de l\u2019agriculture biologique<\/p>\n<p><strong><span title=\"\">100% du total des ingr\u00e9dients sont d\u2019origine naturelle<\/span><\/strong><br \/>\n<strong><span title=\"\">65% du total des ingr\u00e9dients sont issus de l\u2019agriculture biologique<\/span><\/strong><\/p>\n<hr \/>\n<p><strong>Formul\u00e9 sans allerg\u00e8ne<\/strong> (selon la liste des 26 allerg\u00e8nes r\u00e9glement\u00e9s en cosm\u00e9tique).<\/p>\n<p><strong>Cosm\u00e9tique \u00c9cologique et Biologique<\/strong>\u00a0certifi\u00e9 par\u00a0<strong>Ecocert<\/strong>\u00a0Greenlife selon le r\u00e9f\u00e9rentiel ECOCERT disponible sur : http:\/\/cosmetiques.ecocert.com<\/p>\n<p>Nos emballages en papier-carton sont certifi\u00e9 FSC\u00ae et respectueux de l\u2019environnement, fabriqu\u00e9s \u00e0 partir de 100% de mati\u00e8res et de fibres recycl\u00e9s.<\/p>\n","protected":false},"excerpt":{"rendered":"<p><strong>R\u00c9PARE \u2013 NOURRIT \u2013 APAISE<br \/>\n<\/strong>L\u00e8vres gerc\u00e9es, irrit\u00e9es, dess\u00e9ch\u00e9es<\/p>\n<p>10% de miel de Manuka<br \/>\n100% d\u2019ingr\u00e9dients d\u2019origine naturelle<\/p>\n<p>15 ml<\/p>\n","protected":false},"featured_media":608,"comment_status":"open","ping_status":"closed","template":"","meta":{"_acf_changed":false},"product_brand":[],"product_cat":[102,105,101],"product_tag":[],"class_list":{"0":"post-751","1":"product","2":"type-product","3":"status-publish","4":"has-post-thumbnail","6":"product_cat-produits-miel-de-manuka","7":"product_cat-reparateur-naturel-pour-les-levres","8":"product_cat-soins-du-visage","9":"sales-flash-overlay","10":"woocommerce-text-align-center","11":"woocommerce-image-align-center","12":"do-quantity-buttons","14":"first","15":"instock","16":"taxable","17":"shipping-taxable","18":"purchasable","19":"product-type-simple"},"acf":[],"yoast_head":"<!-- This site is optimized with the Yoast SEO plugin v25.3 - https:\/\/yoast.com\/wordpress\/plugins\/seo\/ -->\n<title>Soin l\u00e8vres r\u00e9parateur - Cica Manuka<\/title>\n<meta name=\"robots\" content=\"index, follow, max-snippet:-1, max-image-preview:large, max-video-preview:-1\" \/>\n<link rel=\"canonical\" href=\"https:\/\/cicamanuka.ca\/fr\/produit\/soin-levres-reparateur\/\" \/>\n<meta property=\"og:locale\" content=\"fr_FR\" \/>\n<meta property=\"og:type\" content=\"article\" \/>\n<meta property=\"og:title\" content=\"Soin l\u00e8vres r\u00e9parateur - Cica Manuka\" \/>\n<meta property=\"og:description\" content=\"R\u00c9PARE \u2013 NOURRIT \u2013 APAISE L\u00e8vres gerc\u00e9es, irrit\u00e9es, dess\u00e9ch\u00e9es  10% de miel de Manuka 100% d\u2019ingr\u00e9dients d\u2019origine naturelle  15 ml\" \/>\n<meta property=\"og:url\" content=\"https:\/\/cicamanuka.ca\/fr\/produit\/soin-levres-reparateur\/\" \/>\n<meta property=\"og:site_name\" content=\"Cica Manuka\" \/>\n<meta property=\"article:modified_time\" content=\"2023-04-09T22:26:12+00:00\" \/>\n<meta property=\"og:image\" content=\"https:\/\/cicamanuka.ca\/wp-content\/uploads\/2023\/03\/Cika-Manuka-Honey-Based-Lip-Repair-Cream.png\" \/>\n\t<meta property=\"og:image:width\" content=\"2000\" \/>\n\t<meta property=\"og:image:height\" content=\"1500\" \/>\n\t<meta property=\"og:image:type\" content=\"image\/png\" \/>\n<meta name=\"twitter:card\" content=\"summary_large_image\" \/>\n<meta name=\"twitter:label1\" content=\"Dur\u00e9e de lecture estim\u00e9e\" \/>\n\t<meta name=\"twitter:data1\" content=\"2 minutes\" \/>\n<script type=\"application\/ld+json\" class=\"yoast-schema-graph\">{\"@context\":\"https:\/\/schema.org\",\"@graph\":[{\"@type\":\"WebPage\",\"@id\":\"https:\/\/cicamanuka.ca\/fr\/produit\/soin-levres-reparateur\/\",\"url\":\"https:\/\/cicamanuka.ca\/fr\/produit\/soin-levres-reparateur\/\",\"name\":\"Soin l\u00e8vres r\u00e9parateur - Cica Manuka\",\"isPartOf\":{\"@id\":\"https:\/\/cicamanuka.ca\/fr\/#website\"},\"primaryImageOfPage\":{\"@id\":\"https:\/\/cicamanuka.ca\/fr\/produit\/soin-levres-reparateur\/#primaryimage\"},\"image\":{\"@id\":\"https:\/\/cicamanuka.ca\/fr\/produit\/soin-levres-reparateur\/#primaryimage\"},\"thumbnailUrl\":\"https:\/\/cicamanuka.ca\/wp-content\/uploads\/2023\/03\/Cika-Manuka-Honey-Based-Lip-Repair-Cream.png\",\"datePublished\":\"2023-03-24T21:17:09+00:00\",\"dateModified\":\"2023-04-09T22:26:12+00:00\",\"breadcrumb\":{\"@id\":\"https:\/\/cicamanuka.ca\/fr\/produit\/soin-levres-reparateur\/#breadcrumb\"},\"inLanguage\":\"fr-FR\",\"potentialAction\":[{\"@type\":\"ReadAction\",\"target\":[\"https:\/\/cicamanuka.ca\/fr\/produit\/soin-levres-reparateur\/\"]}]},{\"@type\":\"ImageObject\",\"inLanguage\":\"fr-FR\",\"@id\":\"https:\/\/cicamanuka.ca\/fr\/produit\/soin-levres-reparateur\/#primaryimage\",\"url\":\"https:\/\/cicamanuka.ca\/wp-content\/uploads\/2023\/03\/Cika-Manuka-Honey-Based-Lip-Repair-Cream.png\",\"contentUrl\":\"https:\/\/cicamanuka.ca\/wp-content\/uploads\/2023\/03\/Cika-Manuka-Honey-Based-Lip-Repair-Cream.png\",\"width\":2000,\"height\":1500},{\"@type\":\"BreadcrumbList\",\"@id\":\"https:\/\/cicamanuka.ca\/fr\/produit\/soin-levres-reparateur\/#breadcrumb\",\"itemListElement\":[{\"@type\":\"ListItem\",\"position\":1,\"name\":\"Home\",\"item\":\"https:\/\/cicamanuka.ca\/fr\/\"},{\"@type\":\"ListItem\",\"position\":2,\"name\":\"TOUS\",\"item\":\"https:\/\/cicamanuka.ca\/fr\/tous\/\"},{\"@type\":\"ListItem\",\"position\":3,\"name\":\"Soin l\u00e8vres r\u00e9parateur\"}]},{\"@type\":\"WebSite\",\"@id\":\"https:\/\/cicamanuka.ca\/fr\/#website\",\"url\":\"https:\/\/cicamanuka.ca\/fr\/\",\"name\":\"Cica Manuka\",\"description\":\"\",\"publisher\":{\"@id\":\"https:\/\/cicamanuka.ca\/fr\/#organization\"},\"potentialAction\":[{\"@type\":\"SearchAction\",\"target\":{\"@type\":\"EntryPoint\",\"urlTemplate\":\"https:\/\/cicamanuka.ca\/fr\/?s={search_term_string}\"},\"query-input\":{\"@type\":\"PropertyValueSpecification\",\"valueRequired\":true,\"valueName\":\"search_term_string\"}}],\"inLanguage\":\"fr-FR\"},{\"@type\":\"Organization\",\"@id\":\"https:\/\/cicamanuka.ca\/fr\/#organization\",\"name\":\"Cica Manuka\",\"url\":\"https:\/\/cicamanuka.ca\/fr\/\",\"logo\":{\"@type\":\"ImageObject\",\"inLanguage\":\"fr-FR\",\"@id\":\"https:\/\/cicamanuka.ca\/fr\/#\/schema\/logo\/image\/\",\"url\":\"https:\/\/cicamanuka.ca\/wp-content\/uploads\/2023\/03\/logoCM.svg\",\"contentUrl\":\"https:\/\/cicamanuka.ca\/wp-content\/uploads\/2023\/03\/logoCM.svg\",\"width\":160,\"height\":85,\"caption\":\"Cica Manuka\"},\"image\":{\"@id\":\"https:\/\/cicamanuka.ca\/fr\/#\/schema\/logo\/image\/\"}}]}<\/script>\n<!-- \/ Yoast SEO plugin. -->","yoast_head_json":{"title":"Soin l\u00e8vres r\u00e9parateur - Cica Manuka","robots":{"index":"index","follow":"follow","max-snippet":"max-snippet:-1","max-image-preview":"max-image-preview:large","max-video-preview":"max-video-preview:-1"},"canonical":"https:\/\/cicamanuka.ca\/fr\/produit\/soin-levres-reparateur\/","og_locale":"fr_FR","og_type":"article","og_title":"Soin l\u00e8vres r\u00e9parateur - Cica Manuka","og_description":"R\u00c9PARE \u2013 NOURRIT \u2013 APAISE L\u00e8vres gerc\u00e9es, irrit\u00e9es, dess\u00e9ch\u00e9es  10% de miel de Manuka 100% d\u2019ingr\u00e9dients d\u2019origine naturelle  15 ml","og_url":"https:\/\/cicamanuka.ca\/fr\/produit\/soin-levres-reparateur\/","og_site_name":"Cica Manuka","article_modified_time":"2023-04-09T22:26:12+00:00","og_image":[{"width":2000,"height":1500,"url":"https:\/\/cicamanuka.ca\/wp-content\/uploads\/2023\/03\/Cika-Manuka-Honey-Based-Lip-Repair-Cream.png","type":"image\/png"}],"twitter_card":"summary_large_image","twitter_misc":{"Dur\u00e9e de lecture estim\u00e9e":"2 minutes"},"schema":{"@context":"https:\/\/schema.org","@graph":[{"@type":"WebPage","@id":"https:\/\/cicamanuka.ca\/fr\/produit\/soin-levres-reparateur\/","url":"https:\/\/cicamanuka.ca\/fr\/produit\/soin-levres-reparateur\/","name":"Soin l\u00e8vres r\u00e9parateur - Cica Manuka","isPartOf":{"@id":"https:\/\/cicamanuka.ca\/fr\/#website"},"primaryImageOfPage":{"@id":"https:\/\/cicamanuka.ca\/fr\/produit\/soin-levres-reparateur\/#primaryimage"},"image":{"@id":"https:\/\/cicamanuka.ca\/fr\/produit\/soin-levres-reparateur\/#primaryimage"},"thumbnailUrl":"https:\/\/cicamanuka.ca\/wp-content\/uploads\/2023\/03\/Cika-Manuka-Honey-Based-Lip-Repair-Cream.png","datePublished":"2023-03-24T21:17:09+00:00","dateModified":"2023-04-09T22:26:12+00:00","breadcrumb":{"@id":"https:\/\/cicamanuka.ca\/fr\/produit\/soin-levres-reparateur\/#breadcrumb"},"inLanguage":"fr-FR","potentialAction":[{"@type":"ReadAction","target":["https:\/\/cicamanuka.ca\/fr\/produit\/soin-levres-reparateur\/"]}]},{"@type":"ImageObject","inLanguage":"fr-FR","@id":"https:\/\/cicamanuka.ca\/fr\/produit\/soin-levres-reparateur\/#primaryimage","url":"https:\/\/cicamanuka.ca\/wp-content\/uploads\/2023\/03\/Cika-Manuka-Honey-Based-Lip-Repair-Cream.png","contentUrl":"https:\/\/cicamanuka.ca\/wp-content\/uploads\/2023\/03\/Cika-Manuka-Honey-Based-Lip-Repair-Cream.png","width":2000,"height":1500},{"@type":"BreadcrumbList","@id":"https:\/\/cicamanuka.ca\/fr\/produit\/soin-levres-reparateur\/#breadcrumb","itemListElement":[{"@type":"ListItem","position":1,"name":"Home","item":"https:\/\/cicamanuka.ca\/fr\/"},{"@type":"ListItem","position":2,"name":"TOUS","item":"https:\/\/cicamanuka.ca\/fr\/tous\/"},{"@type":"ListItem","position":3,"name":"Soin l\u00e8vres r\u00e9parateur"}]},{"@type":"WebSite","@id":"https:\/\/cicamanuka.ca\/fr\/#website","url":"https:\/\/cicamanuka.ca\/fr\/","name":"Cica Manuka","description":"","publisher":{"@id":"https:\/\/cicamanuka.ca\/fr\/#organization"},"potentialAction":[{"@type":"SearchAction","target":{"@type":"EntryPoint","urlTemplate":"https:\/\/cicamanuka.ca\/fr\/?s={search_term_string}"},"query-input":{"@type":"PropertyValueSpecification","valueRequired":true,"valueName":"search_term_string"}}],"inLanguage":"fr-FR"},{"@type":"Organization","@id":"https:\/\/cicamanuka.ca\/fr\/#organization","name":"Cica Manuka","url":"https:\/\/cicamanuka.ca\/fr\/","logo":{"@type":"ImageObject","inLanguage":"fr-FR","@id":"https:\/\/cicamanuka.ca\/fr\/#\/schema\/logo\/image\/","url":"https:\/\/cicamanuka.ca\/wp-content\/uploads\/2023\/03\/logoCM.svg","contentUrl":"https:\/\/cicamanuka.ca\/wp-content\/uploads\/2023\/03\/logoCM.svg","width":160,"height":85,"caption":"Cica Manuka"},"image":{"@id":"https:\/\/cicamanuka.ca\/fr\/#\/schema\/logo\/image\/"}}]}},"_links":{"self":[{"href":"https:\/\/cicamanuka.ca\/fr\/wp-json\/wp\/v2\/product\/751","targetHints":{"allow":["GET"]}}],"collection":[{"href":"https:\/\/cicamanuka.ca\/fr\/wp-json\/wp\/v2\/product"}],"about":[{"href":"https:\/\/cicamanuka.ca\/fr\/wp-json\/wp\/v2\/types\/product"}],"replies":[{"embeddable":true,"href":"https:\/\/cicamanuka.ca\/fr\/wp-json\/wp\/v2\/comments?post=751"}],"wp:featuredmedia":[{"embeddable":true,"href":"https:\/\/cicamanuka.ca\/fr\/wp-json\/wp\/v2\/media\/608"}],"wp:attachment":[{"href":"https:\/\/cicamanuka.ca\/fr\/wp-json\/wp\/v2\/media?parent=751"}],"wp:term":[{"taxonomy":"product_brand","embeddable":true,"href":"https:\/\/cicamanuka.ca\/fr\/wp-json\/wp\/v2\/product_brand?post=751"},{"taxonomy":"product_cat","embeddable":true,"href":"https:\/\/cicamanuka.ca\/fr\/wp-json\/wp\/v2\/product_cat?post=751"},{"taxonomy":"product_tag","embeddable":true,"href":"https:\/\/cicamanuka.ca\/fr\/wp-json\/wp\/v2\/product_tag?post=751"}],"curies":[{"name":"wp","href":"https:\/\/api.w.org\/{rel}","templated":true}]}}