{"id":750,"date":"2023-03-24T21:21:24","date_gmt":"2023-03-24T21:21:24","guid":{"rendered":"https:\/\/cicamanuka.ca\/?post_type=product&#038;p=750"},"modified":"2023-04-09T22:25:20","modified_gmt":"2023-04-09T22:25:20","slug":"dentifrice-blancheur","status":"publish","type":"product","link":"https:\/\/cicamanuka.ca\/fr\/produit\/dentifrice-blancheur\/","title":{"rendered":"Dentifrice blancheur"},"content":{"rendered":"<p><strong>B\u00e9n\u00e9fices :<br \/>\n<\/strong><\/p>\n<ul>\n<li>Pr\u00e9serve la blancheur naturelle des dents<\/li>\n<li>Maintient l\u2019\u00e9clat des dents<\/li>\n<li>Limite l\u2019apparition de la plaque dentaire<\/li>\n<\/ul>\n<p><strong>Formule certif\u00e9e :\u00a0<\/strong><\/p>\n<ul>\n<li>100% des ingr\u00e9dients sont d\u2019origine naturelle<\/li>\n<li>Test\u00e9e sous contr\u00f4le dermatologique<\/li>\n<li>Pour toute la famille d\u00e8s 7 ans<\/li>\n<\/ul>\n<p><strong>Son +<\/strong>\u00a0:\u00a0<strong>formul\u00e9 sans fluor<\/strong><\/p>\n<hr \/>\n<p>Formul\u00e9 \u00e0 base d\u2019<strong>ingr\u00e9dients 100% d\u2019origine naturelle<\/strong>\u00a0<strong>enrichi en miel de Manuka IAA15+\u00a0<\/strong>aux propri\u00e9t\u00e9s anti-bact\u00e9riennes et r\u00e9paratrices, de propolis et d\u2019huile essentielle de Manuka, le dentifrice blancheur nettoie en profondeur,\u00a0<strong>pr\u00e9serve la blancheur naturelle et maintient l\u2019\u00e9clat des dents<\/strong>\u00a0sans alt\u00e9rer l\u2019\u00e9mail pour un sourire sublim\u00e9. Compos\u00e9 de bicarbonate de sodium aux propri\u00e9t\u00e9s blanchissantes et d\u2019extraits de plantes (citron, concombre, sauge\u2026) qui apportent une\u00a0<strong>sensation de fra\u00eecheur imm\u00e9diate<\/strong>.<\/p>\n<p><strong>Miel de Manuka IAA\u00ae<\/strong> : propri\u00e9t\u00e9s anti-bact\u00e9riennes et r\u00e9paratrices<br \/>\n<strong>Propolis\u00a0<\/strong>: propri\u00e9t\u00e9s assainissantes et apaisantes<br \/>\n<strong>Huile essentielle de Manuka<\/strong> : propri\u00e9t\u00e9s anti-bact\u00e9riennes et purifiantes<br \/>\n<strong>Bicarbonate de sodium<\/strong> : propri\u00e9t\u00e9s blanchissantes<br \/>\n<strong>Extraits de plantes<\/strong>\u00a0(citron, millet, concombre, sauge, romarin) : pour une haleine fra\u00eeche<\/p>\n<hr \/>\n<p>Les dentifrices certifi\u00e9s Ecocert puisent leur action nettoyante, assainissante, apaisante, rafra\u00eechissante ou encore blanchissante dans des ingr\u00e9dients naturels et bio. De ce fait, leur composition \u00e9carte certains ingr\u00e9dients controvers\u00e9s. Les dentifrices certifi\u00e9s Ecocert se positionnent comme des produits d\u2019hygi\u00e8ne bucco-dentaire respectueux qui prot\u00e8gent l&rsquo;\u00e9mail des dents, soulagent les gencives, pr\u00e9viennent les caries*, limitent l\u2019apparition de la plaque dentaire* et nettoient tout en laissant une bouche plus saine jour apr\u00e8s jour!<\/p>\n<p>*avec brossage.<\/p>\n<hr \/>\n<p><strong>UTILISATION :<\/strong><\/p>\n<p>Brosser les dents quotidiennement apr\u00e8s chaque repas, pendant 3 minutes. Rincer.<\/p>\n<p><strong>Ne pas utiliser<\/strong> chez les enfants de moins de 7 ans. <strong>Ne pas<\/strong> avaler. Convient aux femmes enceintes et allaitantes. R\u00e9serv\u00e9 \u00e0 l\u2019usage externe. Conserver \u00e0 l\u2019abri de la chaleur.<\/p>\n<hr \/>\n<p><strong>INGR\u00c9DIENTS :<\/strong><\/p>\n<p>CALCIUM CARBONATE, AQUA, GLYCERIN, PSEUDOTSUGAMENZIESII WATER*, ALCOHOL**, SODIUM BICARBONATE, LAURYL GLUCOSIDE, MEL\/HONEY\/MIEL, XANTHAN GUM, BETULA ALBA JUICE*, CHONDRUS CRISPUS (CARRAGEENAN) POWDER, MENTHA ARVENSIS LEAF OIL*, CITRIC ACID, CITRUS LIMON (LEMON) PEEL OIL*, ROSMARINUS OFFICINALIS (ROSEMARY) LEAF OIL*, SODIUM HYDROXIDE, STEVIOSIDE, HIPPOPHAE RHAMNOIDES FRUIT JUICE*, SALVIA SCLAREA (CLARY) OIL*, MELALEUCA ALTERNIFOLIA (TEA TREE) LEAF OIL*, PANICUM MILIACEUM (MILLET) SEED EXTRACT*, MALTODEXTRIN**, LEPTOSPERMUM SCOPARIUMBRANCH\/LEAF OIL, CUCUMIS SATIVUS (CUCUMBER) FRUIT EXTRACT*, PROPOLIS CERA*, ROSMARINUS OFFICINALIS (ROSEMARY) LEAF EXTRACT*, LIMONENE, LINALOOL.<\/p>\n<p>*Ingr\u00e9dients issus de l\u2019agriculture biologique<br \/>\n**Transform\u00e9 \u00e0 partir d\u2019ingr\u00e9dients biologiques<\/p>\n<p><strong><span title=\"\">100% du total des ingr\u00e9dients sont d\u2019origine naturelle<\/span><\/strong><br \/>\n<strong><span title=\"\">16,1% du total des ingr\u00e9dients sont issus de l\u2019agriculture biologique<\/span><\/strong><\/p>\n<hr \/>\n<p><strong>Formul\u00e9 sans allerg\u00e8ne<\/strong>\u00a0(selon la liste des 26 allerg\u00e8nes r\u00e9glement\u00e9s en cosm\u00e9tique).<\/p>\n<p><strong>Cosm\u00e9tique \u00c9cologique et Biologique<\/strong>\u00a0certifi\u00e9 par\u00a0<strong>Ecocert<\/strong>\u00a0Greenlife selon le r\u00e9f\u00e9rentiel ECOCERT disponible sur : http:\/\/cosmetiques.ecocert.com<\/p>\n<p>Tube \u00e9co-con\u00e7u 100% recyclable<\/p>\n","protected":false},"excerpt":{"rendered":"<p>AIDE \u00c0 MAINTENIR LA BLANCHEUR ET L&rsquo;\u00c9CLAT DES DENTS<\/p>\n<p>Miel de Manuka actif IAA15+<br \/>\n100% d\u2019ingr\u00e9dients d\u2019origine naturelle<\/p>\n<p>75 ml<\/p>\n","protected":false},"featured_media":609,"comment_status":"open","ping_status":"closed","template":"","meta":{"_acf_changed":false},"product_brand":[],"product_cat":[107,102,108],"product_tag":[],"class_list":{"0":"post-750","1":"product","2":"type-product","3":"status-publish","4":"has-post-thumbnail","6":"product_cat-dentifrice-special","7":"product_cat-produits-miel-de-manuka","8":"product_cat-soins-bucco-dentaires","9":"sales-flash-overlay","10":"woocommerce-text-align-center","11":"woocommerce-image-align-center","12":"do-quantity-buttons","14":"first","15":"instock","16":"taxable","17":"shipping-taxable","18":"purchasable","19":"product-type-simple"},"acf":[],"yoast_head":"<!-- This site is optimized with the Yoast SEO plugin v25.3 - https:\/\/yoast.com\/wordpress\/plugins\/seo\/ -->\n<title>Dentifrice blancheur - Cica Manuka<\/title>\n<meta name=\"robots\" content=\"index, follow, max-snippet:-1, max-image-preview:large, max-video-preview:-1\" \/>\n<link rel=\"canonical\" href=\"https:\/\/cicamanuka.ca\/fr\/produit\/dentifrice-blancheur\/\" \/>\n<meta property=\"og:locale\" content=\"fr_FR\" \/>\n<meta property=\"og:type\" content=\"article\" \/>\n<meta property=\"og:title\" content=\"Dentifrice blancheur - Cica Manuka\" \/>\n<meta property=\"og:description\" content=\"AIDE \u00c0 MAINTENIR LA BLANCHEUR ET L&#039;\u00c9CLAT DES DENTS  Miel de Manuka actif IAA15+ 100% d\u2019ingr\u00e9dients d\u2019origine naturelle  75 ml\" \/>\n<meta property=\"og:url\" content=\"https:\/\/cicamanuka.ca\/fr\/produit\/dentifrice-blancheur\/\" \/>\n<meta property=\"og:site_name\" content=\"Cica Manuka\" \/>\n<meta property=\"article:modified_time\" content=\"2023-04-09T22:25:20+00:00\" \/>\n<meta property=\"og:image\" content=\"https:\/\/cicamanuka.ca\/wp-content\/uploads\/2023\/03\/Cika-Manuka-Honey-Based-Whitening-Toothpaste.png\" \/>\n\t<meta property=\"og:image:width\" content=\"2000\" \/>\n\t<meta property=\"og:image:height\" content=\"1500\" \/>\n\t<meta property=\"og:image:type\" content=\"image\/png\" \/>\n<meta name=\"twitter:card\" content=\"summary_large_image\" \/>\n<meta name=\"twitter:label1\" content=\"Dur\u00e9e de lecture estim\u00e9e\" \/>\n\t<meta name=\"twitter:data1\" content=\"2 minutes\" \/>\n<script type=\"application\/ld+json\" class=\"yoast-schema-graph\">{\"@context\":\"https:\/\/schema.org\",\"@graph\":[{\"@type\":\"WebPage\",\"@id\":\"https:\/\/cicamanuka.ca\/fr\/produit\/dentifrice-blancheur\/\",\"url\":\"https:\/\/cicamanuka.ca\/fr\/produit\/dentifrice-blancheur\/\",\"name\":\"Dentifrice blancheur - Cica Manuka\",\"isPartOf\":{\"@id\":\"https:\/\/cicamanuka.ca\/fr\/#website\"},\"primaryImageOfPage\":{\"@id\":\"https:\/\/cicamanuka.ca\/fr\/produit\/dentifrice-blancheur\/#primaryimage\"},\"image\":{\"@id\":\"https:\/\/cicamanuka.ca\/fr\/produit\/dentifrice-blancheur\/#primaryimage\"},\"thumbnailUrl\":\"https:\/\/cicamanuka.ca\/wp-content\/uploads\/2023\/03\/Cika-Manuka-Honey-Based-Whitening-Toothpaste.png\",\"datePublished\":\"2023-03-24T21:21:24+00:00\",\"dateModified\":\"2023-04-09T22:25:20+00:00\",\"breadcrumb\":{\"@id\":\"https:\/\/cicamanuka.ca\/fr\/produit\/dentifrice-blancheur\/#breadcrumb\"},\"inLanguage\":\"fr-FR\",\"potentialAction\":[{\"@type\":\"ReadAction\",\"target\":[\"https:\/\/cicamanuka.ca\/fr\/produit\/dentifrice-blancheur\/\"]}]},{\"@type\":\"ImageObject\",\"inLanguage\":\"fr-FR\",\"@id\":\"https:\/\/cicamanuka.ca\/fr\/produit\/dentifrice-blancheur\/#primaryimage\",\"url\":\"https:\/\/cicamanuka.ca\/wp-content\/uploads\/2023\/03\/Cika-Manuka-Honey-Based-Whitening-Toothpaste.png\",\"contentUrl\":\"https:\/\/cicamanuka.ca\/wp-content\/uploads\/2023\/03\/Cika-Manuka-Honey-Based-Whitening-Toothpaste.png\",\"width\":2000,\"height\":1500},{\"@type\":\"BreadcrumbList\",\"@id\":\"https:\/\/cicamanuka.ca\/fr\/produit\/dentifrice-blancheur\/#breadcrumb\",\"itemListElement\":[{\"@type\":\"ListItem\",\"position\":1,\"name\":\"Home\",\"item\":\"https:\/\/cicamanuka.ca\/fr\/\"},{\"@type\":\"ListItem\",\"position\":2,\"name\":\"TOUS\",\"item\":\"https:\/\/cicamanuka.ca\/fr\/tous\/\"},{\"@type\":\"ListItem\",\"position\":3,\"name\":\"Dentifrice blancheur\"}]},{\"@type\":\"WebSite\",\"@id\":\"https:\/\/cicamanuka.ca\/fr\/#website\",\"url\":\"https:\/\/cicamanuka.ca\/fr\/\",\"name\":\"Cica Manuka\",\"description\":\"\",\"publisher\":{\"@id\":\"https:\/\/cicamanuka.ca\/fr\/#organization\"},\"potentialAction\":[{\"@type\":\"SearchAction\",\"target\":{\"@type\":\"EntryPoint\",\"urlTemplate\":\"https:\/\/cicamanuka.ca\/fr\/?s={search_term_string}\"},\"query-input\":{\"@type\":\"PropertyValueSpecification\",\"valueRequired\":true,\"valueName\":\"search_term_string\"}}],\"inLanguage\":\"fr-FR\"},{\"@type\":\"Organization\",\"@id\":\"https:\/\/cicamanuka.ca\/fr\/#organization\",\"name\":\"Cica Manuka\",\"url\":\"https:\/\/cicamanuka.ca\/fr\/\",\"logo\":{\"@type\":\"ImageObject\",\"inLanguage\":\"fr-FR\",\"@id\":\"https:\/\/cicamanuka.ca\/fr\/#\/schema\/logo\/image\/\",\"url\":\"https:\/\/cicamanuka.ca\/wp-content\/uploads\/2023\/03\/logoCM.svg\",\"contentUrl\":\"https:\/\/cicamanuka.ca\/wp-content\/uploads\/2023\/03\/logoCM.svg\",\"width\":160,\"height\":85,\"caption\":\"Cica Manuka\"},\"image\":{\"@id\":\"https:\/\/cicamanuka.ca\/fr\/#\/schema\/logo\/image\/\"}}]}<\/script>\n<!-- \/ Yoast SEO plugin. -->","yoast_head_json":{"title":"Dentifrice blancheur - Cica Manuka","robots":{"index":"index","follow":"follow","max-snippet":"max-snippet:-1","max-image-preview":"max-image-preview:large","max-video-preview":"max-video-preview:-1"},"canonical":"https:\/\/cicamanuka.ca\/fr\/produit\/dentifrice-blancheur\/","og_locale":"fr_FR","og_type":"article","og_title":"Dentifrice blancheur - Cica Manuka","og_description":"AIDE \u00c0 MAINTENIR LA BLANCHEUR ET L'\u00c9CLAT DES DENTS  Miel de Manuka actif IAA15+ 100% d\u2019ingr\u00e9dients d\u2019origine naturelle  75 ml","og_url":"https:\/\/cicamanuka.ca\/fr\/produit\/dentifrice-blancheur\/","og_site_name":"Cica Manuka","article_modified_time":"2023-04-09T22:25:20+00:00","og_image":[{"width":2000,"height":1500,"url":"https:\/\/cicamanuka.ca\/wp-content\/uploads\/2023\/03\/Cika-Manuka-Honey-Based-Whitening-Toothpaste.png","type":"image\/png"}],"twitter_card":"summary_large_image","twitter_misc":{"Dur\u00e9e de lecture estim\u00e9e":"2 minutes"},"schema":{"@context":"https:\/\/schema.org","@graph":[{"@type":"WebPage","@id":"https:\/\/cicamanuka.ca\/fr\/produit\/dentifrice-blancheur\/","url":"https:\/\/cicamanuka.ca\/fr\/produit\/dentifrice-blancheur\/","name":"Dentifrice blancheur - Cica Manuka","isPartOf":{"@id":"https:\/\/cicamanuka.ca\/fr\/#website"},"primaryImageOfPage":{"@id":"https:\/\/cicamanuka.ca\/fr\/produit\/dentifrice-blancheur\/#primaryimage"},"image":{"@id":"https:\/\/cicamanuka.ca\/fr\/produit\/dentifrice-blancheur\/#primaryimage"},"thumbnailUrl":"https:\/\/cicamanuka.ca\/wp-content\/uploads\/2023\/03\/Cika-Manuka-Honey-Based-Whitening-Toothpaste.png","datePublished":"2023-03-24T21:21:24+00:00","dateModified":"2023-04-09T22:25:20+00:00","breadcrumb":{"@id":"https:\/\/cicamanuka.ca\/fr\/produit\/dentifrice-blancheur\/#breadcrumb"},"inLanguage":"fr-FR","potentialAction":[{"@type":"ReadAction","target":["https:\/\/cicamanuka.ca\/fr\/produit\/dentifrice-blancheur\/"]}]},{"@type":"ImageObject","inLanguage":"fr-FR","@id":"https:\/\/cicamanuka.ca\/fr\/produit\/dentifrice-blancheur\/#primaryimage","url":"https:\/\/cicamanuka.ca\/wp-content\/uploads\/2023\/03\/Cika-Manuka-Honey-Based-Whitening-Toothpaste.png","contentUrl":"https:\/\/cicamanuka.ca\/wp-content\/uploads\/2023\/03\/Cika-Manuka-Honey-Based-Whitening-Toothpaste.png","width":2000,"height":1500},{"@type":"BreadcrumbList","@id":"https:\/\/cicamanuka.ca\/fr\/produit\/dentifrice-blancheur\/#breadcrumb","itemListElement":[{"@type":"ListItem","position":1,"name":"Home","item":"https:\/\/cicamanuka.ca\/fr\/"},{"@type":"ListItem","position":2,"name":"TOUS","item":"https:\/\/cicamanuka.ca\/fr\/tous\/"},{"@type":"ListItem","position":3,"name":"Dentifrice blancheur"}]},{"@type":"WebSite","@id":"https:\/\/cicamanuka.ca\/fr\/#website","url":"https:\/\/cicamanuka.ca\/fr\/","name":"Cica Manuka","description":"","publisher":{"@id":"https:\/\/cicamanuka.ca\/fr\/#organization"},"potentialAction":[{"@type":"SearchAction","target":{"@type":"EntryPoint","urlTemplate":"https:\/\/cicamanuka.ca\/fr\/?s={search_term_string}"},"query-input":{"@type":"PropertyValueSpecification","valueRequired":true,"valueName":"search_term_string"}}],"inLanguage":"fr-FR"},{"@type":"Organization","@id":"https:\/\/cicamanuka.ca\/fr\/#organization","name":"Cica Manuka","url":"https:\/\/cicamanuka.ca\/fr\/","logo":{"@type":"ImageObject","inLanguage":"fr-FR","@id":"https:\/\/cicamanuka.ca\/fr\/#\/schema\/logo\/image\/","url":"https:\/\/cicamanuka.ca\/wp-content\/uploads\/2023\/03\/logoCM.svg","contentUrl":"https:\/\/cicamanuka.ca\/wp-content\/uploads\/2023\/03\/logoCM.svg","width":160,"height":85,"caption":"Cica Manuka"},"image":{"@id":"https:\/\/cicamanuka.ca\/fr\/#\/schema\/logo\/image\/"}}]}},"_links":{"self":[{"href":"https:\/\/cicamanuka.ca\/fr\/wp-json\/wp\/v2\/product\/750","targetHints":{"allow":["GET"]}}],"collection":[{"href":"https:\/\/cicamanuka.ca\/fr\/wp-json\/wp\/v2\/product"}],"about":[{"href":"https:\/\/cicamanuka.ca\/fr\/wp-json\/wp\/v2\/types\/product"}],"replies":[{"embeddable":true,"href":"https:\/\/cicamanuka.ca\/fr\/wp-json\/wp\/v2\/comments?post=750"}],"wp:featuredmedia":[{"embeddable":true,"href":"https:\/\/cicamanuka.ca\/fr\/wp-json\/wp\/v2\/media\/609"}],"wp:attachment":[{"href":"https:\/\/cicamanuka.ca\/fr\/wp-json\/wp\/v2\/media?parent=750"}],"wp:term":[{"taxonomy":"product_brand","embeddable":true,"href":"https:\/\/cicamanuka.ca\/fr\/wp-json\/wp\/v2\/product_brand?post=750"},{"taxonomy":"product_cat","embeddable":true,"href":"https:\/\/cicamanuka.ca\/fr\/wp-json\/wp\/v2\/product_cat?post=750"},{"taxonomy":"product_tag","embeddable":true,"href":"https:\/\/cicamanuka.ca\/fr\/wp-json\/wp\/v2\/product_tag?post=750"}],"curies":[{"name":"wp","href":"https:\/\/api.w.org\/{rel}","templated":true}]}}