{"id":749,"date":"2023-03-24T21:22:26","date_gmt":"2023-03-24T21:22:26","guid":{"rendered":"https:\/\/cicamanuka.ca\/?post_type=product&#038;p=749"},"modified":"2023-04-09T22:23:22","modified_gmt":"2023-04-09T22:23:22","slug":"dentifrice-gencives-sensibles","status":"publish","type":"product","link":"https:\/\/cicamanuka.ca\/fr\/produit\/dentifrice-gencives-sensibles\/","title":{"rendered":"Dentifrice gencives sensibles"},"content":{"rendered":"<p><strong>B\u00e9n\u00e9fices :<\/strong><\/p>\n<ul>\n<li>R\u00e9pare et soulage les gencives sensibles<\/li>\n<li>Nettoie en douceur et en profondeur<\/li>\n<li>Limite l\u2019apparition de la plaque dentaire<\/li>\n<\/ul>\n<p><strong>Formule certifi\u00e9e :<\/strong><\/p>\n<ul>\n<li>100% des ingr\u00e9dients sont d\u2019origine naturelle<\/li>\n<li>Test\u00e9e sous contr\u00f4le dermatologique<\/li>\n<li>Pour toute la famille d\u00e8s 7 ans<\/li>\n<\/ul>\n<p><strong>Son +<\/strong>\u00a0:\u00a0<strong>formul\u00e9 sans fluor<\/strong><\/p>\n<p>Ce dentifrice certifi\u00e9 Ecocert est formul\u00e9 avec\u00a0<strong>100% d\u2019ingr\u00e9dients d\u2019origine naturelle, enrichi au miel de Manuka IAA15+ aux propri\u00e9t\u00e9s anti-bact\u00e9riennes et r\u00e9paratrices<\/strong>, \u00e0 la propolis et \u00e0 l\u2019huile essentielle de Manuka pour\u00a0<strong>aider \u00e0<\/strong>\u00a0<strong>r\u00e9parer et soulager les gencives sensibles<\/strong>. Il nettoie en douceur et en profondeur,\u00a0<strong>maintient les gencives saines et aide \u00e0 prot\u00e8ge les dents<\/strong>. Les gencives sont apais\u00e9es et la bouche assainie.<\/p>\n<p><strong>Miel de Manuka IAA\u00ae<\/strong> : propri\u00e9t\u00e9s anti-bact\u00e9riennes et r\u00e9paratrices<br \/>\n<strong>Propolis\u00a0<\/strong>: propri\u00e9t\u00e9s assainissantes et apaisantes<br \/>\n<strong>Huile essentielle de Manuka<\/strong> : propri\u00e9t\u00e9s anti-bact\u00e9riennes et purifiantes<br \/>\n<strong>Hydrolat de m\u00e9lisse bio<\/strong> : propri\u00e9t\u00e9s calmantes<br \/>\n<strong>Extraits de plantes<\/strong>\u00a0(r\u00e9glisse, m\u00e9lisse, romarin, marron d\u2019Inde) : propri\u00e9t\u00e9s apaisantes et tonifiantes<\/p>\n<hr \/>\n<p>Les dentifrices certifi\u00e9s Ecocert puisent leur action nettoyante, assainissante, apaisante, rafra\u00eechissante ou encore blanchissante dans des ingr\u00e9dients naturels et bio. De ce fait, leur composition \u00e9carte certains ingr\u00e9dients controvers\u00e9s. Les dentifrices certifi\u00e9s Ecocert se positionnent comme des produits d\u2019hygi\u00e8ne bucco-dentaire respectueux qui prot\u00e8gent l&rsquo;\u00e9mail des dents, soulagent les gencives, pr\u00e9viennent les caries*, limitent l\u2019apparition de la plaque dentaire* et nettoient tout en laissant une bouche plus saine jour apr\u00e8s jour!<\/p>\n<p>*avec brossage.<\/p>\n<hr \/>\n<p><strong>INGR\u00c9DIENTS :<\/strong><\/p>\n<p>CALCIUM CARBONATE, AQUA, GLYCERIN, MELISSA OFFICINALIS FLOWER\/LEAF\/STEM WATER*, ALCOHOL**, LAURYL GLUCOSIDE, MEL\/HONEY\/MIEL, CHONDRUS CRISPUS (CARRAGEENAN) POWDER, XANTHAN GUM, MENTHA ARVENSISLEAF OIL*, CITRIC ACID, ROSMARINUS OFFICINALIS (ROSEMARY) LEAFOIL*, SODIUM HYDROXIDE, GLYCYRRHIZA GLABRA (LICORICE) ROOT EXTRACT*, STEVIOSIDE, SALVIA SCLAREA (CLARY) OIL*, PROPOLIS CERA*, AESCULUS HIPPOCASTANUM (HORSE CHESTNUT) SEED EXTRACT*, LEPTOSPERMUM SCOPARIUM BRANCH\/LEAF OIL, MALTODEXTRIN**, LIMONENE, LINALOOL.<\/p>\n<p>*Ingr\u00e9dients issus de l\u2019agriculture biologique<br \/>\n**Transform\u00e9 \u00e0 partir d\u2019ingr\u00e9dients biologiques<\/p>\n<p><strong><span title=\"\">100% du total des ingr\u00e9dients sont d\u2019origine naturelle<\/span><\/strong><br \/>\n<strong><span title=\"\">13,7% du total des ingr\u00e9dients sont issus de l\u2019agriculture biologique<\/span><\/strong><\/p>\n<hr \/>\n<p><strong>Formul\u00e9 sans allerg\u00e8ne<\/strong>\u00a0(selon la liste des 26 allerg\u00e8nes r\u00e9glement\u00e9s en cosm\u00e9tique).<\/p>\n<p><strong>Cosm\u00e9tique \u00c9cologique et Biologique<\/strong>\u00a0certifi\u00e9 par\u00a0<strong>Ecocert<\/strong>\u00a0Greenlife selon le r\u00e9f\u00e9rentiel ECOCERT disponible sur : http:\/\/cosmetiques.ecocert.com<\/p>\n<p>Tube \u00e9co-con\u00e7u 100% recyclable<\/p>\n<p>This toothpaste is specially formulated to gently clean, soothe gums and protect teeth.<\/p>\n<p>This Ecocert certified toothpaste is formulated with 100% naturally derived ingredients, enriched with IAA15+ Manuka honey with anti-bacterial and restorative properties, propolis and Manuka essential oil to help repair and relieve sensitive gums. It gently and thoroughly cleanses, maintains healthy gums and helps protect teeth. Gums are soothed and the mouth is cleansed.<\/p>\n<p>Its soft texture is enriched with organic lemon balm with soothing virtues.<\/p>\n<hr \/>\n<p>Ecocert certified toothpastes draw their cleaning, sanitizing, soothing, refreshing or whitening action from natural and organic ingredients. As a result, their composition excludes certain controversial ingredients. Ecocert certified toothpastes are positioned as respectful oral hygiene products that protect tooth enamel, soothe gums, prevent cavities*, limit the appearance of dental plaque* and clean while leaving a healthier mouth day after day!<\/p>\n<p>*by brushing.<\/p>\n<hr \/>\n<p><strong>USE: <\/strong><\/p>\n<p>Brush teeth daily after each meal for 3 minutes. Rinse off.<\/p>\n<p>Keep away from heat. Suitable for pregnant and nursing women. <strong>Do not use<\/strong> with children under 7 years old. Avoid contact with eyes.<br \/>\n<strong>Do not<\/strong> swallow.<\/p>\n<hr \/>\n<p><strong>INGREDIENTS:<\/strong><\/p>\n<p>CALCIUM CARBONATE, AQUA, GLYCERIN, MELISSA OFFICINALIS FLOWER\/LEAF\/STEM WATER*, ALCOHOL**, LAURYL GLUCOSIDE, MEL\/HONEY\/MIEL, CHONDRUS CRISPUS (CARRAGEENAN) POWDER, XANTHAN GUM, MENTHA ARVENSISLEAF OIL*, CITRIC ACID, ROSMARINUS OFFICINALIS (ROSEMARY) LEAFOIL*, SODIUM HYDROXIDE, GLYCYRRHIZA GLABRA (LICORICE) ROOT EXTRACT*, STEVIOSIDE, SALVIA SCLAREA (CLARY) OIL*, PROPOLIS CERA*, AESCULUS HIPPOCASTANUM (HORSE CHESTNUT) SEED EXTRACT*, LEPTOSPERMUM SCOPARIUM BRANCH\/LEAF OIL, MALTODEXTRIN**, LIMONENE, LINALOOL.<\/p>\n<p>*Ingredient issued from organic farming<br \/>\n**Processed from organic ingredients<\/p>\n<p>100% of the total ingredients are of natural origin.<br \/>\n13.7% of the total ingredients are from organic farming.<\/p>\n<hr \/>\n<p><strong>Formulated without allergens\u00a0<\/strong>according to the list of 26 regulated allergens in cosmetics.<\/p>\n<p><strong>Ecological and Organic Cosmetics<\/strong> certified by <strong>ECOCERT<\/strong> Greenlife according to the ECOCERT standard available on http:\/\/cosmetiques.ecocert.com<\/p>\n<p>100% recyclable eco-designed tube<\/p>\n","protected":false},"excerpt":{"rendered":"<p>APAISE LES GENCIVES ET PROT\u00c8GE LES DENTS<\/p>\n<p>Miel de Manuka actif IAA15+<br \/>\n100% d\u2019ingr\u00e9dients d\u2019origine naturelle<\/p>\n<p>75 mlSOOTHES GUMS &amp; PROTECTS TEETH 100% of the ingredients are of natural origin Made with Manuka Honey IAA15+ 75 ml<\/p>\n","protected":false},"featured_media":604,"comment_status":"open","ping_status":"closed","template":"","meta":{"_acf_changed":false},"product_brand":[],"product_cat":[107,102,108],"product_tag":[],"class_list":{"0":"post-749","1":"product","2":"type-product","3":"status-publish","4":"has-post-thumbnail","6":"product_cat-dentifrice-special","7":"product_cat-produits-miel-de-manuka","8":"product_cat-soins-bucco-dentaires","9":"sales-flash-overlay","10":"woocommerce-text-align-center","11":"woocommerce-image-align-center","12":"do-quantity-buttons","14":"first","15":"instock","16":"taxable","17":"shipping-taxable","18":"purchasable","19":"product-type-simple"},"acf":[],"yoast_head":"<!-- This site is optimized with the Yoast SEO plugin v25.3 - https:\/\/yoast.com\/wordpress\/plugins\/seo\/ -->\n<title>Dentifrice gencives sensibles - Cica Manuka<\/title>\n<meta name=\"robots\" content=\"index, follow, max-snippet:-1, max-image-preview:large, max-video-preview:-1\" \/>\n<link rel=\"canonical\" href=\"https:\/\/cicamanuka.ca\/fr\/produit\/dentifrice-gencives-sensibles\/\" \/>\n<meta property=\"og:locale\" content=\"fr_FR\" \/>\n<meta property=\"og:type\" content=\"article\" \/>\n<meta property=\"og:title\" content=\"Dentifrice gencives sensibles - Cica Manuka\" \/>\n<meta property=\"og:description\" content=\"APAISE LES GENCIVES ET PROT\u00c8GE LES DENTS  Miel de Manuka actif IAA15+ 100% d\u2019ingr\u00e9dients d\u2019origine naturelle  75 mlSOOTHES GUMS &amp; PROTECTS TEETH 100% of the ingredients are of natural origin Made with Manuka Honey IAA15+ 75 ml\" \/>\n<meta property=\"og:url\" content=\"https:\/\/cicamanuka.ca\/fr\/produit\/dentifrice-gencives-sensibles\/\" \/>\n<meta property=\"og:site_name\" content=\"Cica Manuka\" \/>\n<meta property=\"article:modified_time\" content=\"2023-04-09T22:23:22+00:00\" \/>\n<meta property=\"og:image\" content=\"https:\/\/cicamanuka.ca\/wp-content\/uploads\/2023\/03\/Cika-Manuka-Honey-Based-Sensitive-Gums-Toothpaste.png\" \/>\n\t<meta property=\"og:image:width\" content=\"2000\" \/>\n\t<meta property=\"og:image:height\" content=\"1500\" \/>\n\t<meta property=\"og:image:type\" content=\"image\/png\" \/>\n<meta name=\"twitter:card\" content=\"summary_large_image\" \/>\n<meta name=\"twitter:label1\" content=\"Dur\u00e9e de lecture estim\u00e9e\" \/>\n\t<meta name=\"twitter:data1\" content=\"3 minutes\" \/>\n<script type=\"application\/ld+json\" class=\"yoast-schema-graph\">{\"@context\":\"https:\/\/schema.org\",\"@graph\":[{\"@type\":\"WebPage\",\"@id\":\"https:\/\/cicamanuka.ca\/fr\/produit\/dentifrice-gencives-sensibles\/\",\"url\":\"https:\/\/cicamanuka.ca\/fr\/produit\/dentifrice-gencives-sensibles\/\",\"name\":\"Dentifrice gencives sensibles - Cica Manuka\",\"isPartOf\":{\"@id\":\"https:\/\/cicamanuka.ca\/fr\/#website\"},\"primaryImageOfPage\":{\"@id\":\"https:\/\/cicamanuka.ca\/fr\/produit\/dentifrice-gencives-sensibles\/#primaryimage\"},\"image\":{\"@id\":\"https:\/\/cicamanuka.ca\/fr\/produit\/dentifrice-gencives-sensibles\/#primaryimage\"},\"thumbnailUrl\":\"https:\/\/cicamanuka.ca\/wp-content\/uploads\/2023\/03\/Cika-Manuka-Honey-Based-Sensitive-Gums-Toothpaste.png\",\"datePublished\":\"2023-03-24T21:22:26+00:00\",\"dateModified\":\"2023-04-09T22:23:22+00:00\",\"breadcrumb\":{\"@id\":\"https:\/\/cicamanuka.ca\/fr\/produit\/dentifrice-gencives-sensibles\/#breadcrumb\"},\"inLanguage\":\"fr-FR\",\"potentialAction\":[{\"@type\":\"ReadAction\",\"target\":[\"https:\/\/cicamanuka.ca\/fr\/produit\/dentifrice-gencives-sensibles\/\"]}]},{\"@type\":\"ImageObject\",\"inLanguage\":\"fr-FR\",\"@id\":\"https:\/\/cicamanuka.ca\/fr\/produit\/dentifrice-gencives-sensibles\/#primaryimage\",\"url\":\"https:\/\/cicamanuka.ca\/wp-content\/uploads\/2023\/03\/Cika-Manuka-Honey-Based-Sensitive-Gums-Toothpaste.png\",\"contentUrl\":\"https:\/\/cicamanuka.ca\/wp-content\/uploads\/2023\/03\/Cika-Manuka-Honey-Based-Sensitive-Gums-Toothpaste.png\",\"width\":2000,\"height\":1500},{\"@type\":\"BreadcrumbList\",\"@id\":\"https:\/\/cicamanuka.ca\/fr\/produit\/dentifrice-gencives-sensibles\/#breadcrumb\",\"itemListElement\":[{\"@type\":\"ListItem\",\"position\":1,\"name\":\"Home\",\"item\":\"https:\/\/cicamanuka.ca\/fr\/\"},{\"@type\":\"ListItem\",\"position\":2,\"name\":\"TOUS\",\"item\":\"https:\/\/cicamanuka.ca\/fr\/tous\/\"},{\"@type\":\"ListItem\",\"position\":3,\"name\":\"Dentifrice gencives sensibles\"}]},{\"@type\":\"WebSite\",\"@id\":\"https:\/\/cicamanuka.ca\/fr\/#website\",\"url\":\"https:\/\/cicamanuka.ca\/fr\/\",\"name\":\"Cica Manuka\",\"description\":\"\",\"publisher\":{\"@id\":\"https:\/\/cicamanuka.ca\/fr\/#organization\"},\"potentialAction\":[{\"@type\":\"SearchAction\",\"target\":{\"@type\":\"EntryPoint\",\"urlTemplate\":\"https:\/\/cicamanuka.ca\/fr\/?s={search_term_string}\"},\"query-input\":{\"@type\":\"PropertyValueSpecification\",\"valueRequired\":true,\"valueName\":\"search_term_string\"}}],\"inLanguage\":\"fr-FR\"},{\"@type\":\"Organization\",\"@id\":\"https:\/\/cicamanuka.ca\/fr\/#organization\",\"name\":\"Cica Manuka\",\"url\":\"https:\/\/cicamanuka.ca\/fr\/\",\"logo\":{\"@type\":\"ImageObject\",\"inLanguage\":\"fr-FR\",\"@id\":\"https:\/\/cicamanuka.ca\/fr\/#\/schema\/logo\/image\/\",\"url\":\"https:\/\/cicamanuka.ca\/wp-content\/uploads\/2023\/03\/logoCM.svg\",\"contentUrl\":\"https:\/\/cicamanuka.ca\/wp-content\/uploads\/2023\/03\/logoCM.svg\",\"width\":160,\"height\":85,\"caption\":\"Cica Manuka\"},\"image\":{\"@id\":\"https:\/\/cicamanuka.ca\/fr\/#\/schema\/logo\/image\/\"}}]}<\/script>\n<!-- \/ Yoast SEO plugin. -->","yoast_head_json":{"title":"Dentifrice gencives sensibles - Cica Manuka","robots":{"index":"index","follow":"follow","max-snippet":"max-snippet:-1","max-image-preview":"max-image-preview:large","max-video-preview":"max-video-preview:-1"},"canonical":"https:\/\/cicamanuka.ca\/fr\/produit\/dentifrice-gencives-sensibles\/","og_locale":"fr_FR","og_type":"article","og_title":"Dentifrice gencives sensibles - Cica Manuka","og_description":"APAISE LES GENCIVES ET PROT\u00c8GE LES DENTS  Miel de Manuka actif IAA15+ 100% d\u2019ingr\u00e9dients d\u2019origine naturelle  75 mlSOOTHES GUMS &amp; PROTECTS TEETH 100% of the ingredients are of natural origin Made with Manuka Honey IAA15+ 75 ml","og_url":"https:\/\/cicamanuka.ca\/fr\/produit\/dentifrice-gencives-sensibles\/","og_site_name":"Cica Manuka","article_modified_time":"2023-04-09T22:23:22+00:00","og_image":[{"width":2000,"height":1500,"url":"https:\/\/cicamanuka.ca\/wp-content\/uploads\/2023\/03\/Cika-Manuka-Honey-Based-Sensitive-Gums-Toothpaste.png","type":"image\/png"}],"twitter_card":"summary_large_image","twitter_misc":{"Dur\u00e9e de lecture estim\u00e9e":"3 minutes"},"schema":{"@context":"https:\/\/schema.org","@graph":[{"@type":"WebPage","@id":"https:\/\/cicamanuka.ca\/fr\/produit\/dentifrice-gencives-sensibles\/","url":"https:\/\/cicamanuka.ca\/fr\/produit\/dentifrice-gencives-sensibles\/","name":"Dentifrice gencives sensibles - Cica Manuka","isPartOf":{"@id":"https:\/\/cicamanuka.ca\/fr\/#website"},"primaryImageOfPage":{"@id":"https:\/\/cicamanuka.ca\/fr\/produit\/dentifrice-gencives-sensibles\/#primaryimage"},"image":{"@id":"https:\/\/cicamanuka.ca\/fr\/produit\/dentifrice-gencives-sensibles\/#primaryimage"},"thumbnailUrl":"https:\/\/cicamanuka.ca\/wp-content\/uploads\/2023\/03\/Cika-Manuka-Honey-Based-Sensitive-Gums-Toothpaste.png","datePublished":"2023-03-24T21:22:26+00:00","dateModified":"2023-04-09T22:23:22+00:00","breadcrumb":{"@id":"https:\/\/cicamanuka.ca\/fr\/produit\/dentifrice-gencives-sensibles\/#breadcrumb"},"inLanguage":"fr-FR","potentialAction":[{"@type":"ReadAction","target":["https:\/\/cicamanuka.ca\/fr\/produit\/dentifrice-gencives-sensibles\/"]}]},{"@type":"ImageObject","inLanguage":"fr-FR","@id":"https:\/\/cicamanuka.ca\/fr\/produit\/dentifrice-gencives-sensibles\/#primaryimage","url":"https:\/\/cicamanuka.ca\/wp-content\/uploads\/2023\/03\/Cika-Manuka-Honey-Based-Sensitive-Gums-Toothpaste.png","contentUrl":"https:\/\/cicamanuka.ca\/wp-content\/uploads\/2023\/03\/Cika-Manuka-Honey-Based-Sensitive-Gums-Toothpaste.png","width":2000,"height":1500},{"@type":"BreadcrumbList","@id":"https:\/\/cicamanuka.ca\/fr\/produit\/dentifrice-gencives-sensibles\/#breadcrumb","itemListElement":[{"@type":"ListItem","position":1,"name":"Home","item":"https:\/\/cicamanuka.ca\/fr\/"},{"@type":"ListItem","position":2,"name":"TOUS","item":"https:\/\/cicamanuka.ca\/fr\/tous\/"},{"@type":"ListItem","position":3,"name":"Dentifrice gencives sensibles"}]},{"@type":"WebSite","@id":"https:\/\/cicamanuka.ca\/fr\/#website","url":"https:\/\/cicamanuka.ca\/fr\/","name":"Cica Manuka","description":"","publisher":{"@id":"https:\/\/cicamanuka.ca\/fr\/#organization"},"potentialAction":[{"@type":"SearchAction","target":{"@type":"EntryPoint","urlTemplate":"https:\/\/cicamanuka.ca\/fr\/?s={search_term_string}"},"query-input":{"@type":"PropertyValueSpecification","valueRequired":true,"valueName":"search_term_string"}}],"inLanguage":"fr-FR"},{"@type":"Organization","@id":"https:\/\/cicamanuka.ca\/fr\/#organization","name":"Cica Manuka","url":"https:\/\/cicamanuka.ca\/fr\/","logo":{"@type":"ImageObject","inLanguage":"fr-FR","@id":"https:\/\/cicamanuka.ca\/fr\/#\/schema\/logo\/image\/","url":"https:\/\/cicamanuka.ca\/wp-content\/uploads\/2023\/03\/logoCM.svg","contentUrl":"https:\/\/cicamanuka.ca\/wp-content\/uploads\/2023\/03\/logoCM.svg","width":160,"height":85,"caption":"Cica Manuka"},"image":{"@id":"https:\/\/cicamanuka.ca\/fr\/#\/schema\/logo\/image\/"}}]}},"_links":{"self":[{"href":"https:\/\/cicamanuka.ca\/fr\/wp-json\/wp\/v2\/product\/749","targetHints":{"allow":["GET"]}}],"collection":[{"href":"https:\/\/cicamanuka.ca\/fr\/wp-json\/wp\/v2\/product"}],"about":[{"href":"https:\/\/cicamanuka.ca\/fr\/wp-json\/wp\/v2\/types\/product"}],"replies":[{"embeddable":true,"href":"https:\/\/cicamanuka.ca\/fr\/wp-json\/wp\/v2\/comments?post=749"}],"wp:featuredmedia":[{"embeddable":true,"href":"https:\/\/cicamanuka.ca\/fr\/wp-json\/wp\/v2\/media\/604"}],"wp:attachment":[{"href":"https:\/\/cicamanuka.ca\/fr\/wp-json\/wp\/v2\/media?parent=749"}],"wp:term":[{"taxonomy":"product_brand","embeddable":true,"href":"https:\/\/cicamanuka.ca\/fr\/wp-json\/wp\/v2\/product_brand?post=749"},{"taxonomy":"product_cat","embeddable":true,"href":"https:\/\/cicamanuka.ca\/fr\/wp-json\/wp\/v2\/product_cat?post=749"},{"taxonomy":"product_tag","embeddable":true,"href":"https:\/\/cicamanuka.ca\/fr\/wp-json\/wp\/v2\/product_tag?post=749"}],"curies":[{"name":"wp","href":"https:\/\/api.w.org\/{rel}","templated":true}]}}