{"id":748,"date":"2023-03-24T21:23:23","date_gmt":"2023-03-24T21:23:23","guid":{"rendered":"https:\/\/cicamanuka.ca\/?post_type=product&#038;p=748"},"modified":"2025-06-19T15:47:52","modified_gmt":"2025-06-19T15:47:52","slug":"dentifrice-anti-tartre","status":"publish","type":"product","link":"https:\/\/cicamanuka.ca\/fr\/produit\/dentifrice-anti-tartre\/","title":{"rendered":"Dentifrice au miel de Manuka : Anti-tartre"},"content":{"rendered":"<p>Ce dentifrice aide \u00e0 r\u00e9duire la formation de tartre et de plaque lors d&rsquo;un brossage r\u00e9gulier et laisse les dents propres et lisses. Compos\u00e9 de particules de silice aux propri\u00e9t\u00e9s exfoliantes et d&rsquo;extraits de plantes (r\u00e9glisse, m\u00e9lisse, romarin&#8230;) qui apaisent et tonifient.<\/p>\n<p>Sa formule unique associe les propri\u00e9t\u00e9s antibact\u00e9riennes du miel de Manuka IAA\u00ae15+ aux propri\u00e9t\u00e9s assainissantes et apaisantes de la propolis et de l&rsquo;huile essentielle de Manuka sauvage.<\/p>\n<p>Sa texture douce est enrichie en bicarbonate de sodium et en particules de silice naturellement exfoliantes.<\/p>\n<hr>\n<p>Les dentifrices certifi\u00e9s Ecocert tirent leur action nettoyante, assainissante, apaisante, rafra\u00eechissante ou blanchissante d&rsquo;ingr\u00e9dients naturels et biologiques. Par cons\u00e9quent, leur composition exclut certains ingr\u00e9dients controvers\u00e9s. Les dentifrices certifi\u00e9s Ecocert se positionnent comme des produits d&rsquo;hygi\u00e8ne bucco-dentaire respectueux qui prot\u00e8gent l&rsquo;\u00e9mail des dents, apaisent les gencives, pr\u00e9viennent les caries*, limitent l&rsquo;apparition de la plaque dentaire* et nettoient en laissant une bouche plus saine jour apr\u00e8s jour !<\/p>\n<p>*par brossage.<\/p>\n<hr>\n<p><strong>UTILISER :  <\/strong><\/p>\n<p>Brossez-vous les dents tous les jours apr\u00e8s chaque repas pendant 3 minutes. Rincer.<\/p>\n<p>Tenir \u00e0 l&rsquo;\u00e9cart de la chaleur. Convient aux femmes enceintes et allaitantes. <strong>Ne pas utiliser<\/strong> avec des enfants de moins de 7 ans. \u00c9vitez le contact avec les yeux.<br \/>\n<strong>Ne pas<\/strong> avaler. Tenir hors de port\u00e9e des enfants. Ce produit contient de l&rsquo;eucalyptus. <strong>En cas d&rsquo;ingestion accidentelle<\/strong>, appelez imm\u00e9diatement un centre antipoison ou un m\u00e9decin et informez-les que ce produit contient de l&rsquo;huile d&rsquo;eucalyptus.<\/p>\n<hr>\n<p><strong>INGR\u00c9DIENTS :<\/strong><\/p>\n<p>CARBONATE DE CALCIUM, GLYC\u00c9RINE, AQUA, MENTHA PIPERITA (EAU DE FEUILLES DE MENTHE POIVR\u00c9E)*, ALCOOL**, LAURYL GLUCOSIDE, MEL\/MIEL\/MIEL, BICARBONATE DE SODIUM, EXTRAIT DE CHONDRUS CRISPUS (CARRAGH\u00c9NANE), GOMME XANTHANE, MARIS SAL, HUILE DE FEUILLES D&rsquo;EUCALYPTUS GLOBULUS*, MENTHA ARVENSIS LEAF OIL*, CITRIC ACID, ROSMARINUS OFFICINALIS (ROSEMARY) LEAF OIL*, SODIUMHYDROXIDE, CITRUS LIMON (LEMON) PEEL EXTRACT*, STEVIOSIDE, SALVIA SCLAREA(CLARY) OIL*, PROPOLIS CERA*, LEPTOSPERMUM SCOPARIUM BRANCH\/LEAFOIL, LIMONENE, LINALOOL.<\/p>\n<p>*Ingr\u00e9dients issus de l&rsquo;agriculture biologique<br \/>\n**Ingr\u00e9dients issus de l&rsquo;agriculture biologique<\/p>\n<p>100% du total des ingr\u00e9dients sont d&rsquo;origine naturelle.<br \/>\n13,8% du total des ingr\u00e9dients sont issus de l&rsquo;agriculture biologique.<\/p>\n<hr>\n<p><strong>Formul\u00e9 sans allerg\u00e8nes <\/strong>selon la liste des 26 allerg\u00e8nes r\u00e9glement\u00e9s en cosm\u00e9tique.<\/p>\n<p>Cosm\u00e9tiques \u00e9cologiques et biologiques certifi\u00e9s par ECOCERT Greenlife selon le r\u00e9f\u00e9rentiel ECOCERT disponible sur http:\/\/cosmetiques.ecocert.com<\/p>\n<p>Tube \u00e9co-con\u00e7u 100% recyclable<\/p>\n","protected":false},"excerpt":{"rendered":"<p>AIDE \u00c0 R\u00c9DUIRE LA FORMATION DES TARIFS ?<\/p>\n<p>100% des ingr\u00e9dients sont d&rsquo;origine naturelle<br \/>\nAu miel de Manuka IAA15+<\/p>\n<p>75 ml<\/p>\n","protected":false},"featured_media":610,"comment_status":"open","ping_status":"closed","template":"","meta":{"_acf_changed":false},"product_brand":[],"product_cat":[107,102,108],"product_tag":[],"class_list":{"0":"post-748","1":"product","2":"type-product","3":"status-publish","4":"has-post-thumbnail","6":"product_cat-dentifrice-special","7":"product_cat-produits-miel-de-manuka","8":"product_cat-soins-bucco-dentaires","9":"sales-flash-overlay","10":"woocommerce-text-align-center","11":"woocommerce-image-align-center","12":"do-quantity-buttons","14":"first","15":"instock","16":"taxable","17":"shipping-taxable","18":"purchasable","19":"product-type-simple"},"acf":[],"yoast_head":"<!-- This site is optimized with the Yoast SEO plugin v25.3 - https:\/\/yoast.com\/wordpress\/plugins\/seo\/ -->\n<title>Dentifrice anti-tartre au miel de Manuka par Cica Manuka<\/title>\n<meta name=\"robots\" content=\"index, follow, max-snippet:-1, max-image-preview:large, max-video-preview:-1\" \/>\n<link rel=\"canonical\" href=\"https:\/\/cicamanuka.ca\/fr\/produit\/dentifrice-anti-tartre\/\" \/>\n<meta property=\"og:locale\" content=\"fr_FR\" \/>\n<meta property=\"og:type\" content=\"article\" \/>\n<meta property=\"og:title\" content=\"Dentifrice anti-tartre au miel de Manuka par Cica Manuka\" \/>\n<meta property=\"og:description\" content=\"AIDE \u00c0 R\u00c9DUIRE LA FORMATION DES TARIFS ? 100% des ingr\u00e9dients sont d&#039;origine naturelle Au miel de Manuka IAA15+ 75 ml\" \/>\n<meta property=\"og:url\" content=\"https:\/\/cicamanuka.ca\/fr\/produit\/dentifrice-anti-tartre\/\" \/>\n<meta property=\"og:site_name\" content=\"Cica Manuka\" \/>\n<meta property=\"article:modified_time\" content=\"2025-06-19T15:47:52+00:00\" \/>\n<meta property=\"og:image\" content=\"https:\/\/cicamanuka.ca\/wp-content\/uploads\/2023\/03\/Cika-Manuka-Honey-Based-Anti-Tartar-Toothpaste.png\" \/>\n\t<meta property=\"og:image:width\" content=\"2000\" \/>\n\t<meta property=\"og:image:height\" content=\"1500\" \/>\n\t<meta property=\"og:image:type\" content=\"image\/png\" \/>\n<meta name=\"twitter:card\" content=\"summary_large_image\" \/>\n<meta name=\"twitter:label1\" content=\"Dur\u00e9e de lecture estim\u00e9e\" \/>\n\t<meta name=\"twitter:data1\" content=\"4 minutes\" \/>\n<script type=\"application\/ld+json\" class=\"yoast-schema-graph\">{\"@context\":\"https:\/\/schema.org\",\"@graph\":[{\"@type\":\"WebPage\",\"@id\":\"https:\/\/cicamanuka.ca\/fr\/produit\/dentifrice-anti-tartre\/\",\"url\":\"https:\/\/cicamanuka.ca\/fr\/produit\/dentifrice-anti-tartre\/\",\"name\":\"Dentifrice anti-tartre au miel de Manuka par Cica Manuka\",\"isPartOf\":{\"@id\":\"https:\/\/cicamanuka.ca\/fr\/#website\"},\"primaryImageOfPage\":{\"@id\":\"https:\/\/cicamanuka.ca\/fr\/produit\/dentifrice-anti-tartre\/#primaryimage\"},\"image\":{\"@id\":\"https:\/\/cicamanuka.ca\/fr\/produit\/dentifrice-anti-tartre\/#primaryimage\"},\"thumbnailUrl\":\"https:\/\/cicamanuka.ca\/wp-content\/uploads\/2023\/03\/Cika-Manuka-Honey-Based-Anti-Tartar-Toothpaste.png\",\"datePublished\":\"2023-03-24T21:23:23+00:00\",\"dateModified\":\"2025-06-19T15:47:52+00:00\",\"breadcrumb\":{\"@id\":\"https:\/\/cicamanuka.ca\/fr\/produit\/dentifrice-anti-tartre\/#breadcrumb\"},\"inLanguage\":\"fr-FR\",\"potentialAction\":[{\"@type\":\"ReadAction\",\"target\":[\"https:\/\/cicamanuka.ca\/fr\/produit\/dentifrice-anti-tartre\/\"]}]},{\"@type\":\"ImageObject\",\"inLanguage\":\"fr-FR\",\"@id\":\"https:\/\/cicamanuka.ca\/fr\/produit\/dentifrice-anti-tartre\/#primaryimage\",\"url\":\"https:\/\/cicamanuka.ca\/wp-content\/uploads\/2023\/03\/Cika-Manuka-Honey-Based-Anti-Tartar-Toothpaste.png\",\"contentUrl\":\"https:\/\/cicamanuka.ca\/wp-content\/uploads\/2023\/03\/Cika-Manuka-Honey-Based-Anti-Tartar-Toothpaste.png\",\"width\":2000,\"height\":1500},{\"@type\":\"BreadcrumbList\",\"@id\":\"https:\/\/cicamanuka.ca\/fr\/produit\/dentifrice-anti-tartre\/#breadcrumb\",\"itemListElement\":[{\"@type\":\"ListItem\",\"position\":1,\"name\":\"Home\",\"item\":\"https:\/\/cicamanuka.ca\/fr\/\"},{\"@type\":\"ListItem\",\"position\":2,\"name\":\"TOUS\",\"item\":\"https:\/\/cicamanuka.ca\/fr\/tous\/\"},{\"@type\":\"ListItem\",\"position\":3,\"name\":\"Dentifrice au miel de Manuka : Anti-tartre\"}]},{\"@type\":\"WebSite\",\"@id\":\"https:\/\/cicamanuka.ca\/fr\/#website\",\"url\":\"https:\/\/cicamanuka.ca\/fr\/\",\"name\":\"Cica Manuka\",\"description\":\"\",\"publisher\":{\"@id\":\"https:\/\/cicamanuka.ca\/fr\/#organization\"},\"potentialAction\":[{\"@type\":\"SearchAction\",\"target\":{\"@type\":\"EntryPoint\",\"urlTemplate\":\"https:\/\/cicamanuka.ca\/fr\/?s={search_term_string}\"},\"query-input\":{\"@type\":\"PropertyValueSpecification\",\"valueRequired\":true,\"valueName\":\"search_term_string\"}}],\"inLanguage\":\"fr-FR\"},{\"@type\":\"Organization\",\"@id\":\"https:\/\/cicamanuka.ca\/fr\/#organization\",\"name\":\"Cica Manuka\",\"url\":\"https:\/\/cicamanuka.ca\/fr\/\",\"logo\":{\"@type\":\"ImageObject\",\"inLanguage\":\"fr-FR\",\"@id\":\"https:\/\/cicamanuka.ca\/fr\/#\/schema\/logo\/image\/\",\"url\":\"https:\/\/cicamanuka.ca\/wp-content\/uploads\/2023\/03\/logoCM.svg\",\"contentUrl\":\"https:\/\/cicamanuka.ca\/wp-content\/uploads\/2023\/03\/logoCM.svg\",\"width\":160,\"height\":85,\"caption\":\"Cica Manuka\"},\"image\":{\"@id\":\"https:\/\/cicamanuka.ca\/fr\/#\/schema\/logo\/image\/\"}}]}<\/script>\n<!-- \/ Yoast SEO plugin. -->","yoast_head_json":{"title":"Dentifrice anti-tartre au miel de Manuka par Cica Manuka","robots":{"index":"index","follow":"follow","max-snippet":"max-snippet:-1","max-image-preview":"max-image-preview:large","max-video-preview":"max-video-preview:-1"},"canonical":"https:\/\/cicamanuka.ca\/fr\/produit\/dentifrice-anti-tartre\/","og_locale":"fr_FR","og_type":"article","og_title":"Dentifrice anti-tartre au miel de Manuka par Cica Manuka","og_description":"AIDE \u00c0 R\u00c9DUIRE LA FORMATION DES TARIFS ? 100% des ingr\u00e9dients sont d'origine naturelle Au miel de Manuka IAA15+ 75 ml","og_url":"https:\/\/cicamanuka.ca\/fr\/produit\/dentifrice-anti-tartre\/","og_site_name":"Cica Manuka","article_modified_time":"2025-06-19T15:47:52+00:00","og_image":[{"width":2000,"height":1500,"url":"https:\/\/cicamanuka.ca\/wp-content\/uploads\/2023\/03\/Cika-Manuka-Honey-Based-Anti-Tartar-Toothpaste.png","type":"image\/png"}],"twitter_card":"summary_large_image","twitter_misc":{"Dur\u00e9e de lecture estim\u00e9e":"4 minutes"},"schema":{"@context":"https:\/\/schema.org","@graph":[{"@type":"WebPage","@id":"https:\/\/cicamanuka.ca\/fr\/produit\/dentifrice-anti-tartre\/","url":"https:\/\/cicamanuka.ca\/fr\/produit\/dentifrice-anti-tartre\/","name":"Dentifrice anti-tartre au miel de Manuka par Cica Manuka","isPartOf":{"@id":"https:\/\/cicamanuka.ca\/fr\/#website"},"primaryImageOfPage":{"@id":"https:\/\/cicamanuka.ca\/fr\/produit\/dentifrice-anti-tartre\/#primaryimage"},"image":{"@id":"https:\/\/cicamanuka.ca\/fr\/produit\/dentifrice-anti-tartre\/#primaryimage"},"thumbnailUrl":"https:\/\/cicamanuka.ca\/wp-content\/uploads\/2023\/03\/Cika-Manuka-Honey-Based-Anti-Tartar-Toothpaste.png","datePublished":"2023-03-24T21:23:23+00:00","dateModified":"2025-06-19T15:47:52+00:00","breadcrumb":{"@id":"https:\/\/cicamanuka.ca\/fr\/produit\/dentifrice-anti-tartre\/#breadcrumb"},"inLanguage":"fr-FR","potentialAction":[{"@type":"ReadAction","target":["https:\/\/cicamanuka.ca\/fr\/produit\/dentifrice-anti-tartre\/"]}]},{"@type":"ImageObject","inLanguage":"fr-FR","@id":"https:\/\/cicamanuka.ca\/fr\/produit\/dentifrice-anti-tartre\/#primaryimage","url":"https:\/\/cicamanuka.ca\/wp-content\/uploads\/2023\/03\/Cika-Manuka-Honey-Based-Anti-Tartar-Toothpaste.png","contentUrl":"https:\/\/cicamanuka.ca\/wp-content\/uploads\/2023\/03\/Cika-Manuka-Honey-Based-Anti-Tartar-Toothpaste.png","width":2000,"height":1500},{"@type":"BreadcrumbList","@id":"https:\/\/cicamanuka.ca\/fr\/produit\/dentifrice-anti-tartre\/#breadcrumb","itemListElement":[{"@type":"ListItem","position":1,"name":"Home","item":"https:\/\/cicamanuka.ca\/fr\/"},{"@type":"ListItem","position":2,"name":"TOUS","item":"https:\/\/cicamanuka.ca\/fr\/tous\/"},{"@type":"ListItem","position":3,"name":"Dentifrice au miel de Manuka : Anti-tartre"}]},{"@type":"WebSite","@id":"https:\/\/cicamanuka.ca\/fr\/#website","url":"https:\/\/cicamanuka.ca\/fr\/","name":"Cica Manuka","description":"","publisher":{"@id":"https:\/\/cicamanuka.ca\/fr\/#organization"},"potentialAction":[{"@type":"SearchAction","target":{"@type":"EntryPoint","urlTemplate":"https:\/\/cicamanuka.ca\/fr\/?s={search_term_string}"},"query-input":{"@type":"PropertyValueSpecification","valueRequired":true,"valueName":"search_term_string"}}],"inLanguage":"fr-FR"},{"@type":"Organization","@id":"https:\/\/cicamanuka.ca\/fr\/#organization","name":"Cica Manuka","url":"https:\/\/cicamanuka.ca\/fr\/","logo":{"@type":"ImageObject","inLanguage":"fr-FR","@id":"https:\/\/cicamanuka.ca\/fr\/#\/schema\/logo\/image\/","url":"https:\/\/cicamanuka.ca\/wp-content\/uploads\/2023\/03\/logoCM.svg","contentUrl":"https:\/\/cicamanuka.ca\/wp-content\/uploads\/2023\/03\/logoCM.svg","width":160,"height":85,"caption":"Cica Manuka"},"image":{"@id":"https:\/\/cicamanuka.ca\/fr\/#\/schema\/logo\/image\/"}}]}},"_links":{"self":[{"href":"https:\/\/cicamanuka.ca\/fr\/wp-json\/wp\/v2\/product\/748","targetHints":{"allow":["GET"]}}],"collection":[{"href":"https:\/\/cicamanuka.ca\/fr\/wp-json\/wp\/v2\/product"}],"about":[{"href":"https:\/\/cicamanuka.ca\/fr\/wp-json\/wp\/v2\/types\/product"}],"replies":[{"embeddable":true,"href":"https:\/\/cicamanuka.ca\/fr\/wp-json\/wp\/v2\/comments?post=748"}],"wp:featuredmedia":[{"embeddable":true,"href":"https:\/\/cicamanuka.ca\/fr\/wp-json\/wp\/v2\/media\/610"}],"wp:attachment":[{"href":"https:\/\/cicamanuka.ca\/fr\/wp-json\/wp\/v2\/media?parent=748"}],"wp:term":[{"taxonomy":"product_brand","embeddable":true,"href":"https:\/\/cicamanuka.ca\/fr\/wp-json\/wp\/v2\/product_brand?post=748"},{"taxonomy":"product_cat","embeddable":true,"href":"https:\/\/cicamanuka.ca\/fr\/wp-json\/wp\/v2\/product_cat?post=748"},{"taxonomy":"product_tag","embeddable":true,"href":"https:\/\/cicamanuka.ca\/fr\/wp-json\/wp\/v2\/product_tag?post=748"}],"curies":[{"name":"wp","href":"https:\/\/api.w.org\/{rel}","templated":true}]}}