{"id":1472,"date":"2023-12-14T15:12:25","date_gmt":"2023-12-14T15:12:25","guid":{"rendered":"https:\/\/cicamanuka.ca\/product\/creme-reparatrice-pour-les-pieds\/"},"modified":"2024-04-04T19:11:25","modified_gmt":"2024-04-04T19:11:25","slug":"creme-reparatrice-pour-les-pieds","status":"publish","type":"product","link":"https:\/\/cicamanuka.ca\/fr\/produit\/creme-reparatrice-pour-les-pieds\/","title":{"rendered":"Cr\u00e8me pieds r\u00e9paratrice"},"content":{"rendered":"<p><strong>B\u00e9n\u00e9fices :<\/strong><\/p>\n<ul>\n<li>Favorise la r\u00e9paration des pieds secs<\/li>\n<li>Calme les sensations de tiraillements<\/li>\n<\/ul>\n<p><strong style=\"font-size: inherit;\">Formule certifi\u00e9e :<\/strong><\/p>\n<ul>\n<li>100% des ingr\u00e9dients sont d\u2019origine naturelle<\/li>\n<li>Test\u00e9e sous contr\u00f4le dermatologique<\/li>\n<li>Pour toute la famille d\u00e8s 3 ans<\/li>\n<\/ul>\n<p><strong>Son +<\/strong>\u00a0: texture qui p\u00e9n\u00e8tre rapidement<\/p>\n<hr \/>\n<p>Formul\u00e9 \u00e0 base d\u2019ingr\u00e9dients 100% d\u2019origine naturelle, enrichi au\u00a0<strong>miel de<\/strong>\u00a0<strong>Manuka IAA<\/strong><strong>\u00ae<\/strong><strong>15+<\/strong>, de beurre de karit\u00e9 bio et d\u2019aloe vera, ce soin quotidien nourrit, hydrate* et soulage les pieds secs \u00e0 tr\u00e8s secs pour une sensation de confort imm\u00e9diat.<\/p>\n<p>Sa texture onctueuse ne colle pas et p\u00e9n\u00e8tre rapidement. L\u2019\u00e9piderme est prot\u00e9g\u00e9 et la peau* est r\u00e9g\u00e9n\u00e9r\u00e9e et retrouve souplesse et douceur, pour une peau prot\u00e9g\u00e9e toute la journ\u00e9e !<\/p>\n<p>L\u2019indice IAA\u00ae vous garanti une activit\u00e9 unique du miel de Manuka et une concentration exceptionnelle en m\u00e9thylglyoxal (MGO).<\/p>\n<p>*Les couches superficielles de l\u2019\u00e9piderme.<\/p>\n<p>L\u2019activit\u00e9 du miel de Manuka IAA\u00ae utilis\u00e9 dans l\u2019\u00e9laboration de nos formules est donc garantie scientifiquement par cet indice reconnu en France et en Europe.<\/p>\n","protected":false},"excerpt":{"rendered":"<p><strong>R\u00c9PARE \u2013 NOURRIT \u2013 APAISE<\/strong><br \/>\nPieds secs \u00e0 tr\u00e8s secs, talons fendill\u00e9s<\/p>\n<p><strong>5% de miel de Manuka IAA15+<\/strong><br \/>\n100% d\u2019ingr\u00e9dients d\u2019origine naturelle<\/p>\n","protected":false},"featured_media":1467,"comment_status":"open","ping_status":"closed","template":"","meta":{"_acf_changed":false},"product_brand":[],"product_cat":[102,100],"product_tag":[],"class_list":{"0":"post-1472","1":"product","2":"type-product","3":"status-publish","4":"has-post-thumbnail","6":"product_cat-produits-miel-de-manuka","7":"product_cat-soins-du-corps","8":"sales-flash-overlay","9":"woocommerce-text-align-center","10":"woocommerce-image-align-center","11":"do-quantity-buttons","13":"first","14":"instock","15":"taxable","16":"shipping-taxable","17":"purchasable","18":"product-type-simple"},"acf":[],"yoast_head":"<!-- This site is optimized with the Yoast SEO plugin v25.3 - https:\/\/yoast.com\/wordpress\/plugins\/seo\/ -->\n<title>Cr\u00e8me pieds r\u00e9paratrice - Cica Manuka<\/title>\n<meta name=\"robots\" content=\"index, follow, max-snippet:-1, max-image-preview:large, max-video-preview:-1\" \/>\n<link rel=\"canonical\" href=\"https:\/\/cicamanuka.ca\/fr\/produit\/creme-reparatrice-pour-les-pieds\/\" \/>\n<meta property=\"og:locale\" content=\"fr_FR\" \/>\n<meta property=\"og:type\" content=\"article\" \/>\n<meta property=\"og:title\" content=\"Cr\u00e8me pieds r\u00e9paratrice - Cica Manuka\" \/>\n<meta property=\"og:description\" content=\"R\u00c9PARE \u2013 NOURRIT \u2013 APAISE Pieds secs \u00e0 tr\u00e8s secs, talons fendill\u00e9s  5% de miel de Manuka IAA15+ 100% d\u2019ingr\u00e9dients d\u2019origine naturelle\" \/>\n<meta property=\"og:url\" content=\"https:\/\/cicamanuka.ca\/fr\/produit\/creme-reparatrice-pour-les-pieds\/\" \/>\n<meta property=\"og:site_name\" content=\"Cica Manuka\" \/>\n<meta property=\"article:modified_time\" content=\"2024-04-04T19:11:25+00:00\" \/>\n<meta property=\"og:image\" content=\"https:\/\/cicamanuka.ca\/wp-content\/uploads\/2023\/12\/PS-36700-Creme-pieds-recto-1.webp\" \/>\n\t<meta property=\"og:image:width\" content=\"1632\" \/>\n\t<meta property=\"og:image:height\" content=\"1536\" \/>\n\t<meta property=\"og:image:type\" content=\"image\/webp\" \/>\n<meta name=\"twitter:card\" content=\"summary_large_image\" \/>\n<meta name=\"twitter:label1\" content=\"Dur\u00e9e de lecture estim\u00e9e\" \/>\n\t<meta name=\"twitter:data1\" content=\"1 minute\" \/>\n<script type=\"application\/ld+json\" class=\"yoast-schema-graph\">{\"@context\":\"https:\/\/schema.org\",\"@graph\":[{\"@type\":\"WebPage\",\"@id\":\"https:\/\/cicamanuka.ca\/fr\/produit\/creme-reparatrice-pour-les-pieds\/\",\"url\":\"https:\/\/cicamanuka.ca\/fr\/produit\/creme-reparatrice-pour-les-pieds\/\",\"name\":\"Cr\u00e8me pieds r\u00e9paratrice - Cica Manuka\",\"isPartOf\":{\"@id\":\"https:\/\/cicamanuka.ca\/fr\/#website\"},\"primaryImageOfPage\":{\"@id\":\"https:\/\/cicamanuka.ca\/fr\/produit\/creme-reparatrice-pour-les-pieds\/#primaryimage\"},\"image\":{\"@id\":\"https:\/\/cicamanuka.ca\/fr\/produit\/creme-reparatrice-pour-les-pieds\/#primaryimage\"},\"thumbnailUrl\":\"https:\/\/cicamanuka.ca\/wp-content\/uploads\/2023\/12\/PS-36700-Creme-pieds-recto-1.webp\",\"datePublished\":\"2023-12-14T15:12:25+00:00\",\"dateModified\":\"2024-04-04T19:11:25+00:00\",\"breadcrumb\":{\"@id\":\"https:\/\/cicamanuka.ca\/fr\/produit\/creme-reparatrice-pour-les-pieds\/#breadcrumb\"},\"inLanguage\":\"fr-FR\",\"potentialAction\":[{\"@type\":\"ReadAction\",\"target\":[\"https:\/\/cicamanuka.ca\/fr\/produit\/creme-reparatrice-pour-les-pieds\/\"]}]},{\"@type\":\"ImageObject\",\"inLanguage\":\"fr-FR\",\"@id\":\"https:\/\/cicamanuka.ca\/fr\/produit\/creme-reparatrice-pour-les-pieds\/#primaryimage\",\"url\":\"https:\/\/cicamanuka.ca\/wp-content\/uploads\/2023\/12\/PS-36700-Creme-pieds-recto-1.webp\",\"contentUrl\":\"https:\/\/cicamanuka.ca\/wp-content\/uploads\/2023\/12\/PS-36700-Creme-pieds-recto-1.webp\",\"width\":1632,\"height\":1536},{\"@type\":\"BreadcrumbList\",\"@id\":\"https:\/\/cicamanuka.ca\/fr\/produit\/creme-reparatrice-pour-les-pieds\/#breadcrumb\",\"itemListElement\":[{\"@type\":\"ListItem\",\"position\":1,\"name\":\"Home\",\"item\":\"https:\/\/cicamanuka.ca\/fr\/\"},{\"@type\":\"ListItem\",\"position\":2,\"name\":\"TOUS\",\"item\":\"https:\/\/cicamanuka.ca\/fr\/tous\/\"},{\"@type\":\"ListItem\",\"position\":3,\"name\":\"Cr\u00e8me pieds r\u00e9paratrice\"}]},{\"@type\":\"WebSite\",\"@id\":\"https:\/\/cicamanuka.ca\/fr\/#website\",\"url\":\"https:\/\/cicamanuka.ca\/fr\/\",\"name\":\"Cica Manuka\",\"description\":\"\",\"publisher\":{\"@id\":\"https:\/\/cicamanuka.ca\/fr\/#organization\"},\"potentialAction\":[{\"@type\":\"SearchAction\",\"target\":{\"@type\":\"EntryPoint\",\"urlTemplate\":\"https:\/\/cicamanuka.ca\/fr\/?s={search_term_string}\"},\"query-input\":{\"@type\":\"PropertyValueSpecification\",\"valueRequired\":true,\"valueName\":\"search_term_string\"}}],\"inLanguage\":\"fr-FR\"},{\"@type\":\"Organization\",\"@id\":\"https:\/\/cicamanuka.ca\/fr\/#organization\",\"name\":\"Cica Manuka\",\"url\":\"https:\/\/cicamanuka.ca\/fr\/\",\"logo\":{\"@type\":\"ImageObject\",\"inLanguage\":\"fr-FR\",\"@id\":\"https:\/\/cicamanuka.ca\/fr\/#\/schema\/logo\/image\/\",\"url\":\"https:\/\/cicamanuka.ca\/wp-content\/uploads\/2023\/03\/logoCM.svg\",\"contentUrl\":\"https:\/\/cicamanuka.ca\/wp-content\/uploads\/2023\/03\/logoCM.svg\",\"width\":160,\"height\":85,\"caption\":\"Cica Manuka\"},\"image\":{\"@id\":\"https:\/\/cicamanuka.ca\/fr\/#\/schema\/logo\/image\/\"}}]}<\/script>\n<!-- \/ Yoast SEO plugin. -->","yoast_head_json":{"title":"Cr\u00e8me pieds r\u00e9paratrice - Cica Manuka","robots":{"index":"index","follow":"follow","max-snippet":"max-snippet:-1","max-image-preview":"max-image-preview:large","max-video-preview":"max-video-preview:-1"},"canonical":"https:\/\/cicamanuka.ca\/fr\/produit\/creme-reparatrice-pour-les-pieds\/","og_locale":"fr_FR","og_type":"article","og_title":"Cr\u00e8me pieds r\u00e9paratrice - Cica Manuka","og_description":"R\u00c9PARE \u2013 NOURRIT \u2013 APAISE Pieds secs \u00e0 tr\u00e8s secs, talons fendill\u00e9s  5% de miel de Manuka IAA15+ 100% d\u2019ingr\u00e9dients d\u2019origine naturelle","og_url":"https:\/\/cicamanuka.ca\/fr\/produit\/creme-reparatrice-pour-les-pieds\/","og_site_name":"Cica Manuka","article_modified_time":"2024-04-04T19:11:25+00:00","og_image":[{"width":1632,"height":1536,"url":"https:\/\/cicamanuka.ca\/wp-content\/uploads\/2023\/12\/PS-36700-Creme-pieds-recto-1.webp","type":"image\/webp"}],"twitter_card":"summary_large_image","twitter_misc":{"Dur\u00e9e de lecture estim\u00e9e":"1 minute"},"schema":{"@context":"https:\/\/schema.org","@graph":[{"@type":"WebPage","@id":"https:\/\/cicamanuka.ca\/fr\/produit\/creme-reparatrice-pour-les-pieds\/","url":"https:\/\/cicamanuka.ca\/fr\/produit\/creme-reparatrice-pour-les-pieds\/","name":"Cr\u00e8me pieds r\u00e9paratrice - Cica Manuka","isPartOf":{"@id":"https:\/\/cicamanuka.ca\/fr\/#website"},"primaryImageOfPage":{"@id":"https:\/\/cicamanuka.ca\/fr\/produit\/creme-reparatrice-pour-les-pieds\/#primaryimage"},"image":{"@id":"https:\/\/cicamanuka.ca\/fr\/produit\/creme-reparatrice-pour-les-pieds\/#primaryimage"},"thumbnailUrl":"https:\/\/cicamanuka.ca\/wp-content\/uploads\/2023\/12\/PS-36700-Creme-pieds-recto-1.webp","datePublished":"2023-12-14T15:12:25+00:00","dateModified":"2024-04-04T19:11:25+00:00","breadcrumb":{"@id":"https:\/\/cicamanuka.ca\/fr\/produit\/creme-reparatrice-pour-les-pieds\/#breadcrumb"},"inLanguage":"fr-FR","potentialAction":[{"@type":"ReadAction","target":["https:\/\/cicamanuka.ca\/fr\/produit\/creme-reparatrice-pour-les-pieds\/"]}]},{"@type":"ImageObject","inLanguage":"fr-FR","@id":"https:\/\/cicamanuka.ca\/fr\/produit\/creme-reparatrice-pour-les-pieds\/#primaryimage","url":"https:\/\/cicamanuka.ca\/wp-content\/uploads\/2023\/12\/PS-36700-Creme-pieds-recto-1.webp","contentUrl":"https:\/\/cicamanuka.ca\/wp-content\/uploads\/2023\/12\/PS-36700-Creme-pieds-recto-1.webp","width":1632,"height":1536},{"@type":"BreadcrumbList","@id":"https:\/\/cicamanuka.ca\/fr\/produit\/creme-reparatrice-pour-les-pieds\/#breadcrumb","itemListElement":[{"@type":"ListItem","position":1,"name":"Home","item":"https:\/\/cicamanuka.ca\/fr\/"},{"@type":"ListItem","position":2,"name":"TOUS","item":"https:\/\/cicamanuka.ca\/fr\/tous\/"},{"@type":"ListItem","position":3,"name":"Cr\u00e8me pieds r\u00e9paratrice"}]},{"@type":"WebSite","@id":"https:\/\/cicamanuka.ca\/fr\/#website","url":"https:\/\/cicamanuka.ca\/fr\/","name":"Cica Manuka","description":"","publisher":{"@id":"https:\/\/cicamanuka.ca\/fr\/#organization"},"potentialAction":[{"@type":"SearchAction","target":{"@type":"EntryPoint","urlTemplate":"https:\/\/cicamanuka.ca\/fr\/?s={search_term_string}"},"query-input":{"@type":"PropertyValueSpecification","valueRequired":true,"valueName":"search_term_string"}}],"inLanguage":"fr-FR"},{"@type":"Organization","@id":"https:\/\/cicamanuka.ca\/fr\/#organization","name":"Cica Manuka","url":"https:\/\/cicamanuka.ca\/fr\/","logo":{"@type":"ImageObject","inLanguage":"fr-FR","@id":"https:\/\/cicamanuka.ca\/fr\/#\/schema\/logo\/image\/","url":"https:\/\/cicamanuka.ca\/wp-content\/uploads\/2023\/03\/logoCM.svg","contentUrl":"https:\/\/cicamanuka.ca\/wp-content\/uploads\/2023\/03\/logoCM.svg","width":160,"height":85,"caption":"Cica Manuka"},"image":{"@id":"https:\/\/cicamanuka.ca\/fr\/#\/schema\/logo\/image\/"}}]}},"_links":{"self":[{"href":"https:\/\/cicamanuka.ca\/fr\/wp-json\/wp\/v2\/product\/1472","targetHints":{"allow":["GET"]}}],"collection":[{"href":"https:\/\/cicamanuka.ca\/fr\/wp-json\/wp\/v2\/product"}],"about":[{"href":"https:\/\/cicamanuka.ca\/fr\/wp-json\/wp\/v2\/types\/product"}],"replies":[{"embeddable":true,"href":"https:\/\/cicamanuka.ca\/fr\/wp-json\/wp\/v2\/comments?post=1472"}],"wp:featuredmedia":[{"embeddable":true,"href":"https:\/\/cicamanuka.ca\/fr\/wp-json\/wp\/v2\/media\/1467"}],"wp:attachment":[{"href":"https:\/\/cicamanuka.ca\/fr\/wp-json\/wp\/v2\/media?parent=1472"}],"wp:term":[{"taxonomy":"product_brand","embeddable":true,"href":"https:\/\/cicamanuka.ca\/fr\/wp-json\/wp\/v2\/product_brand?post=1472"},{"taxonomy":"product_cat","embeddable":true,"href":"https:\/\/cicamanuka.ca\/fr\/wp-json\/wp\/v2\/product_cat?post=1472"},{"taxonomy":"product_tag","embeddable":true,"href":"https:\/\/cicamanuka.ca\/fr\/wp-json\/wp\/v2\/product_tag?post=1472"}],"curies":[{"name":"wp","href":"https:\/\/api.w.org\/{rel}","templated":true}]}}