{"id":768,"date":"2023-03-27T19:54:27","date_gmt":"2023-03-27T19:54:27","guid":{"rendered":"https:\/\/cicamanuka.ca\/ingredients\/"},"modified":"2023-04-10T00:43:42","modified_gmt":"2023-04-10T00:43:42","slug":"ingredients","status":"publish","type":"page","link":"https:\/\/cicamanuka.ca\/fr\/ingredients\/","title":{"rendered":"INGREDIENTS"},"content":{"rendered":"<div class=\"gb-container gb-container-2a4d8867\">\n\n<h2 class=\"gb-headline gb-headline-420d3a72 gb-headline-text\">Nos ingr\u00e9dients naturels<\/h2>\n\n\n\n<h4 class=\"gb-headline gb-headline-7bf175d6 gb-headline-text\">Le carburant que repr\u00e9sente le miel de Manuka de Cica permet de porter les soins de la peau \u00e0 un tout autre niveau.<\/h4>\n\n\n<div class=\"gb-container gb-container-c87f20a1\">\n\n<div class=\"gb-grid-wrapper gb-grid-wrapper-fb8db39c gb-query-loop-wrapper\">\n<div class=\"gb-grid-column gb-grid-column-114cfb1e gb-query-loop-item post-776 ingredients type-ingredients status-publish has-post-thumbnail hentry\"><div class=\"gb-container gb-container-114cfb1e\">\n<figure class=\"gb-block-image gb-block-image-85027c1c\"><img loading=\"lazy\" decoding=\"async\" width=\"800\" height=\"600\" src=\"https:\/\/cicamanuka.ca\/wp-content\/uploads\/2023\/03\/cica-manuka-honey-natural-ingredients-hydrolat-immortelle.jpeg\" class=\"gb-image-85027c1c\" alt=\"\" srcset=\"https:\/\/cicamanuka.ca\/wp-content\/uploads\/2023\/03\/cica-manuka-honey-natural-ingredients-hydrolat-immortelle.jpeg 800w, https:\/\/cicamanuka.ca\/wp-content\/uploads\/2023\/03\/cica-manuka-honey-natural-ingredients-hydrolat-immortelle-300x225.jpeg 300w, https:\/\/cicamanuka.ca\/wp-content\/uploads\/2023\/03\/cica-manuka-honey-natural-ingredients-hydrolat-immortelle-768x576.jpeg 768w, https:\/\/cicamanuka.ca\/wp-content\/uploads\/2023\/03\/cica-manuka-honey-natural-ingredients-hydrolat-immortelle-600x450.jpeg 600w\" sizes=\"auto, (max-width: 800px) 100vw, 800px\" \/><\/figure>\n\n<h2 class=\"gb-headline gb-headline-4067d42b gb-headline-text\"><a href=\"https:\/\/cicamanuka.ca\/fr\/ingredients\/immortelle\/\">Immortelle<\/a><\/h2>\n\n<a class=\"gb-button gb-button-e4b0088a gb-button-text\" href=\"https:\/\/cicamanuka.ca\/fr\/ingredients\/immortelle\/\">D\u00e9couvrir les propri\u00e9t\u00e9s<\/a>\n<\/div><\/div>\n\n<div class=\"gb-grid-column gb-grid-column-114cfb1e gb-query-loop-item post-777 ingredients type-ingredients status-publish has-post-thumbnail hentry\"><div class=\"gb-container gb-container-114cfb1e\">\n<figure class=\"gb-block-image gb-block-image-85027c1c\"><img loading=\"lazy\" decoding=\"async\" width=\"800\" height=\"600\" src=\"https:\/\/cicamanuka.ca\/wp-content\/uploads\/2023\/03\/cica-manuka-honey-natural-ingredients-mango-butter.jpeg\" class=\"gb-image-85027c1c\" alt=\"\" srcset=\"https:\/\/cicamanuka.ca\/wp-content\/uploads\/2023\/03\/cica-manuka-honey-natural-ingredients-mango-butter.jpeg 800w, https:\/\/cicamanuka.ca\/wp-content\/uploads\/2023\/03\/cica-manuka-honey-natural-ingredients-mango-butter-300x225.jpeg 300w, https:\/\/cicamanuka.ca\/wp-content\/uploads\/2023\/03\/cica-manuka-honey-natural-ingredients-mango-butter-768x576.jpeg 768w, https:\/\/cicamanuka.ca\/wp-content\/uploads\/2023\/03\/cica-manuka-honey-natural-ingredients-mango-butter-600x450.jpeg 600w\" sizes=\"auto, (max-width: 800px) 100vw, 800px\" \/><\/figure>\n\n<h2 class=\"gb-headline gb-headline-4067d42b gb-headline-text\"><a href=\"https:\/\/cicamanuka.ca\/fr\/ingredients\/beurre-de-mangue\/\">Beurre de mangue<\/a><\/h2>\n\n<a class=\"gb-button gb-button-e4b0088a gb-button-text\" href=\"https:\/\/cicamanuka.ca\/fr\/ingredients\/beurre-de-mangue\/\">D\u00e9couvrir les propri\u00e9t\u00e9s<\/a>\n<\/div><\/div>\n\n<div class=\"gb-grid-column gb-grid-column-114cfb1e gb-query-loop-item post-778 ingredients type-ingredients status-publish has-post-thumbnail hentry\"><div class=\"gb-container gb-container-114cfb1e\">\n<figure class=\"gb-block-image gb-block-image-85027c1c\"><img loading=\"lazy\" decoding=\"async\" width=\"800\" height=\"600\" src=\"https:\/\/cicamanuka.ca\/wp-content\/uploads\/2023\/03\/cica-manuka-honey-natural-ingredients-beeswax.jpeg\" class=\"gb-image-85027c1c\" alt=\"\" srcset=\"https:\/\/cicamanuka.ca\/wp-content\/uploads\/2023\/03\/cica-manuka-honey-natural-ingredients-beeswax.jpeg 800w, https:\/\/cicamanuka.ca\/wp-content\/uploads\/2023\/03\/cica-manuka-honey-natural-ingredients-beeswax-300x225.jpeg 300w, https:\/\/cicamanuka.ca\/wp-content\/uploads\/2023\/03\/cica-manuka-honey-natural-ingredients-beeswax-768x576.jpeg 768w, https:\/\/cicamanuka.ca\/wp-content\/uploads\/2023\/03\/cica-manuka-honey-natural-ingredients-beeswax-600x450.jpeg 600w\" sizes=\"auto, (max-width: 800px) 100vw, 800px\" \/><\/figure>\n\n<h2 class=\"gb-headline gb-headline-4067d42b gb-headline-text\"><a href=\"https:\/\/cicamanuka.ca\/fr\/ingredients\/cire-dabeille\/\">Cire d&rsquo;abeille<\/a><\/h2>\n\n<a class=\"gb-button gb-button-e4b0088a gb-button-text\" href=\"https:\/\/cicamanuka.ca\/fr\/ingredients\/cire-dabeille\/\">D\u00e9couvrir les propri\u00e9t\u00e9s<\/a>\n<\/div><\/div>\n\n<div class=\"gb-grid-column gb-grid-column-114cfb1e gb-query-loop-item post-779 ingredients type-ingredients status-publish has-post-thumbnail hentry\"><div class=\"gb-container gb-container-114cfb1e\">\n<figure class=\"gb-block-image gb-block-image-85027c1c\"><img loading=\"lazy\" decoding=\"async\" width=\"800\" height=\"600\" src=\"https:\/\/cicamanuka.ca\/wp-content\/uploads\/2023\/03\/cica-manuka-honey-natural-ingredients-biological-macadamia.jpeg\" class=\"gb-image-85027c1c\" alt=\"\" srcset=\"https:\/\/cicamanuka.ca\/wp-content\/uploads\/2023\/03\/cica-manuka-honey-natural-ingredients-biological-macadamia.jpeg 800w, https:\/\/cicamanuka.ca\/wp-content\/uploads\/2023\/03\/cica-manuka-honey-natural-ingredients-biological-macadamia-300x225.jpeg 300w, https:\/\/cicamanuka.ca\/wp-content\/uploads\/2023\/03\/cica-manuka-honey-natural-ingredients-biological-macadamia-768x576.jpeg 768w, https:\/\/cicamanuka.ca\/wp-content\/uploads\/2023\/03\/cica-manuka-honey-natural-ingredients-biological-macadamia-600x450.jpeg 600w\" sizes=\"auto, (max-width: 800px) 100vw, 800px\" \/><\/figure>\n\n<h2 class=\"gb-headline gb-headline-4067d42b gb-headline-text\"><a href=\"https:\/\/cicamanuka.ca\/fr\/ingredients\/macadamia\/\">Macadamia<\/a><\/h2>\n\n<a class=\"gb-button gb-button-e4b0088a gb-button-text\" href=\"https:\/\/cicamanuka.ca\/fr\/ingredients\/macadamia\/\">D\u00e9couvrir les propri\u00e9t\u00e9s<\/a>\n<\/div><\/div>\n\n<div class=\"gb-grid-column gb-grid-column-114cfb1e gb-query-loop-item post-780 ingredients type-ingredients status-publish has-post-thumbnail hentry\"><div class=\"gb-container gb-container-114cfb1e\">\n<figure class=\"gb-block-image gb-block-image-85027c1c\"><img loading=\"lazy\" decoding=\"async\" width=\"800\" height=\"600\" src=\"https:\/\/cicamanuka.ca\/wp-content\/uploads\/2023\/03\/cica-manuka-honey-natural-ingredients-shea-butter.jpeg\" class=\"gb-image-85027c1c\" alt=\"\" srcset=\"https:\/\/cicamanuka.ca\/wp-content\/uploads\/2023\/03\/cica-manuka-honey-natural-ingredients-shea-butter.jpeg 800w, https:\/\/cicamanuka.ca\/wp-content\/uploads\/2023\/03\/cica-manuka-honey-natural-ingredients-shea-butter-300x225.jpeg 300w, https:\/\/cicamanuka.ca\/wp-content\/uploads\/2023\/03\/cica-manuka-honey-natural-ingredients-shea-butter-768x576.jpeg 768w, https:\/\/cicamanuka.ca\/wp-content\/uploads\/2023\/03\/cica-manuka-honey-natural-ingredients-shea-butter-600x450.jpeg 600w\" sizes=\"auto, (max-width: 800px) 100vw, 800px\" \/><\/figure>\n\n<h2 class=\"gb-headline gb-headline-4067d42b gb-headline-text\"><a href=\"https:\/\/cicamanuka.ca\/fr\/ingredients\/beurre-de-karite\/\">Beurre de karit\u00e9<\/a><\/h2>\n\n<a class=\"gb-button gb-button-e4b0088a gb-button-text\" href=\"https:\/\/cicamanuka.ca\/fr\/ingredients\/beurre-de-karite\/\">D\u00e9couvrir les propri\u00e9t\u00e9s<\/a>\n<\/div><\/div>\n\n<div class=\"gb-grid-column gb-grid-column-114cfb1e gb-query-loop-item post-781 ingredients type-ingredients status-publish has-post-thumbnail hentry\"><div class=\"gb-container gb-container-114cfb1e\">\n<figure class=\"gb-block-image gb-block-image-85027c1c\"><img loading=\"lazy\" decoding=\"async\" width=\"800\" height=\"600\" src=\"https:\/\/cicamanuka.ca\/wp-content\/uploads\/2023\/03\/Cica-Manuka-Honey-Expert-Formula-Pharmacy.jpeg\" class=\"gb-image-85027c1c\" alt=\"\" srcset=\"https:\/\/cicamanuka.ca\/wp-content\/uploads\/2023\/03\/Cica-Manuka-Honey-Expert-Formula-Pharmacy.jpeg 800w, https:\/\/cicamanuka.ca\/wp-content\/uploads\/2023\/03\/Cica-Manuka-Honey-Expert-Formula-Pharmacy-600x450.jpeg 600w, https:\/\/cicamanuka.ca\/wp-content\/uploads\/2023\/03\/Cica-Manuka-Honey-Expert-Formula-Pharmacy-300x225.jpeg 300w, https:\/\/cicamanuka.ca\/wp-content\/uploads\/2023\/03\/Cica-Manuka-Honey-Expert-Formula-Pharmacy-768x576.jpeg 768w\" sizes=\"auto, (max-width: 800px) 100vw, 800px\" \/><\/figure>\n\n<h2 class=\"gb-headline gb-headline-4067d42b gb-headline-text\"><a href=\"https:\/\/cicamanuka.ca\/fr\/ingredients\/huile-de-jojoba\/\">Huile de jojoba<\/a><\/h2>\n\n<a class=\"gb-button gb-button-e4b0088a gb-button-text\" href=\"https:\/\/cicamanuka.ca\/fr\/ingredients\/huile-de-jojoba\/\">D\u00e9couvrir les propri\u00e9t\u00e9s<\/a>\n<\/div><\/div>\n\n<div class=\"gb-grid-column gb-grid-column-114cfb1e gb-query-loop-item post-782 ingredients type-ingredients status-publish has-post-thumbnail hentry\"><div class=\"gb-container gb-container-114cfb1e\">\n<figure class=\"gb-block-image gb-block-image-85027c1c\"><img loading=\"lazy\" decoding=\"async\" width=\"800\" height=\"600\" src=\"https:\/\/cicamanuka.ca\/wp-content\/uploads\/2023\/03\/Cica-Manuka-Honey-certified-organic-products-with-natural-origin-ingredients.jpeg\" class=\"gb-image-85027c1c\" alt=\"\" srcset=\"https:\/\/cicamanuka.ca\/wp-content\/uploads\/2023\/03\/Cica-Manuka-Honey-certified-organic-products-with-natural-origin-ingredients.jpeg 800w, https:\/\/cicamanuka.ca\/wp-content\/uploads\/2023\/03\/Cica-Manuka-Honey-certified-organic-products-with-natural-origin-ingredients-600x450.jpeg 600w, https:\/\/cicamanuka.ca\/wp-content\/uploads\/2023\/03\/Cica-Manuka-Honey-certified-organic-products-with-natural-origin-ingredients-300x225.jpeg 300w, https:\/\/cicamanuka.ca\/wp-content\/uploads\/2023\/03\/Cica-Manuka-Honey-certified-organic-products-with-natural-origin-ingredients-768x576.jpeg 768w\" sizes=\"auto, (max-width: 800px) 100vw, 800px\" \/><\/figure>\n\n<h2 class=\"gb-headline gb-headline-4067d42b gb-headline-text\"><a href=\"https:\/\/cicamanuka.ca\/fr\/ingredients\/aloe-vera\/\">Aloe Vera<\/a><\/h2>\n\n<a class=\"gb-button gb-button-e4b0088a gb-button-text\" href=\"https:\/\/cicamanuka.ca\/fr\/ingredients\/aloe-vera\/\">D\u00e9couvrir les propri\u00e9t\u00e9s<\/a>\n<\/div><\/div>\n\n<div class=\"gb-grid-column gb-grid-column-114cfb1e gb-query-loop-item post-783 ingredients type-ingredients status-publish has-post-thumbnail hentry\"><div class=\"gb-container gb-container-114cfb1e\">\n<figure class=\"gb-block-image gb-block-image-85027c1c\"><img loading=\"lazy\" decoding=\"async\" width=\"800\" height=\"600\" src=\"https:\/\/cicamanuka.ca\/wp-content\/uploads\/2023\/03\/Cica-Manuka-Honey-Texture.jpeg\" class=\"gb-image-85027c1c\" alt=\"\" srcset=\"https:\/\/cicamanuka.ca\/wp-content\/uploads\/2023\/03\/Cica-Manuka-Honey-Texture.jpeg 800w, https:\/\/cicamanuka.ca\/wp-content\/uploads\/2023\/03\/Cica-Manuka-Honey-Texture-600x450.jpeg 600w, https:\/\/cicamanuka.ca\/wp-content\/uploads\/2023\/03\/Cica-Manuka-Honey-Texture-300x225.jpeg 300w, https:\/\/cicamanuka.ca\/wp-content\/uploads\/2023\/03\/Cica-Manuka-Honey-Texture-768x576.jpeg 768w\" sizes=\"auto, (max-width: 800px) 100vw, 800px\" \/><\/figure>\n\n<h2 class=\"gb-headline gb-headline-4067d42b gb-headline-text\"><a href=\"https:\/\/cicamanuka.ca\/fr\/ingredients\/miel-de-manuka\/\">Miel de Manuka<\/a><\/h2>\n\n<a class=\"gb-button gb-button-e4b0088a gb-button-text\" href=\"https:\/\/cicamanuka.ca\/fr\/ingredients\/miel-de-manuka\/\">D\u00e9couvrir les propri\u00e9t\u00e9s<\/a>\n<\/div><\/div>\n<\/div>\n\n<\/div>\n<\/div>","protected":false},"excerpt":{"rendered":"<p>Nos ingr\u00e9dients naturels Le carburant que repr\u00e9sente le miel de Manuka de Cica permet de porter les soins de la peau \u00e0 un tout autre niveau.<\/p>\n","protected":false},"author":1,"featured_media":700,"parent":0,"menu_order":4,"comment_status":"closed","ping_status":"closed","template":"","meta":{"_acf_changed":false,"footnotes":""},"class_list":["post-768","page","type-page","status-publish","has-post-thumbnail"],"acf":[],"yoast_head":"<!-- This site is optimized with the Yoast SEO plugin v25.3 - https:\/\/yoast.com\/wordpress\/plugins\/seo\/ -->\n<title>INGREDIENTS - Cica Manuka<\/title>\n<meta name=\"robots\" content=\"index, follow, max-snippet:-1, max-image-preview:large, max-video-preview:-1\" \/>\n<link rel=\"canonical\" href=\"https:\/\/cicamanuka.ca\/fr\/ingredients\/\" \/>\n<meta property=\"og:locale\" content=\"fr_FR\" \/>\n<meta property=\"og:type\" content=\"article\" \/>\n<meta property=\"og:title\" content=\"INGREDIENTS - Cica Manuka\" \/>\n<meta property=\"og:description\" content=\"Nos ingr\u00e9dients naturels Le carburant que repr\u00e9sente le miel de Manuka de Cica permet de porter les soins de la peau \u00e0 un tout autre niveau.\" \/>\n<meta property=\"og:url\" content=\"https:\/\/cicamanuka.ca\/fr\/ingredients\/\" \/>\n<meta property=\"og:site_name\" content=\"Cica Manuka\" \/>\n<meta property=\"article:modified_time\" content=\"2023-04-10T00:43:42+00:00\" \/>\n<meta property=\"og:image\" content=\"https:\/\/cicamanuka.ca\/wp-content\/uploads\/2023\/03\/Cica-Manuka-Honey-Products-Buy-Online-Manuka-Honey-Wound-Healing-scaled.jpeg\" \/>\n\t<meta property=\"og:image:width\" content=\"2560\" \/>\n\t<meta property=\"og:image:height\" content=\"1709\" \/>\n\t<meta property=\"og:image:type\" content=\"image\/jpeg\" \/>\n<meta name=\"twitter:card\" content=\"summary_large_image\" \/>\n<script type=\"application\/ld+json\" class=\"yoast-schema-graph\">{\"@context\":\"https:\/\/schema.org\",\"@graph\":[{\"@type\":\"WebPage\",\"@id\":\"https:\/\/cicamanuka.ca\/fr\/ingredients\/\",\"url\":\"https:\/\/cicamanuka.ca\/fr\/ingredients\/\",\"name\":\"INGREDIENTS - Cica Manuka\",\"isPartOf\":{\"@id\":\"https:\/\/cicamanuka.ca\/fr\/#website\"},\"primaryImageOfPage\":{\"@id\":\"https:\/\/cicamanuka.ca\/fr\/ingredients\/#primaryimage\"},\"image\":{\"@id\":\"https:\/\/cicamanuka.ca\/fr\/ingredients\/#primaryimage\"},\"thumbnailUrl\":\"https:\/\/cicamanuka.ca\/wp-content\/uploads\/2023\/03\/Cica-Manuka-Honey-Products-Buy-Online-Manuka-Honey-Wound-Healing-scaled.jpeg\",\"datePublished\":\"2023-03-27T19:54:27+00:00\",\"dateModified\":\"2023-04-10T00:43:42+00:00\",\"breadcrumb\":{\"@id\":\"https:\/\/cicamanuka.ca\/fr\/ingredients\/#breadcrumb\"},\"inLanguage\":\"fr-FR\",\"potentialAction\":[{\"@type\":\"ReadAction\",\"target\":[\"https:\/\/cicamanuka.ca\/fr\/ingredients\/\"]}]},{\"@type\":\"ImageObject\",\"inLanguage\":\"fr-FR\",\"@id\":\"https:\/\/cicamanuka.ca\/fr\/ingredients\/#primaryimage\",\"url\":\"https:\/\/cicamanuka.ca\/wp-content\/uploads\/2023\/03\/Cica-Manuka-Honey-Products-Buy-Online-Manuka-Honey-Wound-Healing-scaled.jpeg\",\"contentUrl\":\"https:\/\/cicamanuka.ca\/wp-content\/uploads\/2023\/03\/Cica-Manuka-Honey-Products-Buy-Online-Manuka-Honey-Wound-Healing-scaled.jpeg\",\"width\":2560,\"height\":1709},{\"@type\":\"BreadcrumbList\",\"@id\":\"https:\/\/cicamanuka.ca\/fr\/ingredients\/#breadcrumb\",\"itemListElement\":[{\"@type\":\"ListItem\",\"position\":1,\"name\":\"Home\",\"item\":\"https:\/\/cicamanuka.ca\/fr\/\"},{\"@type\":\"ListItem\",\"position\":2,\"name\":\"INGREDIENTS\"}]},{\"@type\":\"WebSite\",\"@id\":\"https:\/\/cicamanuka.ca\/fr\/#website\",\"url\":\"https:\/\/cicamanuka.ca\/fr\/\",\"name\":\"Cica Manuka\",\"description\":\"\",\"publisher\":{\"@id\":\"https:\/\/cicamanuka.ca\/fr\/#organization\"},\"potentialAction\":[{\"@type\":\"SearchAction\",\"target\":{\"@type\":\"EntryPoint\",\"urlTemplate\":\"https:\/\/cicamanuka.ca\/fr\/?s={search_term_string}\"},\"query-input\":{\"@type\":\"PropertyValueSpecification\",\"valueRequired\":true,\"valueName\":\"search_term_string\"}}],\"inLanguage\":\"fr-FR\"},{\"@type\":\"Organization\",\"@id\":\"https:\/\/cicamanuka.ca\/fr\/#organization\",\"name\":\"Cica Manuka\",\"url\":\"https:\/\/cicamanuka.ca\/fr\/\",\"logo\":{\"@type\":\"ImageObject\",\"inLanguage\":\"fr-FR\",\"@id\":\"https:\/\/cicamanuka.ca\/fr\/#\/schema\/logo\/image\/\",\"url\":\"https:\/\/cicamanuka.ca\/wp-content\/uploads\/2023\/03\/logoCM.svg\",\"contentUrl\":\"https:\/\/cicamanuka.ca\/wp-content\/uploads\/2023\/03\/logoCM.svg\",\"width\":160,\"height\":85,\"caption\":\"Cica Manuka\"},\"image\":{\"@id\":\"https:\/\/cicamanuka.ca\/fr\/#\/schema\/logo\/image\/\"}}]}<\/script>\n<!-- \/ Yoast SEO plugin. -->","yoast_head_json":{"title":"INGREDIENTS - Cica Manuka","robots":{"index":"index","follow":"follow","max-snippet":"max-snippet:-1","max-image-preview":"max-image-preview:large","max-video-preview":"max-video-preview:-1"},"canonical":"https:\/\/cicamanuka.ca\/fr\/ingredients\/","og_locale":"fr_FR","og_type":"article","og_title":"INGREDIENTS - Cica Manuka","og_description":"Nos ingr\u00e9dients naturels Le carburant que repr\u00e9sente le miel de Manuka de Cica permet de porter les soins de la peau \u00e0 un tout autre niveau.","og_url":"https:\/\/cicamanuka.ca\/fr\/ingredients\/","og_site_name":"Cica Manuka","article_modified_time":"2023-04-10T00:43:42+00:00","og_image":[{"width":2560,"height":1709,"url":"https:\/\/cicamanuka.ca\/wp-content\/uploads\/2023\/03\/Cica-Manuka-Honey-Products-Buy-Online-Manuka-Honey-Wound-Healing-scaled.jpeg","type":"image\/jpeg"}],"twitter_card":"summary_large_image","schema":{"@context":"https:\/\/schema.org","@graph":[{"@type":"WebPage","@id":"https:\/\/cicamanuka.ca\/fr\/ingredients\/","url":"https:\/\/cicamanuka.ca\/fr\/ingredients\/","name":"INGREDIENTS - Cica Manuka","isPartOf":{"@id":"https:\/\/cicamanuka.ca\/fr\/#website"},"primaryImageOfPage":{"@id":"https:\/\/cicamanuka.ca\/fr\/ingredients\/#primaryimage"},"image":{"@id":"https:\/\/cicamanuka.ca\/fr\/ingredients\/#primaryimage"},"thumbnailUrl":"https:\/\/cicamanuka.ca\/wp-content\/uploads\/2023\/03\/Cica-Manuka-Honey-Products-Buy-Online-Manuka-Honey-Wound-Healing-scaled.jpeg","datePublished":"2023-03-27T19:54:27+00:00","dateModified":"2023-04-10T00:43:42+00:00","breadcrumb":{"@id":"https:\/\/cicamanuka.ca\/fr\/ingredients\/#breadcrumb"},"inLanguage":"fr-FR","potentialAction":[{"@type":"ReadAction","target":["https:\/\/cicamanuka.ca\/fr\/ingredients\/"]}]},{"@type":"ImageObject","inLanguage":"fr-FR","@id":"https:\/\/cicamanuka.ca\/fr\/ingredients\/#primaryimage","url":"https:\/\/cicamanuka.ca\/wp-content\/uploads\/2023\/03\/Cica-Manuka-Honey-Products-Buy-Online-Manuka-Honey-Wound-Healing-scaled.jpeg","contentUrl":"https:\/\/cicamanuka.ca\/wp-content\/uploads\/2023\/03\/Cica-Manuka-Honey-Products-Buy-Online-Manuka-Honey-Wound-Healing-scaled.jpeg","width":2560,"height":1709},{"@type":"BreadcrumbList","@id":"https:\/\/cicamanuka.ca\/fr\/ingredients\/#breadcrumb","itemListElement":[{"@type":"ListItem","position":1,"name":"Home","item":"https:\/\/cicamanuka.ca\/fr\/"},{"@type":"ListItem","position":2,"name":"INGREDIENTS"}]},{"@type":"WebSite","@id":"https:\/\/cicamanuka.ca\/fr\/#website","url":"https:\/\/cicamanuka.ca\/fr\/","name":"Cica Manuka","description":"","publisher":{"@id":"https:\/\/cicamanuka.ca\/fr\/#organization"},"potentialAction":[{"@type":"SearchAction","target":{"@type":"EntryPoint","urlTemplate":"https:\/\/cicamanuka.ca\/fr\/?s={search_term_string}"},"query-input":{"@type":"PropertyValueSpecification","valueRequired":true,"valueName":"search_term_string"}}],"inLanguage":"fr-FR"},{"@type":"Organization","@id":"https:\/\/cicamanuka.ca\/fr\/#organization","name":"Cica Manuka","url":"https:\/\/cicamanuka.ca\/fr\/","logo":{"@type":"ImageObject","inLanguage":"fr-FR","@id":"https:\/\/cicamanuka.ca\/fr\/#\/schema\/logo\/image\/","url":"https:\/\/cicamanuka.ca\/wp-content\/uploads\/2023\/03\/logoCM.svg","contentUrl":"https:\/\/cicamanuka.ca\/wp-content\/uploads\/2023\/03\/logoCM.svg","width":160,"height":85,"caption":"Cica Manuka"},"image":{"@id":"https:\/\/cicamanuka.ca\/fr\/#\/schema\/logo\/image\/"}}]}},"_links":{"self":[{"href":"https:\/\/cicamanuka.ca\/fr\/wp-json\/wp\/v2\/pages\/768","targetHints":{"allow":["GET"]}}],"collection":[{"href":"https:\/\/cicamanuka.ca\/fr\/wp-json\/wp\/v2\/pages"}],"about":[{"href":"https:\/\/cicamanuka.ca\/fr\/wp-json\/wp\/v2\/types\/page"}],"author":[{"embeddable":true,"href":"https:\/\/cicamanuka.ca\/fr\/wp-json\/wp\/v2\/users\/1"}],"replies":[{"embeddable":true,"href":"https:\/\/cicamanuka.ca\/fr\/wp-json\/wp\/v2\/comments?post=768"}],"version-history":[{"count":2,"href":"https:\/\/cicamanuka.ca\/fr\/wp-json\/wp\/v2\/pages\/768\/revisions"}],"predecessor-version":[{"id":818,"href":"https:\/\/cicamanuka.ca\/fr\/wp-json\/wp\/v2\/pages\/768\/revisions\/818"}],"wp:featuredmedia":[{"embeddable":true,"href":"https:\/\/cicamanuka.ca\/fr\/wp-json\/wp\/v2\/media\/700"}],"wp:attachment":[{"href":"https:\/\/cicamanuka.ca\/fr\/wp-json\/wp\/v2\/media?parent=768"}],"curies":[{"name":"wp","href":"https:\/\/api.w.org\/{rel}","templated":true}]}}