{"id":766,"date":"2023-03-26T01:23:23","date_gmt":"2023-03-26T01:23:23","guid":{"rendered":"https:\/\/cicamanuka.ca\/benefices\/"},"modified":"2024-04-04T19:01:43","modified_gmt":"2024-04-04T19:01:43","slug":"benefices","status":"publish","type":"page","link":"https:\/\/cicamanuka.ca\/fr\/benefices\/","title":{"rendered":"B\u00c9N\u00c9FICES"},"content":{"rendered":"<div class=\"gb-container gb-container-51872fd6\"><div class=\"gb-inside-container\">\n<div class=\"gb-grid-wrapper gb-grid-wrapper-db3ac0f1\">\n<div class=\"gb-grid-column gb-grid-column-36210f1d\"><div class=\"gb-container gb-container-36210f1d\"><div class=\"gb-inside-container\">\n\n<h2 class=\"gb-headline gb-headline-6464f250 gb-headline-text\">Le miel de Manuka est r\u00e9put\u00e9 pour ses propri\u00e9t\u00e9s exceptionnelles et a prouv\u00e9 son efficacit\u00e9 dans les soins de la peau.<\/h2>\n\n\n\n<p class=\"gb-headline gb-headline-00fe6c87 gb-headline-text\">C&rsquo;est pourquoi ce puissant ingr\u00e9dient est  <br>au c\u0153ur de nos formules cosm\u00e9tiques.<\/p>\n\n<\/div><\/div><\/div>\n\n<div class=\"gb-grid-column gb-grid-column-0fa7420f\"><div class=\"gb-container gb-container-0fa7420f\"><div class=\"gb-inside-container\"><\/div><\/div><\/div>\n\n<div class=\"gb-grid-column gb-grid-column-5254c20f\"><div class=\"gb-container gb-container-5254c20f\"><div class=\"gb-inside-container\"><\/div><\/div><\/div>\n<\/div>\n\n\n<div style=\"height:40px\" aria-hidden=\"true\" class=\"wp-block-spacer\"><\/div>\n\n\n<div class=\"gb-container gb-container-a5c1112d\"><div class=\"gb-inside-container\">\n<div class=\"gb-grid-wrapper gb-grid-wrapper-fa517c0c\">\n<div class=\"gb-grid-column gb-grid-column-ff7b5ebc\"><div class=\"gb-container gb-container-ff7b5ebc\"><div class=\"gb-inside-container\">\n\n<h2 class=\"gb-headline gb-headline-824242d8 gb-headline-text\">D\u00e9couvrez notre protocole de soins r\u00e9parateurs au miel de Manuka IAA\u00ae.<\/h2>\n\n\n\n<p class=\"gb-headline gb-headline-12d80e1e gb-headline-text\">D\u00e9couvrez ce qui fait la sp\u00e9cificit\u00e9 de Cica Manuka.<\/p>\n\n\n<div class=\"gb-grid-wrapper gb-grid-wrapper-b82ec3e5\">\n<div class=\"gb-grid-column gb-grid-column-a3377921\"><div class=\"gb-container gb-container-a3377921\"><div class=\"gb-inside-container\">\n\n<p class=\"gb-headline gb-headline-f13f8948 gb-headline-text\">B\u00c9N\u00c9FICES<\/p>\n\n\n<div class=\"gb-button-wrapper gb-button-wrapper-ca2cbf8b\">\n\n<a class=\"gb-button gb-button-6ab27711 gb-button-text\" href=\"https:\/\/cicamanuka.ca\/fr\/benefices\/\">En savoir plus<\/a>\n\n<\/div>\n<\/div><\/div><\/div>\n\n<div class=\"gb-grid-column gb-grid-column-ecab9107\"><div class=\"gb-container gb-container-ecab9107\"><div class=\"gb-inside-container\">\n\n<p class=\"gb-headline gb-headline-9e353e9b gb-headline-text\">Ingr\u00e9dients<\/p>\n\n\n\n<a class=\"gb-button gb-button-6c314918 gb-button-text\" href=\"https:\/\/cicamanuka.ca\/fr\/ingredients\/\">En savoir plus<\/a>\n\n<\/div><\/div><\/div>\n<\/div>\n<\/div><\/div><\/div>\n\n<div class=\"gb-grid-column gb-grid-column-1c159f47\"><div class=\"gb-container gb-container-1c159f47\"><div class=\"gb-inside-container\">\n\n<figure class=\"gb-block-image gb-block-image-ce4dc1dc\"><img loading=\"lazy\" decoding=\"async\" width=\"1685\" height=\"1685\" class=\"gb-image gb-image-ce4dc1dc\" src=\"https:\/\/cicamanuka.ca\/wp-content\/uploads\/2023\/03\/Cica-Manuka-Honey-Products-Buy-Online-Manuka-Honey-Natural-Skincare.jpg\" alt=\"\" title=\"Cica Manuka Honey Products Buy Online - Manuka Honey Natural Skincare\" srcset=\"https:\/\/cicamanuka.ca\/wp-content\/uploads\/2023\/03\/Cica-Manuka-Honey-Products-Buy-Online-Manuka-Honey-Natural-Skincare.jpg 1685w, https:\/\/cicamanuka.ca\/wp-content\/uploads\/2023\/03\/Cica-Manuka-Honey-Products-Buy-Online-Manuka-Honey-Natural-Skincare-300x300.jpg 300w, https:\/\/cicamanuka.ca\/wp-content\/uploads\/2023\/03\/Cica-Manuka-Honey-Products-Buy-Online-Manuka-Honey-Natural-Skincare-1024x1024.jpg 1024w, https:\/\/cicamanuka.ca\/wp-content\/uploads\/2023\/03\/Cica-Manuka-Honey-Products-Buy-Online-Manuka-Honey-Natural-Skincare-150x150.jpg 150w, https:\/\/cicamanuka.ca\/wp-content\/uploads\/2023\/03\/Cica-Manuka-Honey-Products-Buy-Online-Manuka-Honey-Natural-Skincare-768x768.jpg 768w, https:\/\/cicamanuka.ca\/wp-content\/uploads\/2023\/03\/Cica-Manuka-Honey-Products-Buy-Online-Manuka-Honey-Natural-Skincare-1536x1536.jpg 1536w, https:\/\/cicamanuka.ca\/wp-content\/uploads\/2023\/03\/Cica-Manuka-Honey-Products-Buy-Online-Manuka-Honey-Natural-Skincare-600x600.jpg 600w, https:\/\/cicamanuka.ca\/wp-content\/uploads\/2023\/03\/Cica-Manuka-Honey-Products-Buy-Online-Manuka-Honey-Natural-Skincare-100x100.jpg 100w\" sizes=\"auto, (max-width: 1685px) 100vw, 1685px\" \/><\/figure>\n\n<\/div><\/div><\/div>\n<\/div>\n<\/div><\/div>\n\n<div class=\"gb-grid-wrapper gb-grid-wrapper-3bad18e1\">\n<div class=\"gb-grid-column gb-grid-column-fd482410\"><div class=\"gb-container gb-container-fd482410\"><div class=\"gb-inside-container\"><\/div><\/div><\/div>\n\n<div class=\"gb-grid-column gb-grid-column-f5432e80\"><div class=\"gb-container gb-container-f5432e80\"><div class=\"gb-inside-container\">\n\n<h2 class=\"gb-headline gb-headline-58dea87d gb-headline-text\">&#8230; et la r\u00e9paration<\/h2>\n\n\n\n<p class=\"gb-headline gb-headline-b6169334 gb-headline-text\">Gr\u00e2ce \u00e0 ses diff\u00e9rents effets sur la peau, le miel de Manuka est un ingr\u00e9dient id\u00e9al pour prendre soin des peaux s\u00e8ches et ab\u00eem\u00e9es*, en favorisant la r\u00e9paration et l&rsquo;hydratation des tissus. C&rsquo;est un excellent alli\u00e9 au quotidien et un puissant antioxydant. En r\u00e9sum\u00e9, le miel de Manuka est un ingr\u00e9dient rare et unique, \u00e0 l&rsquo;efficacit\u00e9 scientifiquement mesur\u00e9e et reconnue, qui poss\u00e8de de nombreuses propri\u00e9t\u00e9s.<\/p>\n\n<\/div><\/div><\/div>\n\n<div class=\"gb-grid-column gb-grid-column-f7f4dfe2\"><div class=\"gb-container gb-container-f7f4dfe2\"><div class=\"gb-inside-container\">\n\n<p class=\"gb-headline gb-headline-6e53e019 gb-headline-text\">Cica Manuka propose un protocole de soin r\u00e9parateur performant, 100% naturel, avec une teneur unique en Miel de Manuka IAA\u00ae : jusqu&rsquo;\u00e0 40% dans nos formules.<\/p>\n\n\n\n<p><em>\n  <strong>* ne pas appliquer sur une peau ab\u00eem\u00e9e<\/strong>\n<\/em> *<\/p>\n\n<\/div><\/div><\/div>\n<\/div>\n<\/div><\/div>\n\n<div class=\"gb-container gb-container-8c78d1c3\"><div class=\"gb-inside-container\">\n<div class=\"gb-container gb-container-c4d0f41c\">\n<div class=\"gb-grid-wrapper gb-grid-wrapper-185d76cb\">\n<div class=\"gb-grid-column gb-grid-column-01e25075\"><div class=\"gb-container gb-container-01e25075\"><div class=\"gb-inside-container\">\n\n<figure class=\"gb-block-image gb-block-image-dc8c253d\"><img loading=\"lazy\" decoding=\"async\" width=\"400\" height=\"400\" class=\"gb-image gb-image-dc8c253d\" src=\"https:\/\/cicamanuka.ca\/wp-content\/uploads\/2023\/03\/pharmacies.png\" alt=\"\" title=\"pharmacies\" srcset=\"https:\/\/cicamanuka.ca\/wp-content\/uploads\/2023\/03\/pharmacies.png 400w, https:\/\/cicamanuka.ca\/wp-content\/uploads\/2023\/03\/pharmacies-100x100.png 100w, https:\/\/cicamanuka.ca\/wp-content\/uploads\/2023\/03\/pharmacies-300x300.png 300w, https:\/\/cicamanuka.ca\/wp-content\/uploads\/2023\/03\/pharmacies-150x150.png 150w\" sizes=\"auto, (max-width: 400px) 100vw, 400px\" \/><\/figure>\n\n\n\n<h6 class=\"gb-headline gb-headline-ea755888 gb-headline-text\">Confiance de plus de<br>Plus de 1 500 pharmacies<\/h6>\n\n<\/div><\/div><\/div>\n\n<div class=\"gb-grid-column gb-grid-column-617ca09e\"><div class=\"gb-container gb-container-617ca09e\"><div class=\"gb-inside-container\">\n\n<figure class=\"gb-block-image gb-block-image-e3173e03\"><img loading=\"lazy\" decoding=\"async\" width=\"400\" height=\"400\" class=\"gb-image gb-image-e3173e03\" src=\"https:\/\/cicamanuka.ca\/wp-content\/uploads\/2023\/03\/echantillon.png\" alt=\"\" title=\"\u00e9chantillon\" srcset=\"https:\/\/cicamanuka.ca\/wp-content\/uploads\/2023\/03\/echantillon.png 400w, https:\/\/cicamanuka.ca\/wp-content\/uploads\/2023\/03\/echantillon-100x100.png 100w, https:\/\/cicamanuka.ca\/wp-content\/uploads\/2023\/03\/echantillon-300x300.png 300w, https:\/\/cicamanuka.ca\/wp-content\/uploads\/2023\/03\/echantillon-150x150.png 150w\" sizes=\"auto, (max-width: 400px) 100vw, 400px\" \/><\/figure>\n\n\n\n<h6 class=\"gb-headline gb-headline-e8f19591 gb-headline-text\">\u00c9chantillons gratuits disponibles<br>pour les partenaires s\u00e9lectionn\u00e9s<\/h6>\n\n<\/div><\/div><\/div>\n\n<div class=\"gb-grid-column gb-grid-column-6b1e8aae\"><div class=\"gb-container gb-container-6b1e8aae\"><div class=\"gb-inside-container\">\n\n<figure class=\"gb-block-image gb-block-image-731e9700\"><img loading=\"lazy\" decoding=\"async\" width=\"400\" height=\"400\" class=\"gb-image gb-image-731e9700\" src=\"https:\/\/cicamanuka.ca\/wp-content\/uploads\/2023\/03\/paiement_securise_1.png\" alt=\"\" title=\"paiement_securise_1\" srcset=\"https:\/\/cicamanuka.ca\/wp-content\/uploads\/2023\/03\/paiement_securise_1.png 400w, https:\/\/cicamanuka.ca\/wp-content\/uploads\/2023\/03\/paiement_securise_1-100x100.png 100w, https:\/\/cicamanuka.ca\/wp-content\/uploads\/2023\/03\/paiement_securise_1-300x300.png 300w, https:\/\/cicamanuka.ca\/wp-content\/uploads\/2023\/03\/paiement_securise_1-150x150.png 150w\" sizes=\"auto, (max-width: 400px) 100vw, 400px\" \/><\/figure>\n\n\n\n<h6 class=\"gb-headline gb-headline-3cf9a81d gb-headline-text\">S\u00e9curis\u00e9 et conforme \u00e0 la norme PCI<br>exp\u00e9rience de caisse<\/h6>\n\n<\/div><\/div><\/div>\n\n<div class=\"gb-grid-column gb-grid-column-91ed76b7\"><div class=\"gb-container gb-container-91ed76b7\"><div class=\"gb-inside-container\">\n\n<figure class=\"gb-block-image gb-block-image-31cd5264\"><img loading=\"lazy\" decoding=\"async\" width=\"400\" height=\"400\" class=\"gb-image gb-image-31cd5264\" src=\"https:\/\/cicamanuka.ca\/wp-content\/uploads\/2023\/03\/livraison_3.png\" alt=\"\" title=\"livraison_3\" srcset=\"https:\/\/cicamanuka.ca\/wp-content\/uploads\/2023\/03\/livraison_3.png 400w, https:\/\/cicamanuka.ca\/wp-content\/uploads\/2023\/03\/livraison_3-100x100.png 100w, https:\/\/cicamanuka.ca\/wp-content\/uploads\/2023\/03\/livraison_3-300x300.png 300w, https:\/\/cicamanuka.ca\/wp-content\/uploads\/2023\/03\/livraison_3-150x150.png 150w\" sizes=\"auto, (max-width: 400px) 100vw, 400px\" \/><\/figure>\n\n\n\n<h6 class=\"gb-headline gb-headline-51975085 gb-headline-text\">Rapide dans tout le Canada<br>options d&rsquo;exp\u00e9dition<\/h6>\n\n<\/div><\/div><\/div>\n<\/div>\n<\/div>\n<\/div><\/div>","protected":false},"excerpt":{"rendered":"","protected":false},"author":1,"featured_media":712,"parent":0,"menu_order":3,"comment_status":"closed","ping_status":"closed","template":"","meta":{"_acf_changed":false,"footnotes":""},"class_list":["post-766","page","type-page","status-publish","has-post-thumbnail"],"acf":[],"yoast_head":"<!-- This site is optimized with the Yoast SEO plugin v25.3 - https:\/\/yoast.com\/wordpress\/plugins\/seo\/ -->\n<title>B\u00c9N\u00c9FICES - Cica Manuka<\/title>\n<meta name=\"robots\" content=\"index, follow, max-snippet:-1, max-image-preview:large, max-video-preview:-1\" \/>\n<link rel=\"canonical\" href=\"https:\/\/cicamanuka.ca\/fr\/benefices\/\" \/>\n<meta property=\"og:locale\" content=\"fr_FR\" \/>\n<meta property=\"og:type\" content=\"article\" \/>\n<meta property=\"og:title\" content=\"B\u00c9N\u00c9FICES - Cica Manuka\" \/>\n<meta property=\"og:url\" content=\"https:\/\/cicamanuka.ca\/fr\/benefices\/\" \/>\n<meta property=\"og:site_name\" content=\"Cica Manuka\" \/>\n<meta property=\"article:modified_time\" content=\"2024-04-04T19:01:43+00:00\" \/>\n<meta property=\"og:image\" content=\"https:\/\/cicamanuka.ca\/wp-content\/uploads\/2023\/03\/Cica-Manuka-Honey-Products-Buy-Online-Manuka-Honey-Lip-Balm-scaled.jpg\" \/>\n\t<meta property=\"og:image:width\" content=\"2560\" \/>\n\t<meta property=\"og:image:height\" content=\"2560\" \/>\n\t<meta property=\"og:image:type\" content=\"image\/jpeg\" \/>\n<meta name=\"twitter:card\" content=\"summary_large_image\" \/>\n<meta name=\"twitter:label1\" content=\"Dur\u00e9e de lecture estim\u00e9e\" \/>\n\t<meta name=\"twitter:data1\" content=\"4 minutes\" \/>\n<script type=\"application\/ld+json\" class=\"yoast-schema-graph\">{\"@context\":\"https:\/\/schema.org\",\"@graph\":[{\"@type\":\"WebPage\",\"@id\":\"https:\/\/cicamanuka.ca\/fr\/benefices\/\",\"url\":\"https:\/\/cicamanuka.ca\/fr\/benefices\/\",\"name\":\"B\u00c9N\u00c9FICES - Cica Manuka\",\"isPartOf\":{\"@id\":\"https:\/\/cicamanuka.ca\/fr\/#website\"},\"primaryImageOfPage\":{\"@id\":\"https:\/\/cicamanuka.ca\/fr\/benefices\/#primaryimage\"},\"image\":{\"@id\":\"https:\/\/cicamanuka.ca\/fr\/benefices\/#primaryimage\"},\"thumbnailUrl\":\"https:\/\/cicamanuka.ca\/wp-content\/uploads\/2023\/03\/Cica-Manuka-Honey-Products-Buy-Online-Manuka-Honey-Lip-Balm-scaled.jpg\",\"datePublished\":\"2023-03-26T01:23:23+00:00\",\"dateModified\":\"2024-04-04T19:01:43+00:00\",\"breadcrumb\":{\"@id\":\"https:\/\/cicamanuka.ca\/fr\/benefices\/#breadcrumb\"},\"inLanguage\":\"fr-FR\",\"potentialAction\":[{\"@type\":\"ReadAction\",\"target\":[\"https:\/\/cicamanuka.ca\/fr\/benefices\/\"]}]},{\"@type\":\"ImageObject\",\"inLanguage\":\"fr-FR\",\"@id\":\"https:\/\/cicamanuka.ca\/fr\/benefices\/#primaryimage\",\"url\":\"https:\/\/cicamanuka.ca\/wp-content\/uploads\/2023\/03\/Cica-Manuka-Honey-Products-Buy-Online-Manuka-Honey-Lip-Balm-scaled.jpg\",\"contentUrl\":\"https:\/\/cicamanuka.ca\/wp-content\/uploads\/2023\/03\/Cica-Manuka-Honey-Products-Buy-Online-Manuka-Honey-Lip-Balm-scaled.jpg\",\"width\":2560,\"height\":2560},{\"@type\":\"BreadcrumbList\",\"@id\":\"https:\/\/cicamanuka.ca\/fr\/benefices\/#breadcrumb\",\"itemListElement\":[{\"@type\":\"ListItem\",\"position\":1,\"name\":\"Home\",\"item\":\"https:\/\/cicamanuka.ca\/fr\/\"},{\"@type\":\"ListItem\",\"position\":2,\"name\":\"B\u00c9N\u00c9FICES\"}]},{\"@type\":\"WebSite\",\"@id\":\"https:\/\/cicamanuka.ca\/fr\/#website\",\"url\":\"https:\/\/cicamanuka.ca\/fr\/\",\"name\":\"Cica Manuka\",\"description\":\"\",\"publisher\":{\"@id\":\"https:\/\/cicamanuka.ca\/fr\/#organization\"},\"potentialAction\":[{\"@type\":\"SearchAction\",\"target\":{\"@type\":\"EntryPoint\",\"urlTemplate\":\"https:\/\/cicamanuka.ca\/fr\/?s={search_term_string}\"},\"query-input\":{\"@type\":\"PropertyValueSpecification\",\"valueRequired\":true,\"valueName\":\"search_term_string\"}}],\"inLanguage\":\"fr-FR\"},{\"@type\":\"Organization\",\"@id\":\"https:\/\/cicamanuka.ca\/fr\/#organization\",\"name\":\"Cica Manuka\",\"url\":\"https:\/\/cicamanuka.ca\/fr\/\",\"logo\":{\"@type\":\"ImageObject\",\"inLanguage\":\"fr-FR\",\"@id\":\"https:\/\/cicamanuka.ca\/fr\/#\/schema\/logo\/image\/\",\"url\":\"https:\/\/cicamanuka.ca\/wp-content\/uploads\/2023\/03\/logoCM.svg\",\"contentUrl\":\"https:\/\/cicamanuka.ca\/wp-content\/uploads\/2023\/03\/logoCM.svg\",\"width\":160,\"height\":85,\"caption\":\"Cica Manuka\"},\"image\":{\"@id\":\"https:\/\/cicamanuka.ca\/fr\/#\/schema\/logo\/image\/\"}}]}<\/script>\n<!-- \/ Yoast SEO plugin. -->","yoast_head_json":{"title":"B\u00c9N\u00c9FICES - Cica Manuka","robots":{"index":"index","follow":"follow","max-snippet":"max-snippet:-1","max-image-preview":"max-image-preview:large","max-video-preview":"max-video-preview:-1"},"canonical":"https:\/\/cicamanuka.ca\/fr\/benefices\/","og_locale":"fr_FR","og_type":"article","og_title":"B\u00c9N\u00c9FICES - Cica Manuka","og_url":"https:\/\/cicamanuka.ca\/fr\/benefices\/","og_site_name":"Cica Manuka","article_modified_time":"2024-04-04T19:01:43+00:00","og_image":[{"width":2560,"height":2560,"url":"https:\/\/cicamanuka.ca\/wp-content\/uploads\/2023\/03\/Cica-Manuka-Honey-Products-Buy-Online-Manuka-Honey-Lip-Balm-scaled.jpg","type":"image\/jpeg"}],"twitter_card":"summary_large_image","twitter_misc":{"Dur\u00e9e de lecture estim\u00e9e":"4 minutes"},"schema":{"@context":"https:\/\/schema.org","@graph":[{"@type":"WebPage","@id":"https:\/\/cicamanuka.ca\/fr\/benefices\/","url":"https:\/\/cicamanuka.ca\/fr\/benefices\/","name":"B\u00c9N\u00c9FICES - Cica Manuka","isPartOf":{"@id":"https:\/\/cicamanuka.ca\/fr\/#website"},"primaryImageOfPage":{"@id":"https:\/\/cicamanuka.ca\/fr\/benefices\/#primaryimage"},"image":{"@id":"https:\/\/cicamanuka.ca\/fr\/benefices\/#primaryimage"},"thumbnailUrl":"https:\/\/cicamanuka.ca\/wp-content\/uploads\/2023\/03\/Cica-Manuka-Honey-Products-Buy-Online-Manuka-Honey-Lip-Balm-scaled.jpg","datePublished":"2023-03-26T01:23:23+00:00","dateModified":"2024-04-04T19:01:43+00:00","breadcrumb":{"@id":"https:\/\/cicamanuka.ca\/fr\/benefices\/#breadcrumb"},"inLanguage":"fr-FR","potentialAction":[{"@type":"ReadAction","target":["https:\/\/cicamanuka.ca\/fr\/benefices\/"]}]},{"@type":"ImageObject","inLanguage":"fr-FR","@id":"https:\/\/cicamanuka.ca\/fr\/benefices\/#primaryimage","url":"https:\/\/cicamanuka.ca\/wp-content\/uploads\/2023\/03\/Cica-Manuka-Honey-Products-Buy-Online-Manuka-Honey-Lip-Balm-scaled.jpg","contentUrl":"https:\/\/cicamanuka.ca\/wp-content\/uploads\/2023\/03\/Cica-Manuka-Honey-Products-Buy-Online-Manuka-Honey-Lip-Balm-scaled.jpg","width":2560,"height":2560},{"@type":"BreadcrumbList","@id":"https:\/\/cicamanuka.ca\/fr\/benefices\/#breadcrumb","itemListElement":[{"@type":"ListItem","position":1,"name":"Home","item":"https:\/\/cicamanuka.ca\/fr\/"},{"@type":"ListItem","position":2,"name":"B\u00c9N\u00c9FICES"}]},{"@type":"WebSite","@id":"https:\/\/cicamanuka.ca\/fr\/#website","url":"https:\/\/cicamanuka.ca\/fr\/","name":"Cica Manuka","description":"","publisher":{"@id":"https:\/\/cicamanuka.ca\/fr\/#organization"},"potentialAction":[{"@type":"SearchAction","target":{"@type":"EntryPoint","urlTemplate":"https:\/\/cicamanuka.ca\/fr\/?s={search_term_string}"},"query-input":{"@type":"PropertyValueSpecification","valueRequired":true,"valueName":"search_term_string"}}],"inLanguage":"fr-FR"},{"@type":"Organization","@id":"https:\/\/cicamanuka.ca\/fr\/#organization","name":"Cica Manuka","url":"https:\/\/cicamanuka.ca\/fr\/","logo":{"@type":"ImageObject","inLanguage":"fr-FR","@id":"https:\/\/cicamanuka.ca\/fr\/#\/schema\/logo\/image\/","url":"https:\/\/cicamanuka.ca\/wp-content\/uploads\/2023\/03\/logoCM.svg","contentUrl":"https:\/\/cicamanuka.ca\/wp-content\/uploads\/2023\/03\/logoCM.svg","width":160,"height":85,"caption":"Cica Manuka"},"image":{"@id":"https:\/\/cicamanuka.ca\/fr\/#\/schema\/logo\/image\/"}}]}},"_links":{"self":[{"href":"https:\/\/cicamanuka.ca\/fr\/wp-json\/wp\/v2\/pages\/766","targetHints":{"allow":["GET"]}}],"collection":[{"href":"https:\/\/cicamanuka.ca\/fr\/wp-json\/wp\/v2\/pages"}],"about":[{"href":"https:\/\/cicamanuka.ca\/fr\/wp-json\/wp\/v2\/types\/page"}],"author":[{"embeddable":true,"href":"https:\/\/cicamanuka.ca\/fr\/wp-json\/wp\/v2\/users\/1"}],"replies":[{"embeddable":true,"href":"https:\/\/cicamanuka.ca\/fr\/wp-json\/wp\/v2\/comments?post=766"}],"version-history":[{"count":4,"href":"https:\/\/cicamanuka.ca\/fr\/wp-json\/wp\/v2\/pages\/766\/revisions"}],"predecessor-version":[{"id":1485,"href":"https:\/\/cicamanuka.ca\/fr\/wp-json\/wp\/v2\/pages\/766\/revisions\/1485"}],"wp:featuredmedia":[{"embeddable":true,"href":"https:\/\/cicamanuka.ca\/fr\/wp-json\/wp\/v2\/media\/712"}],"wp:attachment":[{"href":"https:\/\/cicamanuka.ca\/fr\/wp-json\/wp\/v2\/media?parent=766"}],"curies":[{"name":"wp","href":"https:\/\/api.w.org\/{rel}","templated":true}]}}