{"id":764,"date":"2023-03-25T22:18:41","date_gmt":"2023-03-25T22:18:41","guid":{"rendered":"https:\/\/cicamanuka.ca\/la-science\/"},"modified":"2025-06-19T13:00:18","modified_gmt":"2025-06-19T13:00:18","slug":"la-science","status":"publish","type":"page","link":"https:\/\/cicamanuka.ca\/fr\/la-science\/","title":{"rendered":"LA SCIENCE"},"content":{"rendered":"<div class=\"gb-container gb-container-51872fd6\"><div class=\"gb-inside-container\">\n<div class=\"gb-container gb-container-db217191\"><div class=\"gb-inside-container\"><\/div><\/div>\n\n<div class=\"gb-grid-wrapper gb-grid-wrapper-db3ac0f1\">\n<div class=\"gb-grid-column gb-grid-column-36210f1d\"><div class=\"gb-container gb-container-36210f1d\"><div class=\"gb-inside-container\">\n\n<h2 class=\"gb-headline gb-headline-6464f250 gb-headline-text\">POURQUOI LE MIEL DE MANUKA<\/h2>\n\n\n\n<p class=\"gb-headline gb-headline-00fe6c87 gb-headline-text\">Nous avons choisi d&rsquo;utiliser le miel de Manuka dans nos formules dermo-cosm\u00e9tiques car le miel de Manuka IAA\u00ae contient des propri\u00e9t\u00e9s uniques, reconnues et \u00e9tudi\u00e9es par la communaut\u00e9 scientifique.<\/p>\n\n<\/div><\/div><\/div>\n\n<div class=\"gb-grid-column gb-grid-column-0fa7420f\"><div class=\"gb-container gb-container-0fa7420f\"><div class=\"gb-inside-container\"><\/div><\/div><\/div>\n\n<div class=\"gb-grid-column gb-grid-column-5254c20f\"><div class=\"gb-container gb-container-5254c20f\"><div class=\"gb-inside-container\"><\/div><\/div><\/div>\n<\/div>\n\n<div class=\"gb-container gb-container-2fcf1e9b\"><div class=\"gb-inside-container\">\n<div class=\"gb-grid-wrapper gb-grid-wrapper-786b4b59\">\n<div class=\"gb-grid-column gb-grid-column-e526b0f2\"><div class=\"gb-container gb-container-e526b0f2\"><div class=\"gb-inside-container\">\n<div class=\"gb-container gb-container-2adcd5b1\"><div class=\"gb-inside-container\"><\/div><\/div>\n<\/div><\/div><\/div>\n\n<div class=\"gb-grid-column gb-grid-column-45d2d773\"><div class=\"gb-container gb-container-45d2d773\"><div class=\"gb-inside-container\">\n\n<h6 class=\"gb-headline gb-headline-f462ba69 gb-headline-text\">PROUV\u00c9 PAR<br>\u00c9TUDES SCIENTIFIQUES<\/h6>\n\n\n\n<h2 class=\"gb-headline gb-headline-fd0beabf gb-headline-text\">Dans les ann\u00e9es 1980, le professeur Peter Molan de l&rsquo;universit\u00e9 de Waikato en Nouvelle-Z\u00e9lande a men\u00e9 des \u00e9tudes sur plus de 300 types de miel. Il a d\u00e9couvert que certains miels de Manuka poss\u00e8dent une activit\u00e9 suppl\u00e9mentaire, non li\u00e9e au peroxyde d&rsquo;hydrog\u00e8ne, qui reste efficace dans le corps humain.<\/h2>\n\n\n\n<p class=\"gb-headline gb-headline-2d33e63b gb-headline-text\">Le professeur Molan a mis au point un test de laboratoire permettant de classer le miel de Manuka en fonction de son niveau d&rsquo;activit\u00e9. Le niveau d&rsquo;activit\u00e9 du miel d\u00e9pend de sa r\u00e9gion d&rsquo;origine.<\/p>\n\n<\/div><\/div><\/div>\n<\/div>\n\n\n<div style=\"height:80px\" aria-hidden=\"true\" class=\"wp-block-spacer\"><\/div>\n\n\n<div class=\"gb-grid-wrapper gb-grid-wrapper-e191278e\">\n<div class=\"gb-grid-column gb-grid-column-37e07e76\"><div class=\"gb-container gb-container-37e07e76\"><div class=\"gb-inside-container\">\n\n<h6 class=\"gb-headline gb-headline-e7568461 gb-headline-text\">10+ \u00e0 15+ CLASSEMENT IAA<\/h6>\n\n\n\n<h2 class=\"gb-headline gb-headline-b1ac6719 gb-headline-text\">La Nouvelle-Z\u00e9lande se compose de deux \u00eeles, l&rsquo;\u00eele du Nord et l&rsquo;\u00eele du Sud. Les miels les plus actifs se trouvent dans le nord du pays. C&rsquo;est pourquoi chaque production est analys\u00e9e par un laboratoire ind\u00e9pendant charg\u00e9 de d\u00e9terminer le niveau d&rsquo;activit\u00e9 du miel de Manuka.<\/h2>\n\n\n\n<p class=\"gb-headline gb-headline-9d2c3037 gb-headline-text\">Plus tard, dans les ann\u00e9es 2000, le professeur Henle a d\u00e9couvert la mol\u00e9cule en partie responsable de cette activit\u00e9 : le m\u00e9thylglyoxal (MGO).<\/p>\n\n<\/div><\/div><\/div>\n\n<div class=\"gb-grid-column gb-grid-column-4af062c6\"><div class=\"gb-container gb-container-4af062c6\"><div class=\"gb-inside-container\">\n<div class=\"gb-container gb-container-72c68b69\"><div class=\"gb-inside-container\"><\/div><\/div>\n<\/div><\/div><\/div>\n\n<div class=\"gb-grid-column gb-grid-column-a61072a2\"><div class=\"gb-container gb-container-a61072a2\"><div class=\"gb-inside-container\">\n\n<p class=\"gb-headline gb-headline-96721dfd gb-headline-text\">Ses \u00e9tudes ont montr\u00e9 que certains miels de Manuka peuvent contenir jusqu&rsquo;\u00e0 700 mg de m\u00e9thylglyoxal par kilogramme, soit une concentration 70 fois sup\u00e9rieure \u00e0 celle du miel conventionnel. Sa concentration exceptionnelle en m\u00e9thylglyoxal conf\u00e8re au miel de Manuka sa capacit\u00e9 \u00e0 favoriser la r\u00e9paration des couches externes de la peau.<\/p>\n\n\n\n<div style=\"height:30px\" aria-hidden=\"true\" class=\"wp-block-spacer\"><\/div>\n\n<\/div><\/div><\/div>\n<\/div>\n\n<div class=\"gb-grid-wrapper gb-grid-wrapper-c9643fb7\">\n<div class=\"gb-grid-column gb-grid-column-d8f1c4db\"><div class=\"gb-container gb-container-d8f1c4db\"><div class=\"gb-inside-container\">\n<div class=\"gb-container gb-container-cee173be\"><div class=\"gb-inside-container\"><\/div><\/div>\n<\/div><\/div><\/div>\n\n<div class=\"gb-grid-column gb-grid-column-6ffa573d\"><div class=\"gb-container gb-container-6ffa573d\"><div class=\"gb-inside-container\">\n\n<h6 class=\"gb-headline gb-headline-96f8596f gb-headline-text\">NOTRE ENGAGEMENT IAA<\/h6>\n\n\n\n<h2 class=\"gb-headline gb-headline-24b209cb gb-headline-text\">Gr\u00e2ce \u00e0 des recherches approfondies, nous avons \u00e9tabli une \u00e9quivalence \u00e0 l&rsquo;indice MGO, qui nous permet de mesurer pr\u00e9cis\u00e9ment le miel de Manuka et de garantir son origine n\u00e9o-z\u00e9landaise authentique : l&rsquo;indice IAA\u00ae.<\/h2>\n\n\n\n<p class=\"gb-headline gb-headline-2c84a4ec gb-headline-text\">L&rsquo;activit\u00e9 du miel de Manuka utilis\u00e9 dans nos formulations est scientifiquement garantie par cet indice, reconnu en France et en Europe.<\/p>\n\n<\/div><\/div><\/div>\n<\/div>\n\n\n<div style=\"height:60px\" aria-hidden=\"true\" class=\"wp-block-spacer\"><\/div>\n\n\n<div class=\"gb-grid-wrapper gb-grid-wrapper-39c68b17\">\n<div class=\"gb-grid-column gb-grid-column-21350fc6\"><div class=\"gb-container gb-container-21350fc6\"><div class=\"gb-inside-container\">\n\n<h6 class=\"gb-headline gb-headline-830978bd gb-headline-text\">Nous privil\u00e9gions l&rsquo;utilisation de miel provenant de r\u00e9gions chaudes et humides du nord pour leur niveau d&rsquo;activit\u00e9 plus \u00e9lev\u00e9. C&rsquo;est pourquoi nos formules contiennent les indices IAA\u00ae 10+ et 15+.<\/h6>\n\n\n\n<h2 class=\"gb-headline gb-headline-a5c4a940 gb-headline-text\">Notre utilisation de l&rsquo;indice IAA\u00ae repose sur le respect de quatre principes fondamentaux :<\/h2>\n\n\n\n<ol class=\"wp-block-list\">\n<li>Test syst\u00e9matique de l&rsquo;activit\u00e9 non peroxyde du miel par des laboratoires ind\u00e9pendants, garantissant l&rsquo;activit\u00e9 unique de chaque lot.<\/li>\n\n\n\n<li>Analyses scientifiques garantissant l&rsquo;authenticit\u00e9 et l&rsquo;origine botanique du miel de Manuka sauvage de Nouvelle-Z\u00e9lande, son territoire d&rsquo;origine.<\/li>\n\n\n\n<li>Approvisionnement direct aupr\u00e8s d&rsquo;apiculteurs n\u00e9o-z\u00e9landais rigoureusement s\u00e9lectionn\u00e9s et r\u00e9put\u00e9s pour leur excellent travail.<\/li>\n\n\n\n<li>Tra\u00e7abilit\u00e9 sans faille des produits de la ruche au produit fini*.<\/li>\n<\/ol>\n\n\n\n<p>*conform\u00e9ment \u00e0 la r\u00e9glementation en vigueur<\/p>\n\n<\/div><\/div><\/div>\n<\/div>\n<\/div><\/div>\n\n<div class=\"gb-container gb-container-a5c1112d\"><div class=\"gb-inside-container\">\n<div class=\"gb-grid-wrapper gb-grid-wrapper-fa517c0c\">\n<div class=\"gb-grid-column gb-grid-column-ff7b5ebc\"><div class=\"gb-container gb-container-ff7b5ebc\"><div class=\"gb-inside-container\">\n\n<h2 class=\"gb-headline gb-headline-824242d8 gb-headline-text\">D\u00e9couvrez notre protocole de soins r\u00e9parateurs au miel de Manuka IAA\u00ae.<\/h2>\n\n\n\n<p class=\"gb-headline gb-headline-12d80e1e gb-headline-text\">D\u00e9couvrez ce qui fait la sp\u00e9cificit\u00e9 de Cica Manuka.<\/p>\n\n\n<div class=\"gb-grid-wrapper gb-grid-wrapper-b82ec3e5\">\n<div class=\"gb-grid-column gb-grid-column-a3377921\"><div class=\"gb-container gb-container-a3377921\"><div class=\"gb-inside-container\">\n\n<p class=\"gb-headline gb-headline-f13f8948 gb-headline-text\">B\u00c9N\u00c9FICES<\/p>\n\n\n<div class=\"gb-button-wrapper gb-button-wrapper-ca2cbf8b\">\n\n<a class=\"gb-button gb-button-6ab27711 gb-button-text\" href=\"https:\/\/cicamanuka.ca\/fr\/benefices\/\">En savoir plus<\/a>\n\n<\/div>\n<\/div><\/div><\/div>\n\n<div class=\"gb-grid-column gb-grid-column-ecab9107\"><div class=\"gb-container gb-container-ecab9107\"><div class=\"gb-inside-container\">\n\n<p class=\"gb-headline gb-headline-9e353e9b gb-headline-text\">Ingr\u00e9dients<\/p>\n\n\n\n<a class=\"gb-button gb-button-6c314918 gb-button-text\" href=\"https:\/\/cicamanuka.ca\/fr\/ingredients\/\">En savoir plus<\/a>\n\n<\/div><\/div><\/div>\n<\/div>\n<\/div><\/div><\/div>\n\n<div class=\"gb-grid-column gb-grid-column-1c159f47\"><div class=\"gb-container gb-container-1c159f47\"><div class=\"gb-inside-container\">\n\n<figure class=\"gb-block-image gb-block-image-ce4dc1dc\"><img loading=\"lazy\" decoding=\"async\" width=\"1685\" height=\"1685\" class=\"gb-image gb-image-ce4dc1dc\" src=\"https:\/\/cicamanuka.ca\/wp-content\/uploads\/2023\/03\/Cica-Manuka-Honey-Products-Buy-Online-Manuka-Honey-Natural-Skincare.jpg\" alt=\"\" title=\"Cica Manuka Honey Products Buy Online - Manuka Honey Natural Skincare\" srcset=\"https:\/\/cicamanuka.ca\/wp-content\/uploads\/2023\/03\/Cica-Manuka-Honey-Products-Buy-Online-Manuka-Honey-Natural-Skincare.jpg 1685w, https:\/\/cicamanuka.ca\/wp-content\/uploads\/2023\/03\/Cica-Manuka-Honey-Products-Buy-Online-Manuka-Honey-Natural-Skincare-300x300.jpg 300w, https:\/\/cicamanuka.ca\/wp-content\/uploads\/2023\/03\/Cica-Manuka-Honey-Products-Buy-Online-Manuka-Honey-Natural-Skincare-1024x1024.jpg 1024w, https:\/\/cicamanuka.ca\/wp-content\/uploads\/2023\/03\/Cica-Manuka-Honey-Products-Buy-Online-Manuka-Honey-Natural-Skincare-150x150.jpg 150w, https:\/\/cicamanuka.ca\/wp-content\/uploads\/2023\/03\/Cica-Manuka-Honey-Products-Buy-Online-Manuka-Honey-Natural-Skincare-768x768.jpg 768w, https:\/\/cicamanuka.ca\/wp-content\/uploads\/2023\/03\/Cica-Manuka-Honey-Products-Buy-Online-Manuka-Honey-Natural-Skincare-1536x1536.jpg 1536w, https:\/\/cicamanuka.ca\/wp-content\/uploads\/2023\/03\/Cica-Manuka-Honey-Products-Buy-Online-Manuka-Honey-Natural-Skincare-600x600.jpg 600w, https:\/\/cicamanuka.ca\/wp-content\/uploads\/2023\/03\/Cica-Manuka-Honey-Products-Buy-Online-Manuka-Honey-Natural-Skincare-100x100.jpg 100w\" sizes=\"auto, (max-width: 1685px) 100vw, 1685px\" \/><\/figure>\n\n<\/div><\/div><\/div>\n<\/div>\n<\/div><\/div>\n<\/div><\/div><div class=\"gb-container gb-container-8c78d1c3\"><div class=\"gb-inside-container\">\n<div class=\"gb-container gb-container-c4d0f41c\">\n<div class=\"gb-grid-wrapper gb-grid-wrapper-185d76cb\">\n<div class=\"gb-grid-column gb-grid-column-01e25075\"><div class=\"gb-container gb-container-01e25075\"><div class=\"gb-inside-container\">\n\n<figure class=\"gb-block-image gb-block-image-dc8c253d\"><img loading=\"lazy\" decoding=\"async\" width=\"400\" height=\"400\" class=\"gb-image gb-image-dc8c253d\" src=\"https:\/\/cicamanuka.ca\/wp-content\/uploads\/2023\/03\/pharmacies.png\" alt=\"\" title=\"pharmacies\" srcset=\"https:\/\/cicamanuka.ca\/wp-content\/uploads\/2023\/03\/pharmacies.png 400w, https:\/\/cicamanuka.ca\/wp-content\/uploads\/2023\/03\/pharmacies-100x100.png 100w, https:\/\/cicamanuka.ca\/wp-content\/uploads\/2023\/03\/pharmacies-300x300.png 300w, https:\/\/cicamanuka.ca\/wp-content\/uploads\/2023\/03\/pharmacies-150x150.png 150w\" sizes=\"auto, (max-width: 400px) 100vw, 400px\" \/><\/figure>\n\n\n\n<h6 class=\"gb-headline gb-headline-ea755888 gb-headline-text\">La confiance de plus de<br>1 500+ pharmacies<\/h6>\n\n<\/div><\/div><\/div>\n\n<div class=\"gb-grid-column gb-grid-column-617ca09e\"><div class=\"gb-container gb-container-617ca09e\"><div class=\"gb-inside-container\">\n\n<figure class=\"gb-block-image gb-block-image-e3173e03\"><img loading=\"lazy\" decoding=\"async\" width=\"400\" height=\"400\" class=\"gb-image gb-image-e3173e03\" src=\"https:\/\/cicamanuka.ca\/wp-content\/uploads\/2023\/03\/echantillon.png\" alt=\"\" title=\"\u00e9chantillon\" srcset=\"https:\/\/cicamanuka.ca\/wp-content\/uploads\/2023\/03\/echantillon.png 400w, https:\/\/cicamanuka.ca\/wp-content\/uploads\/2023\/03\/echantillon-100x100.png 100w, https:\/\/cicamanuka.ca\/wp-content\/uploads\/2023\/03\/echantillon-300x300.png 300w, https:\/\/cicamanuka.ca\/wp-content\/uploads\/2023\/03\/echantillon-150x150.png 150w\" sizes=\"auto, (max-width: 400px) 100vw, 400px\" \/><\/figure>\n\n\n\n<h6 class=\"gb-headline gb-headline-e8f19591 gb-headline-text\">\u00c9chantillons gratuits disponibles<br>pour certains partenaires<\/h6>\n\n<\/div><\/div><\/div>\n\n<div class=\"gb-grid-column gb-grid-column-6b1e8aae\"><div class=\"gb-container gb-container-6b1e8aae\"><div class=\"gb-inside-container\">\n\n<figure class=\"gb-block-image gb-block-image-731e9700\"><img loading=\"lazy\" decoding=\"async\" width=\"400\" height=\"400\" class=\"gb-image gb-image-731e9700\" src=\"https:\/\/cicamanuka.ca\/wp-content\/uploads\/2023\/03\/paiement_securise_1.png\" alt=\"\" title=\"paiement_securise_1\" srcset=\"https:\/\/cicamanuka.ca\/wp-content\/uploads\/2023\/03\/paiement_securise_1.png 400w, https:\/\/cicamanuka.ca\/wp-content\/uploads\/2023\/03\/paiement_securise_1-100x100.png 100w, https:\/\/cicamanuka.ca\/wp-content\/uploads\/2023\/03\/paiement_securise_1-300x300.png 300w, https:\/\/cicamanuka.ca\/wp-content\/uploads\/2023\/03\/paiement_securise_1-150x150.png 150w\" sizes=\"auto, (max-width: 400px) 100vw, 400px\" \/><\/figure>\n\n\n\n<h6 class=\"gb-headline gb-headline-3cf9a81d gb-headline-text\">Une exp\u00e9rience de paiement s\u00e9curis\u00e9e et conforme \u00e0 la norme PCI<br><\/h6>\n\n<\/div><\/div><\/div>\n\n<div class=\"gb-grid-column gb-grid-column-91ed76b7\"><div class=\"gb-container gb-container-91ed76b7\"><div class=\"gb-inside-container\">\n\n<figure class=\"gb-block-image gb-block-image-31cd5264\"><img loading=\"lazy\" decoding=\"async\" width=\"400\" height=\"400\" class=\"gb-image gb-image-31cd5264\" src=\"https:\/\/cicamanuka.ca\/wp-content\/uploads\/2023\/03\/livraison_3.png\" alt=\"\" title=\"livraison_3\" srcset=\"https:\/\/cicamanuka.ca\/wp-content\/uploads\/2023\/03\/livraison_3.png 400w, https:\/\/cicamanuka.ca\/wp-content\/uploads\/2023\/03\/livraison_3-100x100.png 100w, https:\/\/cicamanuka.ca\/wp-content\/uploads\/2023\/03\/livraison_3-300x300.png 300w, https:\/\/cicamanuka.ca\/wp-content\/uploads\/2023\/03\/livraison_3-150x150.png 150w\" sizes=\"auto, (max-width: 400px) 100vw, 400px\" \/><\/figure>\n\n\n\n<h6 class=\"gb-headline gb-headline-51975085 gb-headline-text\">Options d&rsquo;exp\u00e9dition rapide dans tout le Canada<br><\/h6>\n\n<\/div><\/div><\/div>\n<\/div>\n<\/div>\n<\/div><\/div>","protected":false},"excerpt":{"rendered":"","protected":false},"author":1,"featured_media":657,"parent":0,"menu_order":2,"comment_status":"closed","ping_status":"closed","template":"","meta":{"_acf_changed":false,"footnotes":""},"class_list":["post-764","page","type-page","status-publish","has-post-thumbnail"],"acf":[],"yoast_head":"<!-- This site is optimized with the Yoast SEO plugin v25.3 - https:\/\/yoast.com\/wordpress\/plugins\/seo\/ -->\n<title>La science derri\u00e8re les merveilles du miel de Manuka - Cica Manuka Canada<\/title>\n<meta name=\"robots\" content=\"index, follow, max-snippet:-1, max-image-preview:large, max-video-preview:-1\" \/>\n<link rel=\"canonical\" href=\"https:\/\/cicamanuka.ca\/fr\/la-science\/\" \/>\n<meta property=\"og:locale\" content=\"fr_FR\" \/>\n<meta property=\"og:type\" content=\"article\" \/>\n<meta property=\"og:title\" content=\"La science derri\u00e8re les merveilles du miel de Manuka - Cica Manuka Canada\" \/>\n<meta property=\"og:url\" content=\"https:\/\/cicamanuka.ca\/fr\/la-science\/\" \/>\n<meta property=\"og:site_name\" content=\"Cica Manuka\" \/>\n<meta property=\"article:modified_time\" content=\"2025-06-19T13:00:18+00:00\" \/>\n<meta property=\"og:image\" content=\"https:\/\/cicamanuka.ca\/wp-content\/uploads\/2023\/03\/Cica-Manuka-Honey-Scientifically-Measured.jpeg\" \/>\n\t<meta property=\"og:image:width\" content=\"1400\" \/>\n\t<meta property=\"og:image:height\" content=\"300\" \/>\n\t<meta property=\"og:image:type\" content=\"image\/jpeg\" \/>\n<meta name=\"twitter:card\" content=\"summary_large_image\" \/>\n<meta name=\"twitter:label1\" content=\"Dur\u00e9e de lecture estim\u00e9e\" \/>\n\t<meta name=\"twitter:data1\" content=\"6 minutes\" \/>\n<script type=\"application\/ld+json\" class=\"yoast-schema-graph\">{\"@context\":\"https:\/\/schema.org\",\"@graph\":[{\"@type\":\"WebPage\",\"@id\":\"https:\/\/cicamanuka.ca\/fr\/la-science\/\",\"url\":\"https:\/\/cicamanuka.ca\/fr\/la-science\/\",\"name\":\"La science derri\u00e8re les merveilles du miel de Manuka - Cica Manuka Canada\",\"isPartOf\":{\"@id\":\"https:\/\/cicamanuka.ca\/fr\/#website\"},\"primaryImageOfPage\":{\"@id\":\"https:\/\/cicamanuka.ca\/fr\/la-science\/#primaryimage\"},\"image\":{\"@id\":\"https:\/\/cicamanuka.ca\/fr\/la-science\/#primaryimage\"},\"thumbnailUrl\":\"https:\/\/cicamanuka.ca\/wp-content\/uploads\/2023\/03\/Cica-Manuka-Honey-Scientifically-Measured.jpeg\",\"datePublished\":\"2023-03-25T22:18:41+00:00\",\"dateModified\":\"2025-06-19T13:00:18+00:00\",\"breadcrumb\":{\"@id\":\"https:\/\/cicamanuka.ca\/fr\/la-science\/#breadcrumb\"},\"inLanguage\":\"fr-FR\",\"potentialAction\":[{\"@type\":\"ReadAction\",\"target\":[\"https:\/\/cicamanuka.ca\/fr\/la-science\/\"]}]},{\"@type\":\"ImageObject\",\"inLanguage\":\"fr-FR\",\"@id\":\"https:\/\/cicamanuka.ca\/fr\/la-science\/#primaryimage\",\"url\":\"https:\/\/cicamanuka.ca\/wp-content\/uploads\/2023\/03\/Cica-Manuka-Honey-Scientifically-Measured.jpeg\",\"contentUrl\":\"https:\/\/cicamanuka.ca\/wp-content\/uploads\/2023\/03\/Cica-Manuka-Honey-Scientifically-Measured.jpeg\",\"width\":1400,\"height\":300},{\"@type\":\"BreadcrumbList\",\"@id\":\"https:\/\/cicamanuka.ca\/fr\/la-science\/#breadcrumb\",\"itemListElement\":[{\"@type\":\"ListItem\",\"position\":1,\"name\":\"Home\",\"item\":\"https:\/\/cicamanuka.ca\/fr\/\"},{\"@type\":\"ListItem\",\"position\":2,\"name\":\"LA SCIENCE\"}]},{\"@type\":\"WebSite\",\"@id\":\"https:\/\/cicamanuka.ca\/fr\/#website\",\"url\":\"https:\/\/cicamanuka.ca\/fr\/\",\"name\":\"Cica Manuka\",\"description\":\"\",\"publisher\":{\"@id\":\"https:\/\/cicamanuka.ca\/fr\/#organization\"},\"potentialAction\":[{\"@type\":\"SearchAction\",\"target\":{\"@type\":\"EntryPoint\",\"urlTemplate\":\"https:\/\/cicamanuka.ca\/fr\/?s={search_term_string}\"},\"query-input\":{\"@type\":\"PropertyValueSpecification\",\"valueRequired\":true,\"valueName\":\"search_term_string\"}}],\"inLanguage\":\"fr-FR\"},{\"@type\":\"Organization\",\"@id\":\"https:\/\/cicamanuka.ca\/fr\/#organization\",\"name\":\"Cica Manuka\",\"url\":\"https:\/\/cicamanuka.ca\/fr\/\",\"logo\":{\"@type\":\"ImageObject\",\"inLanguage\":\"fr-FR\",\"@id\":\"https:\/\/cicamanuka.ca\/fr\/#\/schema\/logo\/image\/\",\"url\":\"https:\/\/cicamanuka.ca\/wp-content\/uploads\/2023\/03\/logoCM.svg\",\"contentUrl\":\"https:\/\/cicamanuka.ca\/wp-content\/uploads\/2023\/03\/logoCM.svg\",\"width\":160,\"height\":85,\"caption\":\"Cica Manuka\"},\"image\":{\"@id\":\"https:\/\/cicamanuka.ca\/fr\/#\/schema\/logo\/image\/\"}}]}<\/script>\n<!-- \/ Yoast SEO plugin. -->","yoast_head_json":{"title":"La science derri\u00e8re les merveilles du miel de Manuka - Cica Manuka Canada","robots":{"index":"index","follow":"follow","max-snippet":"max-snippet:-1","max-image-preview":"max-image-preview:large","max-video-preview":"max-video-preview:-1"},"canonical":"https:\/\/cicamanuka.ca\/fr\/la-science\/","og_locale":"fr_FR","og_type":"article","og_title":"La science derri\u00e8re les merveilles du miel de Manuka - Cica Manuka Canada","og_url":"https:\/\/cicamanuka.ca\/fr\/la-science\/","og_site_name":"Cica Manuka","article_modified_time":"2025-06-19T13:00:18+00:00","og_image":[{"width":1400,"height":300,"url":"https:\/\/cicamanuka.ca\/wp-content\/uploads\/2023\/03\/Cica-Manuka-Honey-Scientifically-Measured.jpeg","type":"image\/jpeg"}],"twitter_card":"summary_large_image","twitter_misc":{"Dur\u00e9e de lecture estim\u00e9e":"6 minutes"},"schema":{"@context":"https:\/\/schema.org","@graph":[{"@type":"WebPage","@id":"https:\/\/cicamanuka.ca\/fr\/la-science\/","url":"https:\/\/cicamanuka.ca\/fr\/la-science\/","name":"La science derri\u00e8re les merveilles du miel de Manuka - Cica Manuka Canada","isPartOf":{"@id":"https:\/\/cicamanuka.ca\/fr\/#website"},"primaryImageOfPage":{"@id":"https:\/\/cicamanuka.ca\/fr\/la-science\/#primaryimage"},"image":{"@id":"https:\/\/cicamanuka.ca\/fr\/la-science\/#primaryimage"},"thumbnailUrl":"https:\/\/cicamanuka.ca\/wp-content\/uploads\/2023\/03\/Cica-Manuka-Honey-Scientifically-Measured.jpeg","datePublished":"2023-03-25T22:18:41+00:00","dateModified":"2025-06-19T13:00:18+00:00","breadcrumb":{"@id":"https:\/\/cicamanuka.ca\/fr\/la-science\/#breadcrumb"},"inLanguage":"fr-FR","potentialAction":[{"@type":"ReadAction","target":["https:\/\/cicamanuka.ca\/fr\/la-science\/"]}]},{"@type":"ImageObject","inLanguage":"fr-FR","@id":"https:\/\/cicamanuka.ca\/fr\/la-science\/#primaryimage","url":"https:\/\/cicamanuka.ca\/wp-content\/uploads\/2023\/03\/Cica-Manuka-Honey-Scientifically-Measured.jpeg","contentUrl":"https:\/\/cicamanuka.ca\/wp-content\/uploads\/2023\/03\/Cica-Manuka-Honey-Scientifically-Measured.jpeg","width":1400,"height":300},{"@type":"BreadcrumbList","@id":"https:\/\/cicamanuka.ca\/fr\/la-science\/#breadcrumb","itemListElement":[{"@type":"ListItem","position":1,"name":"Home","item":"https:\/\/cicamanuka.ca\/fr\/"},{"@type":"ListItem","position":2,"name":"LA SCIENCE"}]},{"@type":"WebSite","@id":"https:\/\/cicamanuka.ca\/fr\/#website","url":"https:\/\/cicamanuka.ca\/fr\/","name":"Cica Manuka","description":"","publisher":{"@id":"https:\/\/cicamanuka.ca\/fr\/#organization"},"potentialAction":[{"@type":"SearchAction","target":{"@type":"EntryPoint","urlTemplate":"https:\/\/cicamanuka.ca\/fr\/?s={search_term_string}"},"query-input":{"@type":"PropertyValueSpecification","valueRequired":true,"valueName":"search_term_string"}}],"inLanguage":"fr-FR"},{"@type":"Organization","@id":"https:\/\/cicamanuka.ca\/fr\/#organization","name":"Cica Manuka","url":"https:\/\/cicamanuka.ca\/fr\/","logo":{"@type":"ImageObject","inLanguage":"fr-FR","@id":"https:\/\/cicamanuka.ca\/fr\/#\/schema\/logo\/image\/","url":"https:\/\/cicamanuka.ca\/wp-content\/uploads\/2023\/03\/logoCM.svg","contentUrl":"https:\/\/cicamanuka.ca\/wp-content\/uploads\/2023\/03\/logoCM.svg","width":160,"height":85,"caption":"Cica Manuka"},"image":{"@id":"https:\/\/cicamanuka.ca\/fr\/#\/schema\/logo\/image\/"}}]}},"_links":{"self":[{"href":"https:\/\/cicamanuka.ca\/fr\/wp-json\/wp\/v2\/pages\/764","targetHints":{"allow":["GET"]}}],"collection":[{"href":"https:\/\/cicamanuka.ca\/fr\/wp-json\/wp\/v2\/pages"}],"about":[{"href":"https:\/\/cicamanuka.ca\/fr\/wp-json\/wp\/v2\/types\/page"}],"author":[{"embeddable":true,"href":"https:\/\/cicamanuka.ca\/fr\/wp-json\/wp\/v2\/users\/1"}],"replies":[{"embeddable":true,"href":"https:\/\/cicamanuka.ca\/fr\/wp-json\/wp\/v2\/comments?post=764"}],"version-history":[{"count":7,"href":"https:\/\/cicamanuka.ca\/fr\/wp-json\/wp\/v2\/pages\/764\/revisions"}],"predecessor-version":[{"id":1507,"href":"https:\/\/cicamanuka.ca\/fr\/wp-json\/wp\/v2\/pages\/764\/revisions\/1507"}],"wp:featuredmedia":[{"embeddable":true,"href":"https:\/\/cicamanuka.ca\/fr\/wp-json\/wp\/v2\/media\/657"}],"wp:attachment":[{"href":"https:\/\/cicamanuka.ca\/fr\/wp-json\/wp\/v2\/media?parent=764"}],"curies":[{"name":"wp","href":"https:\/\/api.w.org\/{rel}","templated":true}]}}