{"id":762,"date":"2023-03-25T20:54:45","date_gmt":"2023-03-25T20:54:45","guid":{"rendered":"https:\/\/cicamanuka.ca\/iaa-miel-de-manuka\/"},"modified":"2025-06-19T12:58:54","modified_gmt":"2025-06-19T12:58:54","slug":"iaa-miel-de-manuka","status":"publish","type":"page","link":"https:\/\/cicamanuka.ca\/fr\/iaa-miel-de-manuka\/","title":{"rendered":"IAA \u00ae MIEL DE MANUKA"},"content":{"rendered":"<div class=\"gb-container gb-container-db217191\"><div class=\"gb-inside-container\">\n\n<div style=\"height:30px\" aria-hidden=\"true\" class=\"wp-block-spacer\"><\/div>\n\n\n\n<h2 class=\"gb-headline gb-headline-ce7fdbae gb-headline-text\">UNE EXP\u00c9RIENCE ENRICHISSANTE<\/h2>\n\n\n\n<p class=\"gb-headline gb-headline-d259b7c7 gb-headline-text\">L&rsquo;arbre Manuka a une p\u00e9riode de floraison exceptionnellement br\u00e8ve, qui ne dure que 4 \u00e0 6 semaines par an. Cela signifie que les abeilles disposent d&rsquo;un temps tr\u00e8s limit\u00e9 pour r\u00e9colter son incroyable nectar. C&rsquo;est pourquoi le miel de Manuka est un ingr\u00e9dient si rare et si pr\u00e9cieux.<\/p>\n\n<\/div><\/div><div class=\"gb-container gb-container-51872fd6\"><div class=\"gb-inside-container\">\n<div class=\"gb-grid-wrapper gb-grid-wrapper-db3ac0f1\">\n<div class=\"gb-grid-column gb-grid-column-36210f1d\"><div class=\"gb-container gb-container-36210f1d\"><div class=\"gb-inside-container\">\n\n<h2 class=\"gb-headline gb-headline-6464f250 gb-headline-text\">UN INGR\u00c9DIENT EXCEPTIONNEL<\/h2>\n\n\n\n<p class=\"gb-headline gb-headline-00fe6c87 gb-headline-text\">Le miel de Manuka est un miel monofloral \u00e0 la composition unique. Ce produit rare et de haute qualit\u00e9 est d\u00e9riv\u00e9 du buisson de Manuka originaire de Nouvelle-Z\u00e9lande, \u00e9galement connu sous le nom de Manuka sauvage ou Leptospermum scoparium (nom botanique du Manuka).  <\/p>\n\n\n\n<p class=\"gb-headline gb-headline-f1ab1747 gb-headline-text\">Proche de l&rsquo;arbre \u00e0 th\u00e9, cet arbuste est end\u00e9mique \u00e0 la Nouvelle-Z\u00e9lande et pousse \u00e0 l&rsquo;\u00e9tat sauvage dans les r\u00e9gions recul\u00e9es.<\/p>\n\n<\/div><\/div><\/div>\n\n<div class=\"gb-grid-column gb-grid-column-0fa7420f\"><div class=\"gb-container gb-container-0fa7420f\"><div class=\"gb-inside-container\"><\/div><\/div><\/div>\n\n<div class=\"gb-grid-column gb-grid-column-5254c20f\"><div class=\"gb-container gb-container-5254c20f\"><div class=\"gb-inside-container\"><\/div><\/div><\/div>\n<\/div>\n\n<div class=\"gb-container gb-container-2fcf1e9b\"><div class=\"gb-inside-container\">\n<div class=\"gb-grid-wrapper gb-grid-wrapper-786b4b59\">\n<div class=\"gb-grid-column gb-grid-column-e526b0f2\"><div class=\"gb-container gb-container-e526b0f2\"><div class=\"gb-inside-container\">\n<div class=\"gb-container gb-container-2adcd5b1\"><div class=\"gb-inside-container\"><\/div><\/div>\n<\/div><\/div><\/div>\n\n<div class=\"gb-grid-column gb-grid-column-45d2d773\"><div class=\"gb-container gb-container-45d2d773\"><div class=\"gb-inside-container\">\n\n<h6 class=\"gb-headline gb-headline-f462ba69 gb-headline-text\">UNE COMPOSITION UNIQUE DE MIEL DE MANUKA<\/h6>\n\n\n\n<h2 class=\"gb-headline gb-headline-fd0beabf gb-headline-text\">Le miel de Manuka est consid\u00e9r\u00e9 comme exceptionnel en raison de ses origines botaniques, offrant de nombreux avantages pour la peau.<\/h2>\n\n\n\n<p class=\"gb-headline gb-headline-2d33e63b gb-headline-text\">Sa puissance est attribu\u00e9e \u00e0 une mol\u00e9cule appel\u00e9e m\u00e9thylglyoxal (MGO). Il existe plusieurs indices, dont l&rsquo;UMF (Unique Manuka Factor) et sa version fran\u00e7aise, l&rsquo;IAA\u00ae (Indice d&rsquo;Activit\u00e9 et d&rsquo;Authenticit\u00e9), qui mesurent son activit\u00e9 et son authenticit\u00e9.<\/p>\n\n\n<div class=\"gb-button-wrapper gb-button-wrapper-031d89ec\">\n\n<a class=\"gb-button gb-button-5ab90407 gb-button-text\" href=\"#\">D\u00e9couvrez notre vision<\/a>\n\n<\/div>\n<\/div><\/div><\/div>\n<\/div>\n\n\n<div style=\"height:80px\" aria-hidden=\"true\" class=\"wp-block-spacer\"><\/div>\n\n\n<div class=\"gb-grid-wrapper gb-grid-wrapper-e191278e\">\n<div class=\"gb-grid-column gb-grid-column-37e07e76\"><div class=\"gb-container gb-container-37e07e76\"><div class=\"gb-inside-container\">\n\n<h6 class=\"gb-headline gb-headline-e7568461 gb-headline-text\">DES VERTUS DE SOIN DE LA PEAU CONNUES DEPUIS DES SI\u00c8CLES<\/h6>\n\n\n\n<h2 class=\"gb-headline gb-headline-b1ac6719 gb-headline-text\">Le miel de Manuka est utilis\u00e9 depuis des si\u00e8cles  <\/h2>\n\n\n\n<p class=\"gb-headline gb-headline-9d2c3037 gb-headline-text\">Formul\u00e9 avec des ingr\u00e9dients nourrissants pour favoriser une apparence radieuse.<br><strong>Usage interne (dentifrice) : <\/strong>aide \u00e0 rafra\u00eechir l&rsquo;haleine et \u00e0 maintenir des dents d&rsquo;apparence propre.<br><strong>Usage externe (peau) :<\/strong> aide \u00e0 maintenir une peau hydrat\u00e9e, d&rsquo;apparence lisse et am\u00e9liore le confort.\u00a0\u00bb<\/p>\n\n<\/div><\/div><\/div>\n\n<div class=\"gb-grid-column gb-grid-column-4af062c6\"><div class=\"gb-container gb-container-4af062c6\"><div class=\"gb-inside-container\">\n<div class=\"gb-container gb-container-72c68b69\"><div class=\"gb-inside-container\"><\/div><\/div>\n<\/div><\/div><\/div>\n<\/div>\n\n<div class=\"gb-grid-wrapper gb-grid-wrapper-c9643fb7\">\n<div class=\"gb-grid-column gb-grid-column-d8f1c4db\"><div class=\"gb-container gb-container-d8f1c4db\"><div class=\"gb-inside-container\">\n<div class=\"gb-container gb-container-cee173be\"><div class=\"gb-inside-container\"><\/div><\/div>\n<\/div><\/div><\/div>\n\n<div class=\"gb-grid-column gb-grid-column-6ffa573d\"><div class=\"gb-container gb-container-6ffa573d\"><div class=\"gb-inside-container\">\n\n<h6 class=\"gb-headline gb-headline-96f8596f gb-headline-text\">CHA\u00ceNE D&rsquo;APPROVISIONNEMENT DIRECTE DE LA R\u00c9COLTE DE MANUKA<\/h6>\n\n\n\n<h2 class=\"gb-headline gb-headline-24b209cb gb-headline-text\">Le miel de Manuka IAA\u00ae que nous incorporons dans nos formules est exclusivement r\u00e9colt\u00e9 en Nouvelle-Z\u00e9lande, dans les r\u00e9gions de Coromandel, East Cape, Northland et Waikato sur l&rsquo;\u00eele du Nord, et Canterbury, Marlborough et Otago sur l&rsquo;\u00eele du Sud.<\/h2>\n\n\n\n<p class=\"gb-headline gb-headline-2c84a4ec gb-headline-text\">Nous nous rendons r\u00e9guli\u00e8rement en Nouvelle-Z\u00e9lande pour \u00e9valuer le volume et la qualit\u00e9 des r\u00e9coltes de l&rsquo;ann\u00e9e, explorer et red\u00e9couvrir l&rsquo;incroyable terroir de Manuka, et passer du temps avec nos apiculteurs partenaires. Nous sommes l&rsquo;une des rares entreprises non n\u00e9o-z\u00e9landaises \u00e0 pouvoir s&rsquo;approvisionner directement \u00e0 l&rsquo;origine, ce qui nous permet de garantir la s\u00e9curit\u00e9 de notre approvisionnement en miel de Manuka authentique et de s\u00e9lectionner les meilleurs lots. Cela garantit la qualit\u00e9 et l&rsquo;authenticit\u00e9 de nos produits.<\/p>\n\n<\/div><\/div><\/div>\n<\/div>\n\n\n<div style=\"height:40px\" aria-hidden=\"true\" class=\"wp-block-spacer\"><\/div>\n\n\n<div class=\"gb-grid-wrapper gb-grid-wrapper-39c68b17\">\n<div class=\"gb-grid-column gb-grid-column-21350fc6\"><div class=\"gb-container gb-container-21350fc6\"><div class=\"gb-inside-container\">\n\n<h6 class=\"gb-headline gb-headline-830978bd gb-headline-text\">PRODUCTION ARTISANALE<\/h6>\n\n\n\n<h2 class=\"gb-headline gb-headline-a5c4a940 gb-headline-text\">Le miel de Manuka est mis en tonneau, \u00e9chantillonn\u00e9 et envoy\u00e9 \u00e0 un laboratoire ind\u00e9pendant pour mesurer son activit\u00e9.<\/h2>\n\n\n\n<p class=\"gb-headline gb-headline-d4af892e gb-headline-text\">Nous importons ensuite ces f\u00fbts de miel brut et les confions \u00e0 notre apiculteur partenaire fran\u00e7ais situ\u00e9 en Loire-Atlantique pour l&rsquo;\u00e9cr\u00e9mage. Nous avons d\u00e9velopp\u00e9 un partenariat de confiance avec cet artisan, qui poss\u00e8de un savoir-faire unique en mati\u00e8re de m\u00e9lange \u00e0 froid. Gr\u00e2ce \u00e0 cette technique, notre miel de Manuka acquiert une texture cr\u00e9meuse et onctueuse que l&rsquo;on retrouve dans tous nos cosm\u00e9tiques Cicamanuka.<\/p>\n\n<\/div><\/div><\/div>\n\n<div class=\"gb-grid-column gb-grid-column-f64ce0ad\"><div class=\"gb-container gb-container-f64ce0ad\"><div class=\"gb-inside-container\">\n<div class=\"gb-container gb-container-4946111a\"><div class=\"gb-inside-container\"><\/div><\/div>\n<\/div><\/div><\/div>\n<\/div>\n<\/div><\/div>\n\n<div class=\"gb-container gb-container-a5c1112d\"><div class=\"gb-inside-container\"><\/div><\/div>\n\n<div class=\"gb-container gb-container-a5c1112d\"><div class=\"gb-inside-container\">\n<div class=\"gb-grid-wrapper gb-grid-wrapper-fa517c0c\">\n<div class=\"gb-grid-column gb-grid-column-ff7b5ebc\"><div class=\"gb-container gb-container-ff7b5ebc\"><div class=\"gb-inside-container\">\n\n<h2 class=\"gb-headline gb-headline-824242d8 gb-headline-text\">D\u00e9couvrez notre protocole de soins r\u00e9parateurs au miel de Manuka IAA\u00ae.<\/h2>\n\n\n\n<p class=\"gb-headline gb-headline-12d80e1e gb-headline-text\">D\u00e9couvrez ce qui fait la sp\u00e9cificit\u00e9 de Cica Manuka.<\/p>\n\n\n<div class=\"gb-grid-wrapper gb-grid-wrapper-b82ec3e5\">\n<div class=\"gb-grid-column gb-grid-column-a3377921\"><div class=\"gb-container gb-container-a3377921\"><div class=\"gb-inside-container\">\n\n<p class=\"gb-headline gb-headline-f13f8948 gb-headline-text\">B\u00c9N\u00c9FICES<\/p>\n\n\n<div class=\"gb-button-wrapper gb-button-wrapper-ca2cbf8b\">\n\n<a class=\"gb-button gb-button-6ab27711 gb-button-text\" href=\"https:\/\/cicamanuka.ca\/fr\/benefices\/\">En savoir plus<\/a>\n\n<\/div>\n<\/div><\/div><\/div>\n\n<div class=\"gb-grid-column gb-grid-column-ecab9107\"><div class=\"gb-container gb-container-ecab9107\"><div class=\"gb-inside-container\">\n\n<p class=\"gb-headline gb-headline-9e353e9b gb-headline-text\">Ingr\u00e9dients<\/p>\n\n\n\n<a class=\"gb-button gb-button-6c314918 gb-button-text\" href=\"https:\/\/cicamanuka.ca\/fr\/ingredients\/\">En savoir plus<\/a>\n\n<\/div><\/div><\/div>\n<\/div>\n<\/div><\/div><\/div>\n\n<div class=\"gb-grid-column gb-grid-column-1c159f47\"><div class=\"gb-container gb-container-1c159f47\"><div class=\"gb-inside-container\">\n\n<figure class=\"gb-block-image gb-block-image-ce4dc1dc\"><img loading=\"lazy\" decoding=\"async\" width=\"1685\" height=\"1685\" class=\"gb-image gb-image-ce4dc1dc\" src=\"https:\/\/cicamanuka.ca\/wp-content\/uploads\/2023\/03\/Cica-Manuka-Honey-Products-Buy-Online-Manuka-Honey-Natural-Skincare.jpg\" alt=\"\" title=\"Cica Manuka Honey Products Buy Online - Manuka Honey Natural Skincare\" srcset=\"https:\/\/cicamanuka.ca\/wp-content\/uploads\/2023\/03\/Cica-Manuka-Honey-Products-Buy-Online-Manuka-Honey-Natural-Skincare.jpg 1685w, https:\/\/cicamanuka.ca\/wp-content\/uploads\/2023\/03\/Cica-Manuka-Honey-Products-Buy-Online-Manuka-Honey-Natural-Skincare-300x300.jpg 300w, https:\/\/cicamanuka.ca\/wp-content\/uploads\/2023\/03\/Cica-Manuka-Honey-Products-Buy-Online-Manuka-Honey-Natural-Skincare-1024x1024.jpg 1024w, https:\/\/cicamanuka.ca\/wp-content\/uploads\/2023\/03\/Cica-Manuka-Honey-Products-Buy-Online-Manuka-Honey-Natural-Skincare-150x150.jpg 150w, https:\/\/cicamanuka.ca\/wp-content\/uploads\/2023\/03\/Cica-Manuka-Honey-Products-Buy-Online-Manuka-Honey-Natural-Skincare-768x768.jpg 768w, https:\/\/cicamanuka.ca\/wp-content\/uploads\/2023\/03\/Cica-Manuka-Honey-Products-Buy-Online-Manuka-Honey-Natural-Skincare-1536x1536.jpg 1536w, https:\/\/cicamanuka.ca\/wp-content\/uploads\/2023\/03\/Cica-Manuka-Honey-Products-Buy-Online-Manuka-Honey-Natural-Skincare-600x600.jpg 600w, https:\/\/cicamanuka.ca\/wp-content\/uploads\/2023\/03\/Cica-Manuka-Honey-Products-Buy-Online-Manuka-Honey-Natural-Skincare-100x100.jpg 100w\" sizes=\"auto, (max-width: 1685px) 100vw, 1685px\" \/><\/figure>\n\n<\/div><\/div><\/div>\n<\/div>\n<\/div><\/div>\n<\/div><\/div><div class=\"gb-container gb-container-8c78d1c3\"><div class=\"gb-inside-container\">\n<div class=\"gb-container gb-container-c4d0f41c\">\n<div class=\"gb-grid-wrapper gb-grid-wrapper-185d76cb\">\n<div class=\"gb-grid-column gb-grid-column-01e25075\"><div class=\"gb-container gb-container-01e25075\"><div class=\"gb-inside-container\">\n\n<figure class=\"gb-block-image gb-block-image-dc8c253d\"><img loading=\"lazy\" decoding=\"async\" width=\"400\" height=\"400\" class=\"gb-image gb-image-dc8c253d\" src=\"https:\/\/cicamanuka.ca\/wp-content\/uploads\/2023\/03\/pharmacies.png\" alt=\"\" title=\"pharmacies\" srcset=\"https:\/\/cicamanuka.ca\/wp-content\/uploads\/2023\/03\/pharmacies.png 400w, https:\/\/cicamanuka.ca\/wp-content\/uploads\/2023\/03\/pharmacies-100x100.png 100w, https:\/\/cicamanuka.ca\/wp-content\/uploads\/2023\/03\/pharmacies-300x300.png 300w, https:\/\/cicamanuka.ca\/wp-content\/uploads\/2023\/03\/pharmacies-150x150.png 150w\" sizes=\"auto, (max-width: 400px) 100vw, 400px\" \/><\/figure>\n\n\n\n<h6 class=\"gb-headline gb-headline-ea755888 gb-headline-text\">La confiance de plus de<br>1 500+ pharmacies<\/h6>\n\n<\/div><\/div><\/div>\n\n<div class=\"gb-grid-column gb-grid-column-617ca09e\"><div class=\"gb-container gb-container-617ca09e\"><div class=\"gb-inside-container\">\n\n<figure class=\"gb-block-image gb-block-image-e3173e03\"><img loading=\"lazy\" decoding=\"async\" width=\"400\" height=\"400\" class=\"gb-image gb-image-e3173e03\" src=\"https:\/\/cicamanuka.ca\/wp-content\/uploads\/2023\/03\/echantillon.png\" alt=\"\" title=\"\u00e9chantillon\" srcset=\"https:\/\/cicamanuka.ca\/wp-content\/uploads\/2023\/03\/echantillon.png 400w, https:\/\/cicamanuka.ca\/wp-content\/uploads\/2023\/03\/echantillon-100x100.png 100w, https:\/\/cicamanuka.ca\/wp-content\/uploads\/2023\/03\/echantillon-300x300.png 300w, https:\/\/cicamanuka.ca\/wp-content\/uploads\/2023\/03\/echantillon-150x150.png 150w\" sizes=\"auto, (max-width: 400px) 100vw, 400px\" \/><\/figure>\n\n\n\n<h6 class=\"gb-headline gb-headline-e8f19591 gb-headline-text\">\u00c9chantillons gratuits disponibles<br>pour certains partenaires<\/h6>\n\n<\/div><\/div><\/div>\n\n<div class=\"gb-grid-column gb-grid-column-6b1e8aae\"><div class=\"gb-container gb-container-6b1e8aae\"><div class=\"gb-inside-container\">\n\n<figure class=\"gb-block-image gb-block-image-731e9700\"><img loading=\"lazy\" decoding=\"async\" width=\"400\" height=\"400\" class=\"gb-image gb-image-731e9700\" src=\"https:\/\/cicamanuka.ca\/wp-content\/uploads\/2023\/03\/paiement_securise_1.png\" alt=\"\" title=\"paiement_securise_1\" srcset=\"https:\/\/cicamanuka.ca\/wp-content\/uploads\/2023\/03\/paiement_securise_1.png 400w, https:\/\/cicamanuka.ca\/wp-content\/uploads\/2023\/03\/paiement_securise_1-100x100.png 100w, https:\/\/cicamanuka.ca\/wp-content\/uploads\/2023\/03\/paiement_securise_1-300x300.png 300w, https:\/\/cicamanuka.ca\/wp-content\/uploads\/2023\/03\/paiement_securise_1-150x150.png 150w\" sizes=\"auto, (max-width: 400px) 100vw, 400px\" \/><\/figure>\n\n\n\n<h6 class=\"gb-headline gb-headline-3cf9a81d gb-headline-text\">Une exp\u00e9rience de paiement s\u00e9curis\u00e9e et conforme \u00e0 la norme PCI<br><\/h6>\n\n<\/div><\/div><\/div>\n\n<div class=\"gb-grid-column gb-grid-column-91ed76b7\"><div class=\"gb-container gb-container-91ed76b7\"><div class=\"gb-inside-container\">\n\n<figure class=\"gb-block-image gb-block-image-31cd5264\"><img loading=\"lazy\" decoding=\"async\" width=\"400\" height=\"400\" class=\"gb-image gb-image-31cd5264\" src=\"https:\/\/cicamanuka.ca\/wp-content\/uploads\/2023\/03\/livraison_3.png\" alt=\"\" title=\"livraison_3\" srcset=\"https:\/\/cicamanuka.ca\/wp-content\/uploads\/2023\/03\/livraison_3.png 400w, https:\/\/cicamanuka.ca\/wp-content\/uploads\/2023\/03\/livraison_3-100x100.png 100w, https:\/\/cicamanuka.ca\/wp-content\/uploads\/2023\/03\/livraison_3-300x300.png 300w, https:\/\/cicamanuka.ca\/wp-content\/uploads\/2023\/03\/livraison_3-150x150.png 150w\" sizes=\"auto, (max-width: 400px) 100vw, 400px\" \/><\/figure>\n\n\n\n<h6 class=\"gb-headline gb-headline-51975085 gb-headline-text\">Options d&rsquo;exp\u00e9dition rapide dans tout le Canada<br><\/h6>\n\n<\/div><\/div><\/div>\n<\/div>\n<\/div>\n<\/div><\/div>","protected":false},"excerpt":{"rendered":"<p>UNE EXP\u00c9RIENCE ENRICHISSANTE L&rsquo;arbre Manuka a une p\u00e9riode de floraison exceptionnellement br\u00e8ve, qui ne dure que 4 \u00e0 6 semaines par an. Cela signifie que les abeilles disposent d&rsquo;un temps tr\u00e8s limit\u00e9 pour r\u00e9colter son incroyable nectar. C&rsquo;est pourquoi le miel de Manuka est un ingr\u00e9dient si rare et si pr\u00e9cieux.<\/p>\n","protected":false},"author":1,"featured_media":662,"parent":0,"menu_order":1,"comment_status":"closed","ping_status":"closed","template":"","meta":{"_acf_changed":false,"footnotes":""},"class_list":["post-762","page","type-page","status-publish","has-post-thumbnail"],"acf":[],"yoast_head":"<!-- This site is optimized with the Yoast SEO plugin v25.3 - https:\/\/yoast.com\/wordpress\/plugins\/seo\/ -->\n<title>Qu&#039;est-ce que le miel de Manuka IAA \u00ae ? CicaManuka Canada<\/title>\n<meta name=\"description\" content=\"L&#039;arbre Manuka a une p\u00e9riode de floraison exceptionnellement br\u00e8ve, qui ne dure que 4 \u00e0 6 semaines par an. Cela signifie que les abeilles disposent d&#039;un temps tr\u00e8s limit\u00e9 pour r\u00e9colter son incroyable nectar. C&#039;est pourquoi le miel de Manuka est un ingr\u00e9dient si rare et si pr\u00e9cieux.\" \/>\n<meta name=\"robots\" content=\"index, follow, max-snippet:-1, max-image-preview:large, max-video-preview:-1\" \/>\n<link rel=\"canonical\" href=\"https:\/\/cicamanuka.ca\/fr\/iaa-miel-de-manuka\/\" \/>\n<meta property=\"og:locale\" content=\"fr_FR\" \/>\n<meta property=\"og:type\" content=\"article\" \/>\n<meta property=\"og:title\" content=\"Qu&#039;est-ce que le miel de Manuka IAA \u00ae ? CicaManuka Canada\" \/>\n<meta property=\"og:description\" content=\"L&#039;arbre Manuka a une p\u00e9riode de floraison exceptionnellement br\u00e8ve, qui ne dure que 4 \u00e0 6 semaines par an. Cela signifie que les abeilles disposent d&#039;un temps tr\u00e8s limit\u00e9 pour r\u00e9colter son incroyable nectar. C&#039;est pourquoi le miel de Manuka est un ingr\u00e9dient si rare et si pr\u00e9cieux.\" \/>\n<meta property=\"og:url\" content=\"https:\/\/cicamanuka.ca\/fr\/iaa-miel-de-manuka\/\" \/>\n<meta property=\"og:site_name\" content=\"Cica Manuka\" \/>\n<meta property=\"article:modified_time\" content=\"2025-06-19T12:58:54+00:00\" \/>\n<meta property=\"og:image\" content=\"https:\/\/cicamanuka.ca\/wp-content\/uploads\/2023\/03\/Cica-Manuka-Honey-New-Zealand-.jpeg\" \/>\n\t<meta property=\"og:image:width\" content=\"1400\" \/>\n\t<meta property=\"og:image:height\" content=\"300\" \/>\n\t<meta property=\"og:image:type\" content=\"image\/jpeg\" \/>\n<meta name=\"twitter:card\" content=\"summary_large_image\" \/>\n<meta name=\"twitter:label1\" content=\"Dur\u00e9e de lecture estim\u00e9e\" \/>\n\t<meta name=\"twitter:data1\" content=\"7 minutes\" \/>\n<script type=\"application\/ld+json\" class=\"yoast-schema-graph\">{\"@context\":\"https:\/\/schema.org\",\"@graph\":[{\"@type\":\"WebPage\",\"@id\":\"https:\/\/cicamanuka.ca\/fr\/iaa-miel-de-manuka\/\",\"url\":\"https:\/\/cicamanuka.ca\/fr\/iaa-miel-de-manuka\/\",\"name\":\"Qu'est-ce que le miel de Manuka IAA \u00ae ? CicaManuka Canada\",\"isPartOf\":{\"@id\":\"https:\/\/cicamanuka.ca\/fr\/#website\"},\"primaryImageOfPage\":{\"@id\":\"https:\/\/cicamanuka.ca\/fr\/iaa-miel-de-manuka\/#primaryimage\"},\"image\":{\"@id\":\"https:\/\/cicamanuka.ca\/fr\/iaa-miel-de-manuka\/#primaryimage\"},\"thumbnailUrl\":\"https:\/\/cicamanuka.ca\/wp-content\/uploads\/2023\/03\/Cica-Manuka-Honey-New-Zealand-.jpeg\",\"datePublished\":\"2023-03-25T20:54:45+00:00\",\"dateModified\":\"2025-06-19T12:58:54+00:00\",\"description\":\"L'arbre Manuka a une p\u00e9riode de floraison exceptionnellement br\u00e8ve, qui ne dure que 4 \u00e0 6 semaines par an. Cela signifie que les abeilles disposent d'un temps tr\u00e8s limit\u00e9 pour r\u00e9colter son incroyable nectar. C'est pourquoi le miel de Manuka est un ingr\u00e9dient si rare et si pr\u00e9cieux.\",\"breadcrumb\":{\"@id\":\"https:\/\/cicamanuka.ca\/fr\/iaa-miel-de-manuka\/#breadcrumb\"},\"inLanguage\":\"fr-FR\",\"potentialAction\":[{\"@type\":\"ReadAction\",\"target\":[\"https:\/\/cicamanuka.ca\/fr\/iaa-miel-de-manuka\/\"]}]},{\"@type\":\"ImageObject\",\"inLanguage\":\"fr-FR\",\"@id\":\"https:\/\/cicamanuka.ca\/fr\/iaa-miel-de-manuka\/#primaryimage\",\"url\":\"https:\/\/cicamanuka.ca\/wp-content\/uploads\/2023\/03\/Cica-Manuka-Honey-New-Zealand-.jpeg\",\"contentUrl\":\"https:\/\/cicamanuka.ca\/wp-content\/uploads\/2023\/03\/Cica-Manuka-Honey-New-Zealand-.jpeg\",\"width\":1400,\"height\":300},{\"@type\":\"BreadcrumbList\",\"@id\":\"https:\/\/cicamanuka.ca\/fr\/iaa-miel-de-manuka\/#breadcrumb\",\"itemListElement\":[{\"@type\":\"ListItem\",\"position\":1,\"name\":\"Home\",\"item\":\"https:\/\/cicamanuka.ca\/fr\/\"},{\"@type\":\"ListItem\",\"position\":2,\"name\":\"IAA \u00ae MIEL DE MANUKA\"}]},{\"@type\":\"WebSite\",\"@id\":\"https:\/\/cicamanuka.ca\/fr\/#website\",\"url\":\"https:\/\/cicamanuka.ca\/fr\/\",\"name\":\"Cica Manuka\",\"description\":\"\",\"publisher\":{\"@id\":\"https:\/\/cicamanuka.ca\/fr\/#organization\"},\"potentialAction\":[{\"@type\":\"SearchAction\",\"target\":{\"@type\":\"EntryPoint\",\"urlTemplate\":\"https:\/\/cicamanuka.ca\/fr\/?s={search_term_string}\"},\"query-input\":{\"@type\":\"PropertyValueSpecification\",\"valueRequired\":true,\"valueName\":\"search_term_string\"}}],\"inLanguage\":\"fr-FR\"},{\"@type\":\"Organization\",\"@id\":\"https:\/\/cicamanuka.ca\/fr\/#organization\",\"name\":\"Cica Manuka\",\"url\":\"https:\/\/cicamanuka.ca\/fr\/\",\"logo\":{\"@type\":\"ImageObject\",\"inLanguage\":\"fr-FR\",\"@id\":\"https:\/\/cicamanuka.ca\/fr\/#\/schema\/logo\/image\/\",\"url\":\"https:\/\/cicamanuka.ca\/wp-content\/uploads\/2023\/03\/logoCM.svg\",\"contentUrl\":\"https:\/\/cicamanuka.ca\/wp-content\/uploads\/2023\/03\/logoCM.svg\",\"width\":160,\"height\":85,\"caption\":\"Cica Manuka\"},\"image\":{\"@id\":\"https:\/\/cicamanuka.ca\/fr\/#\/schema\/logo\/image\/\"}}]}<\/script>\n<!-- \/ Yoast SEO plugin. -->","yoast_head_json":{"title":"Qu'est-ce que le miel de Manuka IAA \u00ae ? CicaManuka Canada","description":"L'arbre Manuka a une p\u00e9riode de floraison exceptionnellement br\u00e8ve, qui ne dure que 4 \u00e0 6 semaines par an. Cela signifie que les abeilles disposent d'un temps tr\u00e8s limit\u00e9 pour r\u00e9colter son incroyable nectar. C'est pourquoi le miel de Manuka est un ingr\u00e9dient si rare et si pr\u00e9cieux.","robots":{"index":"index","follow":"follow","max-snippet":"max-snippet:-1","max-image-preview":"max-image-preview:large","max-video-preview":"max-video-preview:-1"},"canonical":"https:\/\/cicamanuka.ca\/fr\/iaa-miel-de-manuka\/","og_locale":"fr_FR","og_type":"article","og_title":"Qu'est-ce que le miel de Manuka IAA \u00ae ? CicaManuka Canada","og_description":"L'arbre Manuka a une p\u00e9riode de floraison exceptionnellement br\u00e8ve, qui ne dure que 4 \u00e0 6 semaines par an. Cela signifie que les abeilles disposent d'un temps tr\u00e8s limit\u00e9 pour r\u00e9colter son incroyable nectar. C'est pourquoi le miel de Manuka est un ingr\u00e9dient si rare et si pr\u00e9cieux.","og_url":"https:\/\/cicamanuka.ca\/fr\/iaa-miel-de-manuka\/","og_site_name":"Cica Manuka","article_modified_time":"2025-06-19T12:58:54+00:00","og_image":[{"width":1400,"height":300,"url":"https:\/\/cicamanuka.ca\/wp-content\/uploads\/2023\/03\/Cica-Manuka-Honey-New-Zealand-.jpeg","type":"image\/jpeg"}],"twitter_card":"summary_large_image","twitter_misc":{"Dur\u00e9e de lecture estim\u00e9e":"7 minutes"},"schema":{"@context":"https:\/\/schema.org","@graph":[{"@type":"WebPage","@id":"https:\/\/cicamanuka.ca\/fr\/iaa-miel-de-manuka\/","url":"https:\/\/cicamanuka.ca\/fr\/iaa-miel-de-manuka\/","name":"Qu'est-ce que le miel de Manuka IAA \u00ae ? CicaManuka Canada","isPartOf":{"@id":"https:\/\/cicamanuka.ca\/fr\/#website"},"primaryImageOfPage":{"@id":"https:\/\/cicamanuka.ca\/fr\/iaa-miel-de-manuka\/#primaryimage"},"image":{"@id":"https:\/\/cicamanuka.ca\/fr\/iaa-miel-de-manuka\/#primaryimage"},"thumbnailUrl":"https:\/\/cicamanuka.ca\/wp-content\/uploads\/2023\/03\/Cica-Manuka-Honey-New-Zealand-.jpeg","datePublished":"2023-03-25T20:54:45+00:00","dateModified":"2025-06-19T12:58:54+00:00","description":"L'arbre Manuka a une p\u00e9riode de floraison exceptionnellement br\u00e8ve, qui ne dure que 4 \u00e0 6 semaines par an. Cela signifie que les abeilles disposent d'un temps tr\u00e8s limit\u00e9 pour r\u00e9colter son incroyable nectar. C'est pourquoi le miel de Manuka est un ingr\u00e9dient si rare et si pr\u00e9cieux.","breadcrumb":{"@id":"https:\/\/cicamanuka.ca\/fr\/iaa-miel-de-manuka\/#breadcrumb"},"inLanguage":"fr-FR","potentialAction":[{"@type":"ReadAction","target":["https:\/\/cicamanuka.ca\/fr\/iaa-miel-de-manuka\/"]}]},{"@type":"ImageObject","inLanguage":"fr-FR","@id":"https:\/\/cicamanuka.ca\/fr\/iaa-miel-de-manuka\/#primaryimage","url":"https:\/\/cicamanuka.ca\/wp-content\/uploads\/2023\/03\/Cica-Manuka-Honey-New-Zealand-.jpeg","contentUrl":"https:\/\/cicamanuka.ca\/wp-content\/uploads\/2023\/03\/Cica-Manuka-Honey-New-Zealand-.jpeg","width":1400,"height":300},{"@type":"BreadcrumbList","@id":"https:\/\/cicamanuka.ca\/fr\/iaa-miel-de-manuka\/#breadcrumb","itemListElement":[{"@type":"ListItem","position":1,"name":"Home","item":"https:\/\/cicamanuka.ca\/fr\/"},{"@type":"ListItem","position":2,"name":"IAA \u00ae MIEL DE MANUKA"}]},{"@type":"WebSite","@id":"https:\/\/cicamanuka.ca\/fr\/#website","url":"https:\/\/cicamanuka.ca\/fr\/","name":"Cica Manuka","description":"","publisher":{"@id":"https:\/\/cicamanuka.ca\/fr\/#organization"},"potentialAction":[{"@type":"SearchAction","target":{"@type":"EntryPoint","urlTemplate":"https:\/\/cicamanuka.ca\/fr\/?s={search_term_string}"},"query-input":{"@type":"PropertyValueSpecification","valueRequired":true,"valueName":"search_term_string"}}],"inLanguage":"fr-FR"},{"@type":"Organization","@id":"https:\/\/cicamanuka.ca\/fr\/#organization","name":"Cica Manuka","url":"https:\/\/cicamanuka.ca\/fr\/","logo":{"@type":"ImageObject","inLanguage":"fr-FR","@id":"https:\/\/cicamanuka.ca\/fr\/#\/schema\/logo\/image\/","url":"https:\/\/cicamanuka.ca\/wp-content\/uploads\/2023\/03\/logoCM.svg","contentUrl":"https:\/\/cicamanuka.ca\/wp-content\/uploads\/2023\/03\/logoCM.svg","width":160,"height":85,"caption":"Cica Manuka"},"image":{"@id":"https:\/\/cicamanuka.ca\/fr\/#\/schema\/logo\/image\/"}}]}},"_links":{"self":[{"href":"https:\/\/cicamanuka.ca\/fr\/wp-json\/wp\/v2\/pages\/762","targetHints":{"allow":["GET"]}}],"collection":[{"href":"https:\/\/cicamanuka.ca\/fr\/wp-json\/wp\/v2\/pages"}],"about":[{"href":"https:\/\/cicamanuka.ca\/fr\/wp-json\/wp\/v2\/types\/page"}],"author":[{"embeddable":true,"href":"https:\/\/cicamanuka.ca\/fr\/wp-json\/wp\/v2\/users\/1"}],"replies":[{"embeddable":true,"href":"https:\/\/cicamanuka.ca\/fr\/wp-json\/wp\/v2\/comments?post=762"}],"version-history":[{"count":5,"href":"https:\/\/cicamanuka.ca\/fr\/wp-json\/wp\/v2\/pages\/762\/revisions"}],"predecessor-version":[{"id":1506,"href":"https:\/\/cicamanuka.ca\/fr\/wp-json\/wp\/v2\/pages\/762\/revisions\/1506"}],"wp:featuredmedia":[{"embeddable":true,"href":"https:\/\/cicamanuka.ca\/fr\/wp-json\/wp\/v2\/media\/662"}],"wp:attachment":[{"href":"https:\/\/cicamanuka.ca\/fr\/wp-json\/wp\/v2\/media?parent=762"}],"curies":[{"name":"wp","href":"https:\/\/api.w.org\/{rel}","templated":true}]}}